{"id":11333,"date":"2021-02-20T13:17:36","date_gmt":"2021-02-20T13:17:36","guid":{"rendered":"https:\/\/soalheiro.com\/terroir\/"},"modified":"2021-07-05T08:41:41","modified_gmt":"2021-07-05T08:41:41","slug":"terroir","status":"publish","type":"page","link":"https:\/\/soalheiro.com\/pt-pt\/terroir\/","title":{"rendered":"Terroir"},"content":{"rendered":"<p>[vc_row full_width=&#8221;stretch_row&#8221; mobile_bg_img_hidden=&#8221;no&#8221; tablet_bg_img_hidden=&#8221;no&#8221; woodmart_parallax=&#8221;0&#8243; woodmart_gradient_switch=&#8221;no&#8221; row_reverse_mobile=&#8221;0&#8243; row_reverse_tablet=&#8221;0&#8243; woodmart_disable_overflow=&#8221;0&#8243; css=&#8221;.vc_custom_1619703094429{background-image: url(https:\/\/soalheiro.com\/wp-content\/uploads\/2021\/04\/Design-sem-nome-80.jpg?id=9618) !important;background-position: center !important;background-repeat: no-repeat !important;background-size: cover !important;}&#8221;][vc_column][vc_empty_space height=&#8221;250px&#8221; woodmart_hide_large=&#8221;0&#8243; woodmart_hide_medium=&#8221;0&#8243; woodmart_hide_small=&#8221;0&#8243; woodmart_hide_extra_small=&#8221;0&#8243;][vc_row_inner][vc_column_inner][vc_column_text text_larger=&#8221;no&#8221;]<\/p>\n<h1><span style=\"color: #ffffff;\"><span style=\"font-size: 44px;\">Terroir<\/span><\/span><\/h1>\n<p>[\/vc_column_text][\/vc_column_inner][\/vc_row_inner][vc_empty_space height=&#8221;200px&#8221; woodmart_hide_large=&#8221;0&#8243; woodmart_hide_medium=&#8221;0&#8243; woodmart_hide_small=&#8221;0&#8243; woodmart_hide_extra_small=&#8221;0&#8243;][\/vc_column][\/vc_row][vc_row][vc_column offset=&#8221;vc_col-lg-offset-2 vc_col-lg-8&#8243; mobile_bg_img_hidden=&#8221;no&#8221; tablet_bg_img_hidden=&#8221;no&#8221; woodmart_parallax=&#8221;0&#8243; woodmart_sticky_column=&#8221;false&#8221; parallax_scroll=&#8221;no&#8221; mobile_reset_margin=&#8221;no&#8221; tablet_reset_margin=&#8221;no&#8221;][vc_empty_space woodmart_hide_large=&#8221;0&#8243; woodmart_hide_medium=&#8221;0&#8243; woodmart_hide_small=&#8221;0&#8243; woodmart_hide_extra_small=&#8221;0&#8243;][vc_column_text text_larger=&#8221;no&#8221;]<\/p>\n<p style=\"text-align: center;\">A regi\u00e3o de <strong>Mon\u00e7\u00e3o<\/strong> e <strong>Melga\u00e7o<\/strong>, territ\u00f3rio mais a norte de Portugal espalhado pelas encostas da margem sul do rio Minho, \u00e9 <strong>uma das nove sub-regi\u00f5es do Vinho Verde DOC<\/strong> e tem um microclima muito distinto. Esta sub-regi\u00e3o do Vinho Verde \u00e9 onde a casta Alvarinho tem a sua origem e onde iniciou a sua evolu\u00e7\u00e3o.<\/p>\n<p style=\"text-align: center;\">Saiba <a href=\"https:\/\/soalheiro.com\/wp-content\/uploads\/2021\/06\/2019-07-19_origem_do_alvarinho_en-min.pdf\" target=\"_blank\" rel=\"noopener\">aqui<\/a> tudo sobre a origem do Alvarinho.<\/p>\n<p>[\/vc_column_text][vc_single_image image=&#8221;8622&#8243; img_size=&#8221;full&#8221; alignment=&#8221;center&#8221; parallax_scroll=&#8221;no&#8221;][vc_column_text text_larger=&#8221;no&#8221;]<\/p>\n<p style=\"text-align: center;\">Os fatores naturais e humanos, nomeadamente as pr\u00e1ticas vit\u00edcolas e enol\u00f3gicas, diferenciam o terroir dos nossos vinhos.<\/p>\n<p>[\/vc_column_text][\/vc_column][\/vc_row][vc_row mobile_bg_img_hidden=&#8221;no&#8221; tablet_bg_img_hidden=&#8221;no&#8221; woodmart_parallax=&#8221;0&#8243; woodmart_gradient_switch=&#8221;no&#8221; row_reverse_mobile=&#8221;0&#8243; row_reverse_tablet=&#8221;0&#8243; woodmart_disable_overflow=&#8221;0&#8243;][vc_column width=&#8221;1\/3&#8243;]\t\t\t<div class=\"info-box-wrapper\">\n\t\t\t\t<div id=\"wd-60e2c55570c7f\" class=\" wd-rs-60e2c55570c7f wd-info-box woodmart-info-box wd-wpb text-center box-icon-align-top box-style-shadow color-scheme- wd-bg-none box-title-default with-btn box-btn-static \"  >\n\t\t\t\t\t\t\t\t\t\t\t<div class=\"box-icon-wrapper  box-with-icon box-icon-simple\">\n\t\t\t\t\t\t\t<div class=\"info-box-icon\">\n\n\t\t\t\t\t\t\t\n\t\t\t\t\t\t\t\t\t\t\t\t\t\t\t\t\t<img fetchpriority=\"high\" decoding=\"async\" width=\"300\" height=\"200\" src=\"data:image\/jpg;base64,\/9j\/4AAQSkZJRgABAQEBLAEsAAD\/2wBDAAYEBAUEBAYFBQUGBgYHCQ4JCQgICRINDQoOFRIWFhUSFBQXGiEcFxgfGRQUHScdHyIjJSUlFhwpLCgkKyEkJST\/2wBDAQYGBgkICREJCREkGBQYJCQkJCQkJCQkJCQkJCQkJCQkJCQkJCQkJCQkJCQkJCQkJCQkJCQkJCQkJCQkJCQkJCT\/wAARCAAKAA8DASIAAhEBAxEB\/8QAFwAAAwEAAAAAAAAAAAAAAAAABAUGB\/\/EACIQAAIABQMFAAAAAAAAAAAAAAECAAMEBREHIWEGEjJBUf\/EABUBAQEAAAAAAAAAAAAAAAAAAAIE\/8QAHBEAAQMFAAAAAAAAAAAAAAAAAgABEQMEBRIh\/9oADAMBAAIRAxEAPwBbSax9R1crvt1La3UgF8S2TOPuDBY1XvtbLY3Gz0qgnyScVJPOSYyKwu60gKswJmAHB9bxTz2YWqaQTs4xvzEJZG5Ao2QaiD8hf\/\/Z\" class=\"info-icon image-1 attachment-medium wd-lazy-load woodmart-lazy-load wd-lazy-fade\" alt=\"\" title=\"natural-factors-blurb-image\" srcset=\"\" sizes=\"(max-width: 300px) 100vw, 300px\" data-wood-src=\"https:\/\/soalheiro.com\/wp-content\/uploads\/2021\/06\/natural-factors-blurb-image-300x200.jpg\" data-srcset=\"https:\/\/soalheiro.com\/wp-content\/uploads\/2021\/06\/natural-factors-blurb-image-300x200.jpg 300w, https:\/\/soalheiro.com\/wp-content\/uploads\/2021\/06\/natural-factors-blurb-image-150x100.jpg 150w, https:\/\/soalheiro.com\/wp-content\/uploads\/2021\/06\/natural-factors-blurb-image.jpg 500w\" \/>\t\t\t\t\t\t\t\t\t\t\t\t\t\t\t\n\t\t\t\t\t\t\t<\/div>\n\t\t\t\t\t\t<\/div>\n\t\t\t\t\t\t\t\t\t\t<div class=\"info-box-content\">\n\t\t\t\t\t\t<h2 class=\"info-box-title title wd-font-weight- box-title-style-default wd-fontsize-m\">Fatores<br \/>\nNaturais<\/h2>\t\t\t\t\t\t<div class=\"info-box-inner set-cont-mb-s reset-last-child\">\n\t\t\t\t\t\t\t\t\t\t\t\t\t<\/div>\n\n\t\t\t\t\t\t<div class=\"info-btn-wrapper\"><div id=\"wd-69dbea553c927\" class=\"  wd-button-wrapper woodmart-button-wrapper text-center\"><a href=\"https:\/\/soalheiro.com\/pt-pt\/fatores-naturais\/\" title=\"Natural Factors\" class=\"btn btn-color-primary btn-style-bordered btn-style-round btn-size-default\">Saber mais<\/a><\/div><\/div>\t\t\t\t\t<\/div>\n\n\t\t\t\t\t\t\t\t\t<\/div>\n\t\t\t<\/div>\n\t\t[\/vc_column][vc_column width=&#8221;1\/3&#8243;]\t\t\t<div class=\"info-box-wrapper\">\n\t\t\t\t<div id=\"wd-60e2c56bd3416\" class=\" wd-rs-60e2c56bd3416 wd-info-box woodmart-info-box wd-wpb text-center box-icon-align-top box-style-shadow color-scheme- wd-bg-none box-title-default with-btn box-btn-static \"  >\n\t\t\t\t\t\t\t\t\t\t\t<div class=\"box-icon-wrapper  box-with-icon box-icon-simple\">\n\t\t\t\t\t\t\t<div class=\"info-box-icon\">\n\n\t\t\t\t\t\t\t\n\t\t\t\t\t\t\t\t\t\t\t\t\t\t\t\t\t<img decoding=\"async\" width=\"300\" height=\"200\" src=\"data:image\/jpg;base64,\/9j\/4AAQSkZJRgABAQEBLAEsAAD\/2wBDAAYEBAUEBAYFBQUGBgYHCQ4JCQgICRINDQoOFRIWFhUSFBQXGiEcFxgfGRQUHScdHyIjJSUlFhwpLCgkKyEkJST\/2wBDAQYGBgkICREJCREkGBQYJCQkJCQkJCQkJCQkJCQkJCQkJCQkJCQkJCQkJCQkJCQkJCQkJCQkJCQkJCQkJCQkJCT\/wAARCAAKAA8DASIAAhEBAxEB\/8QAFgABAQEAAAAAAAAAAAAAAAAABQQG\/8QAIBAAAgICAgIDAAAAAAAAAAAAAQIDIQQRAAUSMRQiMv\/EABQBAQAAAAAAAAAAAAAAAAAAAAb\/xAAXEQEBAQEAAAAAAAAAAAAAAAABAAIR\/9oADAMBAAIRAxEAPwDP56fERC2NGeuLEpsn6PV0Tse6HL8KPEOLPK0EAUsH8rUNvVj3riHVojYszMqljLZIs2OEZ0jx5zojsqlVJCnQ\/I4WZBnanG\/\/2Q==\" class=\"info-icon image-1 attachment-medium wd-lazy-load woodmart-lazy-load wd-lazy-fade\" alt=\"\" title=\"our-vineyards-and-viticulture-blurb-image\" srcset=\"\" sizes=\"(max-width: 300px) 100vw, 300px\" data-wood-src=\"https:\/\/soalheiro.com\/wp-content\/uploads\/2021\/06\/our-vineyards-and-viticulture-blurb-image-300x200.jpg\" data-srcset=\"https:\/\/soalheiro.com\/wp-content\/uploads\/2021\/06\/our-vineyards-and-viticulture-blurb-image-300x200.jpg 300w, https:\/\/soalheiro.com\/wp-content\/uploads\/2021\/06\/our-vineyards-and-viticulture-blurb-image-150x100.jpg 150w, https:\/\/soalheiro.com\/wp-content\/uploads\/2021\/06\/our-vineyards-and-viticulture-blurb-image.jpg 500w\" \/>\t\t\t\t\t\t\t\t\t\t\t\t\t\t\t\n\t\t\t\t\t\t\t<\/div>\n\t\t\t\t\t\t<\/div>\n\t\t\t\t\t\t\t\t\t\t<div class=\"info-box-content\">\n\t\t\t\t\t\t<h2 class=\"info-box-title title wd-font-weight- box-title-style-default wd-fontsize-m\">Vinhas<br \/>\ne viticultura<\/h2>\t\t\t\t\t\t<div class=\"info-box-inner set-cont-mb-s reset-last-child\">\n\t\t\t\t\t\t\t\t\t\t\t\t\t<\/div>\n\n\t\t\t\t\t\t<div class=\"info-btn-wrapper\"><div id=\"wd-69dbea553d58b\" class=\"  wd-button-wrapper woodmart-button-wrapper text-center\"><a href=\"https:\/\/soalheiro.com\/pt-pt\/vinhas-e-viticultura\/\" title=\"Our vineyards and Viticulture\" class=\"btn btn-color-primary btn-style-bordered btn-style-round btn-size-default\">Saber mais<\/a><\/div><\/div>\t\t\t\t\t<\/div>\n\n\t\t\t\t\t\t\t\t\t<\/div>\n\t\t\t<\/div>\n\t\t[\/vc_column][vc_column width=&#8221;1\/3&#8243;]\t\t\t<div class=\"info-box-wrapper\">\n\t\t\t\t<div id=\"wd-60e2c57d5fcc7\" class=\" wd-rs-60e2c57d5fcc7 wd-info-box woodmart-info-box wd-wpb text-center box-icon-align-top box-style-shadow color-scheme- wd-bg-none box-title-default with-btn box-btn-static \"  >\n\t\t\t\t\t\t\t\t\t\t\t<div class=\"box-icon-wrapper  box-with-icon box-icon-simple\">\n\t\t\t\t\t\t\t<div class=\"info-box-icon\">\n\n\t\t\t\t\t\t\t\n\t\t\t\t\t\t\t\t\t\t\t\t\t\t\t\t\t<img decoding=\"async\" width=\"300\" height=\"200\" src=\"data:image\/jpg;base64,\/9j\/4AAQSkZJRgABAQEBLAEsAAD\/2wBDAAYEBAUEBAYFBQUGBgYHCQ4JCQgICRINDQoOFRIWFhUSFBQXGiEcFxgfGRQUHScdHyIjJSUlFhwpLCgkKyEkJST\/2wBDAQYGBgkICREJCREkGBQYJCQkJCQkJCQkJCQkJCQkJCQkJCQkJCQkJCQkJCQkJCQkJCQkJCQkJCQkJCQkJCQkJCT\/wAARCAAKAA8DASIAAhEBAxEB\/8QAFgABAQEAAAAAAAAAAAAAAAAABgMH\/8QAJBAAAgEDAwMFAAAAAAAAAAAAAQIEAAMRBQYhEhMxIiMkYXH\/xAAUAQEAAAAAAAAAAAAAAAAAAAAE\/8QAGREAAgMBAAAAAAAAAAAAAAAAAgMAARFB\/9oADAMBAAIRAxEAPwA9osGU9nT5ci1ctSoKFLHxmVCFHUvJ4OScZNV3pNDGTNkK1+dMup3WtxThVVeADjHnj7xWnbsAfQrPUAfZTz+0angDQEOBn0UNjiFmcjQRRDtT\/9k=\" class=\"info-icon image-1 attachment-medium wd-lazy-load woodmart-lazy-load wd-lazy-fade\" alt=\"\" title=\"winemaking-philosophy-blurb-image\" srcset=\"\" sizes=\"(max-width: 300px) 100vw, 300px\" data-wood-src=\"https:\/\/soalheiro.com\/wp-content\/uploads\/2021\/06\/winemaking-philosophy-blurb-image-300x200.jpg\" data-srcset=\"https:\/\/soalheiro.com\/wp-content\/uploads\/2021\/06\/winemaking-philosophy-blurb-image-300x200.jpg 300w, https:\/\/soalheiro.com\/wp-content\/uploads\/2021\/06\/winemaking-philosophy-blurb-image-150x100.jpg 150w, https:\/\/soalheiro.com\/wp-content\/uploads\/2021\/06\/winemaking-philosophy-blurb-image.jpg 500w\" \/>\t\t\t\t\t\t\t\t\t\t\t\t\t\t\t\n\t\t\t\t\t\t\t<\/div>\n\t\t\t\t\t\t<\/div>\n\t\t\t\t\t\t\t\t\t\t<div class=\"info-box-content\">\n\t\t\t\t\t\t<h2 class=\"info-box-title title wd-font-weight- box-title-style-default wd-fontsize-m\">Estrat\u00e9gia<br \/>\nEnol\u00f3gica<\/h2>\t\t\t\t\t\t<div class=\"info-box-inner set-cont-mb-s reset-last-child\">\n\t\t\t\t\t\t\t\t\t\t\t\t\t<\/div>\n\n\t\t\t\t\t\t<div class=\"info-btn-wrapper\"><div id=\"wd-69dbea553df2f\" class=\"  wd-button-wrapper woodmart-button-wrapper text-center\"><a href=\"https:\/\/soalheiro.com\/pt-pt\/estrategia-enologica\" title=\"Winemaking Philosophy\" class=\"btn btn-color-primary btn-style-bordered btn-style-round btn-size-default\">Saber mais<\/a><\/div><\/div>\t\t\t\t\t<\/div>\n\n\t\t\t\t\t\t\t\t\t<\/div>\n\t\t\t<\/div>\n\t\t[\/vc_column][\/vc_row]<\/p>\n","protected":false},"excerpt":{"rendered":"<p>[vc_row full_width=&#8221;stretch_row&#8221; mobile_bg_img_hidden=&#8221;no&#8221; tablet_bg_img_hidden=&#8221;no&#8221; woodmart_parallax=&#8221;0&#8243; woodmart_gradient_switch=&#8221;no&#8221; row_reverse_mobile=&#8221;0&#8243; row_reverse_tablet=&#8221;0&#8243; woodmart_disable_overflow=&#8221;0&#8243; css=&#8221;.vc_custom_1619703094429{background-image: url(https:\/\/soalheiro.com\/wp-content\/uploads\/2021\/04\/Design-sem-nome-80.jpg?id=9618) !important;background-position: center !important;background-repeat: no-repeat !important;background-size: cover !important;}&#8221;][vc_column][vc_empty_space height=&#8221;250px&#8221; woodmart_hide_large=&#8221;0&#8243;<\/p>\n","protected":false},"author":985,"featured_media":0,"parent":0,"menu_order":0,"comment_status":"closed","ping_status":"closed","template":"","meta":{"footnotes":""},"class_list":["post-11333","page","type-page","status-publish","hentry"],"yoast_head":"<!-- This site is optimized with the Yoast SEO plugin v27.3 - https:\/\/yoast.com\/product\/yoast-seo-wordpress\/ -->\n<title>Terroir - Soalheiro<\/title>\n<meta name=\"robots\" content=\"index, follow, max-snippet:-1, max-image-preview:large, max-video-preview:-1\" \/>\n<link rel=\"canonical\" href=\"https:\/\/soalheiro.com\/pt-pt\/terroir\/\" \/>\n<meta property=\"og:locale\" content=\"pt_PT\" \/>\n<meta property=\"og:type\" content=\"article\" \/>\n<meta property=\"og:title\" content=\"Terroir - Soalheiro\" \/>\n<meta property=\"og:description\" content=\"[vc_row full_width=&#8221;stretch_row&#8221; mobile_bg_img_hidden=&#8221;no&#8221; tablet_bg_img_hidden=&#8221;no&#8221; woodmart_parallax=&#8221;0&#8243; woodmart_gradient_switch=&#8221;no&#8221; row_reverse_mobile=&#8221;0&#8243; row_reverse_tablet=&#8221;0&#8243; woodmart_disable_overflow=&#8221;0&#8243; css=&#8221;.vc_custom_1619703094429{background-image: url(https:\/\/soalheiro.com\/wp-content\/uploads\/2021\/04\/Design-sem-nome-80.jpg?id=9618) !important;background-position: center !important;background-repeat: no-repeat !important;background-size: cover !important;}&#8221;][vc_column][vc_empty_space height=&#8221;250px&#8221; woodmart_hide_large=&#8221;0&#8243;\" \/>\n<meta property=\"og:url\" content=\"https:\/\/soalheiro.com\/pt-pt\/terroir\/\" \/>\n<meta property=\"og:site_name\" content=\"Soalheiro\" \/>\n<meta property=\"article:modified_time\" content=\"2021-07-05T08:41:41+00:00\" \/>\n<meta name=\"twitter:card\" content=\"summary_large_image\" \/>\n<meta name=\"twitter:label1\" content=\"Tempo estimado de leitura\" \/>\n\t<meta name=\"twitter:data1\" content=\"3 minutos\" \/>\n<script type=\"application\/ld+json\" class=\"yoast-schema-graph\">{\"@context\":\"https:\\\/\\\/schema.org\",\"@graph\":[{\"@type\":\"WebPage\",\"@id\":\"https:\\\/\\\/soalheiro.com\\\/pt-pt\\\/terroir\\\/\",\"url\":\"https:\\\/\\\/soalheiro.com\\\/pt-pt\\\/terroir\\\/\",\"name\":\"Terroir - Soalheiro\",\"isPartOf\":{\"@id\":\"https:\\\/\\\/soalheiro.com\\\/#website\"},\"datePublished\":\"2021-02-20T13:17:36+00:00\",\"dateModified\":\"2021-07-05T08:41:41+00:00\",\"breadcrumb\":{\"@id\":\"https:\\\/\\\/soalheiro.com\\\/pt-pt\\\/terroir\\\/#breadcrumb\"},\"inLanguage\":\"pt-PT\",\"potentialAction\":[{\"@type\":\"ReadAction\",\"target\":[\"https:\\\/\\\/soalheiro.com\\\/pt-pt\\\/terroir\\\/\"]}]},{\"@type\":\"BreadcrumbList\",\"@id\":\"https:\\\/\\\/soalheiro.com\\\/pt-pt\\\/terroir\\\/#breadcrumb\",\"itemListElement\":[{\"@type\":\"ListItem\",\"position\":1,\"name\":\"Home\",\"item\":\"https:\\\/\\\/soalheiro.com\\\/pt-pt\\\/\"},{\"@type\":\"ListItem\",\"position\":2,\"name\":\"Terroir\"}]},{\"@type\":\"WebSite\",\"@id\":\"https:\\\/\\\/soalheiro.com\\\/#website\",\"url\":\"https:\\\/\\\/soalheiro.com\\\/\",\"name\":\"Soalheiro\",\"description\":\"Quinta de Soalheiro, located in Melga\u00e7o (the most northern point of Portugal), is protected by a range of mountains that create conditions of rainfall, temperature and sunshine hours necessary for the best ripening of the Alvarinho grapes.\",\"potentialAction\":[{\"@type\":\"SearchAction\",\"target\":{\"@type\":\"EntryPoint\",\"urlTemplate\":\"https:\\\/\\\/soalheiro.com\\\/?s={search_term_string}\"},\"query-input\":{\"@type\":\"PropertyValueSpecification\",\"valueRequired\":true,\"valueName\":\"search_term_string\"}}],\"inLanguage\":\"pt-PT\"}]}<\/script>\n<!-- \/ Yoast SEO plugin. -->","yoast_head_json":{"title":"Terroir - Soalheiro","robots":{"index":"index","follow":"follow","max-snippet":"max-snippet:-1","max-image-preview":"max-image-preview:large","max-video-preview":"max-video-preview:-1"},"canonical":"https:\/\/soalheiro.com\/pt-pt\/terroir\/","og_locale":"pt_PT","og_type":"article","og_title":"Terroir - Soalheiro","og_description":"[vc_row full_width=&#8221;stretch_row&#8221; mobile_bg_img_hidden=&#8221;no&#8221; tablet_bg_img_hidden=&#8221;no&#8221; woodmart_parallax=&#8221;0&#8243; woodmart_gradient_switch=&#8221;no&#8221; row_reverse_mobile=&#8221;0&#8243; row_reverse_tablet=&#8221;0&#8243; woodmart_disable_overflow=&#8221;0&#8243; css=&#8221;.vc_custom_1619703094429{background-image: url(https:\/\/soalheiro.com\/wp-content\/uploads\/2021\/04\/Design-sem-nome-80.jpg?id=9618) !important;background-position: center !important;background-repeat: no-repeat !important;background-size: cover !important;}&#8221;][vc_column][vc_empty_space height=&#8221;250px&#8221; woodmart_hide_large=&#8221;0&#8243;","og_url":"https:\/\/soalheiro.com\/pt-pt\/terroir\/","og_site_name":"Soalheiro","article_modified_time":"2021-07-05T08:41:41+00:00","twitter_card":"summary_large_image","twitter_misc":{"Tempo estimado de leitura":"3 minutos"},"schema":{"@context":"https:\/\/schema.org","@graph":[{"@type":"WebPage","@id":"https:\/\/soalheiro.com\/pt-pt\/terroir\/","url":"https:\/\/soalheiro.com\/pt-pt\/terroir\/","name":"Terroir - Soalheiro","isPartOf":{"@id":"https:\/\/soalheiro.com\/#website"},"datePublished":"2021-02-20T13:17:36+00:00","dateModified":"2021-07-05T08:41:41+00:00","breadcrumb":{"@id":"https:\/\/soalheiro.com\/pt-pt\/terroir\/#breadcrumb"},"inLanguage":"pt-PT","potentialAction":[{"@type":"ReadAction","target":["https:\/\/soalheiro.com\/pt-pt\/terroir\/"]}]},{"@type":"BreadcrumbList","@id":"https:\/\/soalheiro.com\/pt-pt\/terroir\/#breadcrumb","itemListElement":[{"@type":"ListItem","position":1,"name":"Home","item":"https:\/\/soalheiro.com\/pt-pt\/"},{"@type":"ListItem","position":2,"name":"Terroir"}]},{"@type":"WebSite","@id":"https:\/\/soalheiro.com\/#website","url":"https:\/\/soalheiro.com\/","name":"Soalheiro","description":"Quinta de Soalheiro, located in Melga\u00e7o (the most northern point of Portugal), is protected by a range of mountains that create conditions of rainfall, temperature and sunshine hours necessary for the best ripening of the Alvarinho grapes.","potentialAction":[{"@type":"SearchAction","target":{"@type":"EntryPoint","urlTemplate":"https:\/\/soalheiro.com\/?s={search_term_string}"},"query-input":{"@type":"PropertyValueSpecification","valueRequired":true,"valueName":"search_term_string"}}],"inLanguage":"pt-PT"}]}},"_links":{"self":[{"href":"https:\/\/soalheiro.com\/pt-pt\/wp-json\/wp\/v2\/pages\/11333","targetHints":{"allow":["GET"]}}],"collection":[{"href":"https:\/\/soalheiro.com\/pt-pt\/wp-json\/wp\/v2\/pages"}],"about":[{"href":"https:\/\/soalheiro.com\/pt-pt\/wp-json\/wp\/v2\/types\/page"}],"author":[{"embeddable":true,"href":"https:\/\/soalheiro.com\/pt-pt\/wp-json\/wp\/v2\/users\/985"}],"replies":[{"embeddable":true,"href":"https:\/\/soalheiro.com\/pt-pt\/wp-json\/wp\/v2\/comments?post=11333"}],"version-history":[{"count":0,"href":"https:\/\/soalheiro.com\/pt-pt\/wp-json\/wp\/v2\/pages\/11333\/revisions"}],"wp:attachment":[{"href":"https:\/\/soalheiro.com\/pt-pt\/wp-json\/wp\/v2\/media?parent=11333"}],"curies":[{"name":"wp","href":"https:\/\/api.w.org\/{rel}","templated":true}]}}