{"id":11388,"date":"2021-03-23T11:01:35","date_gmt":"2021-03-23T11:01:35","guid":{"rendered":"https:\/\/soalheiro.com\/our-vineyards-and-viticulture\/"},"modified":"2021-06-30T10:20:23","modified_gmt":"2021-06-30T10:20:23","slug":"vinhas-e-viticultura","status":"publish","type":"page","link":"https:\/\/soalheiro.com\/pt-pt\/vinhas-e-viticultura\/","title":{"rendered":"Vinhas e viticultura"},"content":{"rendered":"<p>[vc_row full_width=&#8221;stretch_row&#8221; mobile_bg_img_hidden=&#8221;no&#8221; tablet_bg_img_hidden=&#8221;no&#8221; woodmart_parallax=&#8221;0&#8243; woodmart_gradient_switch=&#8221;no&#8221; row_reverse_mobile=&#8221;0&#8243; row_reverse_tablet=&#8221;0&#8243; woodmart_disable_overflow=&#8221;0&#8243; css=&#8221;.vc_custom_1624030104424{background-image: url(https:\/\/soalheiro.com\/wp-content\/uploads\/2021\/06\/our-vineyards-and-viticulture-header.jpg?id=10820) !important;background-position: center !important;background-repeat: no-repeat !important;background-size: cover !important;}&#8221;][vc_column][vc_empty_space height=&#8221;250px&#8221; woodmart_hide_large=&#8221;0&#8243; woodmart_hide_medium=&#8221;0&#8243; woodmart_hide_small=&#8221;0&#8243; woodmart_hide_extra_small=&#8221;0&#8243;][vc_row_inner][vc_column_inner][vc_column_text text_larger=&#8221;no&#8221;]<\/p>\n<h1><span style=\"color: #ffffff;\"><span style=\"font-size: 44px;\">Vinhas e viticultura<\/span><\/span><\/h1>\n<p>[\/vc_column_text][\/vc_column_inner][\/vc_row_inner][vc_empty_space height=&#8221;200px&#8221; woodmart_hide_large=&#8221;0&#8243; woodmart_hide_medium=&#8221;0&#8243; woodmart_hide_small=&#8221;0&#8243; woodmart_hide_extra_small=&#8221;0&#8243;][\/vc_column][\/vc_row][vc_row][vc_column width=&#8221;2\/3&#8243; offset=&#8221;vc_col-lg-offset-2&#8243; mobile_bg_img_hidden=&#8221;no&#8221; tablet_bg_img_hidden=&#8221;no&#8221; woodmart_parallax=&#8221;0&#8243; woodmart_sticky_column=&#8221;false&#8221; parallax_scroll=&#8221;no&#8221; mobile_reset_margin=&#8221;no&#8221; tablet_reset_margin=&#8221;no&#8221;][vc_empty_space woodmart_hide_large=&#8221;0&#8243; woodmart_hide_medium=&#8221;0&#8243; woodmart_hide_small=&#8221;0&#8243; woodmart_hide_extra_small=&#8221;0&#8243;][vc_column_text text_larger=&#8221;no&#8221;]Historicamente, a regi\u00e3o do Vinho Verde sempre foi densamente povoada devido \u00e0 fertilidade das terras. As partilhas e heran\u00e7as reduziram a \u00e1rea de terreno por fam\u00edlia. Esta caracter\u00edstica distintiva mant\u00e9m-se no nosso Territ\u00f3rio, Mon\u00e7\u00e3o e Melga\u00e7o, onde as parcelas de vinha s\u00e3o muito pequenas e tratadas como jardins pelas fam\u00edlias que, al\u00e9m da viticultura, t\u00eam outras ocupa\u00e7\u00f5es profissionais e cuidam da vinha no final da jornada de trabalho e aos fins-de-semana. A nossa hist\u00f3ria \u00e9 a hist\u00f3ria de uma dessas fam\u00edlias que criou parcerias para toda a vida com outras fam\u00edlias da regi\u00e3o &#8211; a hist\u00f3ria de uma vinha que agora \u00e9 um Territ\u00f3rio. [\/vc_column_text][vc_empty_space woodmart_hide_large=&#8221;0&#8243; woodmart_hide_medium=&#8221;0&#8243; woodmart_hide_small=&#8221;0&#8243; woodmart_hide_extra_small=&#8221;0&#8243;][\/vc_column][\/vc_row][vc_row][vc_column mobile_bg_img_hidden=&#8221;no&#8221; tablet_bg_img_hidden=&#8221;no&#8221; woodmart_parallax=&#8221;0&#8243; woodmart_sticky_column=&#8221;false&#8221; parallax_scroll=&#8221;no&#8221; mobile_reset_margin=&#8221;no&#8221; tablet_reset_margin=&#8221;no&#8221;][vc_empty_space woodmart_hide_large=&#8221;0&#8243; woodmart_hide_medium=&#8221;0&#8243; woodmart_hide_small=&#8221;0&#8243; woodmart_hide_extra_small=&#8221;0&#8243;]\n\t\t<div id=\"wd-60dc452b96c0f\" class=\"title-wrapper wd-wpb set-mb-s reset-last-child  wd-rs-60dc452b96c0f wd-title-color-primary wd-title-style-underlined text-center  wd-underline-colored\">\n\t\t\t\n\t\t\t<div class=\"liner-continer\">\n\t\t\t\t<h4 class=\"woodmart-title-container title  wd-font-weight- wd-fontsize-xxl\" >Clube de Produtores <\/h4>\n\t\t\t\t\t\t\t<\/div>\n\t\t\t\n\t\t\t\n\t\t\t\n\t\t<\/div>\n\t\t\n\t\t[vc_row_inner][vc_column_inner width=&#8221;1\/2&#8243;][vc_column_text text_larger=&#8221;no&#8221;]A nossa liga\u00e7\u00e3o com a comunidade levou-nos a criar o Clube dos Produtores, unindo todos os nossos viticultores e motivando o foco na qualidade. Todas essas m\u00e3os conferem aos nossos vinhos um atributo especial e inimit\u00e1vel de diversidade.<\/p>\n<p>O Soalheiro \u00e9 a primeira marca de Alvarinho em Melga\u00e7o. Como o nosso trabalho se concentra nesta \u00fanica variedade, precisamos de diferentes dimens\u00f5es de uva para criar diferentes dimens\u00f5es de vinhos. \u00c9 por isso que o Clube dos Produtores \u00e9 t\u00e3o importante para n\u00f3s, pois \u00e9 a melhor forma de fomentar pr\u00e1ticas vit\u00edcolas diversas com o mesmo foco: as melhores uvas, o melhor Alvarinho. Como resultado, os nossos vinhos prov\u00eam de clones variados da casta Alvarinho que melhoram a diversidade de aromas e sabores. O nosso segredo \u00e9 a uni\u00e3o de diversas formas de produ\u00e7\u00e3o da uva Alvarinho, em diferentes solos e micro terroirs por diferentes pessoas que, por sua vez, ampliam o nosso conhecimento e o potencial desta casta.<\/p>\n<p>Acima de tudo, o conceito do Clube dos Produtores \u00e9 baseado na sustentabilidade social e econ\u00f3mica da regi\u00e3o. Com esta estrat\u00e9gia, o objetivo \u00e9 garantir que as fam\u00edlias da regi\u00e3o transmitam a cultura, as tradi\u00e7\u00f5es \u00e0s gera\u00e7\u00f5es seguintes, mantendo um forte v\u00ednculo com as suas terras. O Clube de Produtores tamb\u00e9m nos permite acompanhar pr\u00e1ticas de viticultura sustent\u00e1vel de todas as fam\u00edlias que s\u00e3o nossas parceiras, sendo esta coopera\u00e7\u00e3o fundamental atingir os nossos requisitos de qualidade. [\/vc_column_text][\/vc_column_inner][vc_column_inner width=&#8221;1\/2&#8243;][vc_single_image image=&#8221;10876&#8243; img_size=&#8221;full&#8221; parallax_scroll=&#8221;no&#8221;][\/vc_column_inner][\/vc_row_inner][\/vc_column][\/vc_row][vc_row][vc_column mobile_bg_img_hidden=&#8221;no&#8221; tablet_bg_img_hidden=&#8221;no&#8221; woodmart_parallax=&#8221;0&#8243; woodmart_sticky_column=&#8221;false&#8221; parallax_scroll=&#8221;no&#8221; mobile_reset_margin=&#8221;no&#8221; tablet_reset_margin=&#8221;no&#8221;][vc_empty_space woodmart_hide_large=&#8221;0&#8243; woodmart_hide_medium=&#8221;0&#8243; woodmart_hide_small=&#8221;0&#8243; woodmart_hide_extra_small=&#8221;0&#8243;]\n\t\t<div id=\"wd-60dc45165a7d7\" class=\"title-wrapper wd-wpb set-mb-s reset-last-child  wd-rs-60dc45165a7d7 wd-title-color-primary wd-title-style-underlined text-center  wd-underline-colored\">\n\t\t\t\n\t\t\t<div class=\"liner-continer\">\n\t\t\t\t<h4 class=\"woodmart-title-container title  wd-font-weight- wd-fontsize-xxl\" >Vinhas Biol\u00f3gicas <\/h4>\n\t\t\t\t\t\t\t<\/div>\n\t\t\t\n\t\t\t\n\t\t\t\n\t\t<\/div>\n\t\t\n\t\t[vc_row_inner][vc_column_inner width=&#8221;1\/2&#8243;][vc_single_image image=&#8221;10875&#8243; img_size=&#8221;full&#8221; parallax_scroll=&#8221;no&#8221;][\/vc_column_inner][vc_column_inner width=&#8221;1\/2&#8243;][vc_column_text text_larger=&#8221;no&#8221;]Desde 2006 que as nossas vinhas s\u00e3o certificadas em agricultura biol\u00f3gica, iniciativa pioneira na nossa regi\u00e3o. As uvas destas vinhas s\u00e3o utilizadas para produzir o Soalheiro Terramatter e o Soalheiro Nature. At\u00e9 hoje, as nossas pr\u00e1ticas vitivin\u00edcolas promovem a sustentabilidade ambiental e apoiam a biodiversidade nos ecossistemas vit\u00edcolas, n\u00e3o s\u00f3 nas nossas vinhas, mas tamb\u00e9m espalhando o mesmo esp\u00edrito no nosso Clube de Produtores. Em 2021 daremos mais um grande passo, partindo do conhecimento e experi\u00eancia acumulados ao longo destes anos em agricultura biol\u00f3gica para fazer a transi\u00e7\u00e3o para a agricultura biodin\u00e2mica. [\/vc_column_text][\/vc_column_inner][\/vc_row_inner][\/vc_column][\/vc_row][vc_row][vc_column mobile_bg_img_hidden=&#8221;no&#8221; tablet_bg_img_hidden=&#8221;no&#8221; woodmart_parallax=&#8221;0&#8243; woodmart_sticky_column=&#8221;false&#8221; parallax_scroll=&#8221;no&#8221; mobile_reset_margin=&#8221;no&#8221; tablet_reset_margin=&#8221;no&#8221;][vc_empty_space woodmart_hide_large=&#8221;0&#8243; woodmart_hide_medium=&#8221;0&#8243; woodmart_hide_small=&#8221;0&#8243; woodmart_hide_extra_small=&#8221;0&#8243;]\n\t\t<div id=\"wd-60dc44f9595ea\" class=\"title-wrapper wd-wpb set-mb-s reset-last-child  wd-rs-60dc44f9595ea wd-title-color-primary wd-title-style-underlined text-center  wd-underline-colored\">\n\t\t\t\n\t\t\t<div class=\"liner-continer\">\n\t\t\t\t<h4 class=\"woodmart-title-container title  wd-font-weight- wd-fontsize-xxl\" >Sistemas de condu\u00e7\u00e3o<\/h4>\n\t\t\t\t\t\t\t<\/div>\n\t\t\t\n\t\t\t\n\t\t\t\n\t\t<\/div>\n\t\t\n\t\t[vc_column_text text_larger=&#8221;no&#8221;]Em Mon\u00e7\u00e3o e Melga\u00e7o temos tr\u00eas sistemas principais de condu\u00e7\u00e3o das nossas vinhas. O sistema de condu\u00e7\u00e3o descendente tem a vegeta\u00e7\u00e3o da videira voltada para baixo, o que proporciona abrigo aos cachos, permitindo apenas a exposi\u00e7\u00e3o solar parcial. O sistema de condu\u00e7\u00e3o ascendente, por outro lado, apresenta uma parede ascendente de vegeta\u00e7\u00e3o, proporcionando aos cachos uma total exposi\u00e7\u00e3o solar. O sistema de condu\u00e7\u00e3o em \u201cRamada\u201d (o mais raro) tem as folhas e a vegeta\u00e7\u00e3o dispostas horizontalmente, deixando os cachos sem exposi\u00e7\u00e3o solar. [\/vc_column_text][vc_empty_space woodmart_hide_large=&#8221;0&#8243; woodmart_hide_medium=&#8221;0&#8243; woodmart_hide_small=&#8221;0&#8243; woodmart_hide_extra_small=&#8221;0&#8243;][\/vc_column][\/vc_row][vc_row][vc_column width=&#8221;1\/3&#8243;]\t\t\t<div class=\"info-box-wrapper\">\n\t\t\t\t<div id=\"wd-60dc44e31a2d9\" class=\" wd-rs-60dc44e31a2d9 wd-info-box woodmart-info-box wd-wpb text-center box-icon-align-top box-style-shadow color-scheme- wd-bg-none box-title-default \"  >\n\t\t\t\t\t\t\t\t\t\t\t<div class=\"box-icon-wrapper  box-with-icon box-icon-simple\">\n\t\t\t\t\t\t\t<div class=\"info-box-icon\">\n\n\t\t\t\t\t\t\t\n\t\t\t\t\t\t\t\t\t\t\t\t\t\t\t\t\t<img decoding=\"async\" class=\"wd-lazy-load woodmart-lazy-load wd-lazy-fade info-icon image-1 \" src=\"data:image\/jpg;base64,\/9j\/4AAQSkZJRgABAQEBLAEsAAD\/2wBDAAYEBAUEBAYFBQUGBgYHCQ4JCQgICRINDQoOFRIWFhUSFBQXGiEcFxgfGRQUHScdHyIjJSUlFhwpLCgkKyEkJST\/wAALCAAKAA4BAREA\/8QAFgABAQEAAAAAAAAAAAAAAAAABAMI\/8QAHxAAAgICAgMBAAAAAAAAAAAAAQMCEQAEEhMFMVEi\/9oACAEBAAA\/ANE6vkWpe\/QV160FQk4SZE2eU5VEA1jNCbWtU3ue20nsMhURL81QqvuXQhUtxjCqBnQHIxF+\/uMl6z\/\/2Q==\" data-wood-src=\"https:\/\/soalheiro.com\/wp-content\/uploads\/2021\/03\/sistemas_de_conducao_1.jpg\" width=\"200\" height=\"64\" alt=\"sistemas_de_conducao_1\" title=\"sistemas_de_conducao_1\" \/>\t\t\t\t\t\t\t\t\t\t\t\t\t\t\t\n\t\t\t\t\t\t\t<\/div>\n\t\t\t\t\t\t<\/div>\n\t\t\t\t\t\t\t\t\t\t<div class=\"info-box-content\">\n\t\t\t\t\t\t<h4 class=\"info-box-title title wd-font-weight- box-title-style-default wd-fontsize-m\">Sistema Descendente <\/h4>\t\t\t\t\t\t<div class=\"info-box-inner set-cont-mb-s reset-last-child\">\n\t\t\t\t\t\t\t<p>80% das vinhas encontram-se no sistema descendente &#8211; um sistema introduzido na Regi\u00e3o do Alvarinho e amplamente adotado. 50% da casta Loureiro, para misturar com a Alvarinho (Soalheiro ALLO), prov\u00e9m deste sistema e de regi\u00f5es de Vinhos Verdes com influ\u00eancia atl\u00e2ntica, como o vale do Lima. A casta Loureiro apresenta sobretudo aromas de \u201clichia\u201d e este terroir atl\u00e2ntico \u00e9 perfeito. Misturamos as uvas deste sistema com as do sistema ascendente para conseguir um melhor equil\u00edbrio de paladar com baixo teor alco\u00f3lico ao estilo do Soalheiro, mais intenso em aromas frutados e com a mineralidade que pretendemos. Uma vez que este sistema permite apenas uma exposi\u00e7\u00e3o parcial das uvas ao sol, a degrada\u00e7\u00e3o do perfil arom\u00e1tico das uvas \u00e9 reduzida e conseguimos alcan\u00e7ar um equil\u00edbrio perfeito entre acidez, aroma e um teor alco\u00f3lico moderado. <\/p>\n\t\t\t\t\t\t<\/div>\n\n\t\t\t\t\t\t\t\t\t\t\t<\/div>\n\n\t\t\t\t\t<style><\/style>\t\t\t\t<\/div>\n\t\t\t<\/div>\n\t\t[\/vc_column][vc_column width=&#8221;1\/3&#8243;]\t\t\t<div class=\"info-box-wrapper\">\n\t\t\t\t<div id=\"wd-60dc44cd9da45\" class=\" wd-rs-60dc44cd9da45 wd-info-box woodmart-info-box wd-wpb text-center box-icon-align-top box-style-shadow color-scheme- wd-bg-none box-title-default \"  >\n\t\t\t\t\t\t\t\t\t\t\t<div class=\"box-icon-wrapper  box-with-icon box-icon-simple\">\n\t\t\t\t\t\t\t<div class=\"info-box-icon\">\n\n\t\t\t\t\t\t\t\n\t\t\t\t\t\t\t\t\t\t\t\t\t\t\t\t\t<img decoding=\"async\" class=\"wd-lazy-load woodmart-lazy-load wd-lazy-fade info-icon image-1 \" src=\"data:image\/jpg;base64,\/9j\/4AAQSkZJRgABAQEBLAEsAAD\/2wBDAAYEBAUEBAYFBQUGBgYHCQ4JCQgICRINDQoOFRIWFhUSFBQXGiEcFxgfGRQUHScdHyIjJSUlFhwpLCgkKyEkJST\/wAALCAAKAA4BAREA\/8QAFgABAQEAAAAAAAAAAAAAAAAABAII\/8QAIxAAAgIBAwMFAAAAAAAAAAAAAQIDEQQABTESEyIhQlFxsf\/aAAgBAQAAPwDRcO7vhZbQTRtK+S9oVBXhB6Ufo81qNx3bcJcfqw17bCQqVHk1CwbFEVY+dN3OGKTOxS8aMR1cqD7Tp+IoGNFQA8B+a\/\/Z\" data-wood-src=\"https:\/\/soalheiro.com\/wp-content\/uploads\/2021\/03\/sistemas_de_conducao_2.jpg\" width=\"200\" height=\"67\" alt=\"sistemas_de_conducao_2\" title=\"sistemas_de_conducao_2\" \/>\t\t\t\t\t\t\t\t\t\t\t\t\t\t\t\n\t\t\t\t\t\t\t<\/div>\n\t\t\t\t\t\t<\/div>\n\t\t\t\t\t\t\t\t\t\t<div class=\"info-box-content\">\n\t\t\t\t\t\t<h4 class=\"info-box-title title wd-font-weight- box-title-style-default wd-fontsize-m\">Sistema Ascendente<\/h4>\t\t\t\t\t\t<div class=\"info-box-inner set-cont-mb-s reset-last-child\">\n\t\t\t\t\t\t\t<p>19% das vinhas encontram-se no sistema ascendente, o sistema mais usado em todo o mundo e que pode apresentar diferentes configura\u00e7\u00f5es (royat, sylvoz, guyot, bilateral, etc) em que as uvas s\u00e3o bastante expostas ao sol e em que a redu\u00e7\u00e3o da acidez e do aroma \u00e9 mais importante. Estas uvas s\u00e3o usadas na mistura e na produ\u00e7\u00e3o de vinhos em que a intensidade arom\u00e1tica \u00e9 menos importante, como no Soalheiro Reserva. A casta Vinh\u00e3o usada no Soalheiro Oppaco e a Touriga Nacional usada no Bruto Ros\u00e9 prov\u00eam das nossas vinhas neste sistema. 50% da casta Loureiro, para misturar com a Alvarinho (Soalheiro ALLO), prov\u00e9m deste sistema. Misturamos as uvas deste sistema com as do sistema ascendente para conseguir um melhor equil\u00edbrio de aromas com um baixo teor alco\u00f3lico. <\/p>\n\t\t\t\t\t\t<\/div>\n\n\t\t\t\t\t\t\t\t\t\t\t<\/div>\n\n\t\t\t\t\t<style><\/style>\t\t\t\t<\/div>\n\t\t\t<\/div>\n\t\t[\/vc_column][vc_column width=&#8221;1\/3&#8243;]\t\t\t<div class=\"info-box-wrapper\">\n\t\t\t\t<div id=\"wd-60dc44bff03d2\" class=\" wd-rs-60dc44bff03d2 wd-info-box woodmart-info-box wd-wpb text-center box-icon-align-top box-style-shadow color-scheme- wd-bg-none box-title-default \"  >\n\t\t\t\t\t\t\t\t\t\t\t<div class=\"box-icon-wrapper  box-with-icon box-icon-simple\">\n\t\t\t\t\t\t\t<div class=\"info-box-icon\">\n\n\t\t\t\t\t\t\t\n\t\t\t\t\t\t\t\t\t\t\t\t\t\t\t\t\t<img decoding=\"async\" class=\"wd-lazy-load woodmart-lazy-load wd-lazy-fade info-icon image-1 \" src=\"data:image\/jpg;base64,\/9j\/4AAQSkZJRgABAQEBLAEsAAD\/2wBDAAYEBAUEBAYFBQUGBgYHCQ4JCQgICRINDQoOFRIWFhUSFBQXGiEcFxgfGRQUHScdHyIjJSUlFhwpLCgkKyEkJST\/wAALCAAKAA4BAREA\/8QAFwAAAwEAAAAAAAAAAAAAAAAAAAMFCP\/EACIQAAIBAwQCAwAAAAAAAAAAAAECAwAEBREhUXESQWGh4f\/aAAgBAQAAPwDQmVt8vdqVS4KJwmxQjfUc\/lOwOLucdA0UuQurhyxYvNIWJ1Pr46q5KB49kD7oiAAYAAANX\/\/Z\" data-wood-src=\"https:\/\/soalheiro.com\/wp-content\/uploads\/2021\/03\/sistemas_de_conducao_3.jpg\" width=\"200\" height=\"122\" alt=\"sistemas_de_conducao_3\" title=\"sistemas_de_conducao_3\" \/>\t\t\t\t\t\t\t\t\t\t\t\t\t\t\t\n\t\t\t\t\t\t\t<\/div>\n\t\t\t\t\t\t<\/div>\n\t\t\t\t\t\t\t\t\t\t<div class=\"info-box-content\">\n\t\t\t\t\t\t<h4 class=\"info-box-title title wd-font-weight- box-title-style-default wd-fontsize-m\">Sistema de Forma\u00e7\u00e3o \u201cRamada\u201d ou \u201cPergola\u201d (tamb\u00e9m denominado \u201cParreira\u201d em Espanha) <\/h4>\t\t\t\t\t\t<div class=\"info-box-inner set-cont-mb-s reset-last-child\">\n\t\t\t\t\t\t\t<p><span class=\"TextRun SCXW255226286 BCX0\" lang=\"PT-PT\" xml:lang=\"PT-PT\" data-contrast=\"auto\"><span class=\"NormalTextRun SCXW255226286 BCX0\">1% das vinhas apresentam este sistema que \u00e9 muito usado na Galiza para a produ\u00e7\u00e3o de Alvarinho. Neste sistema, as uvas t\u00eam uma menor exposi\u00e7\u00e3o direta ao sol, o perfil arom\u00e1tico \u00e9 de elevada intensidade na colheita e a concentra\u00e7\u00e3o de acidez \u00e9 tamb\u00e9m muito elevada. Normalmente, os vinhos destas uvas s\u00e3o submetidos a uma fermenta\u00e7\u00e3o malol\u00e1tica, o que reduz o perfil de altera\u00e7\u00e3o da intensidade arom\u00e1tica no palato. Na Quinta de Soalheiro, estas\u00a0<\/span><span class=\"NormalTextRun SCXW255226286 BCX0\">uvas s\u00e3o usadas\u00a0<\/span><span class=\"NormalTextRun SCXW255226286 BCX0\">em\u00a0<\/span><span class=\"NormalTextRun SpellingErrorV2 SCXW255226286 BCX0\">blends<\/span><span class=\"NormalTextRun SCXW255226286 BCX0\">\u00a0e em diferentes vinhos que necessitam de um perfil malol\u00e1tico.<\/span><\/span><span class=\"EOP SCXW255226286 BCX0\" data-ccp-props=\"{&quot;201341983&quot;:0,&quot;335551550&quot;:6,&quot;335551620&quot;:6,&quot;335559740&quot;:259}\">\u00a0<\/span><\/p>\n\t\t\t\t\t\t<\/div>\n\n\t\t\t\t\t\t\t\t\t\t\t<\/div>\n\n\t\t\t\t\t<style><\/style>\t\t\t\t<\/div>\n\t\t\t<\/div>\n\t\t[\/vc_column][\/vc_row]<\/p>\n","protected":false},"excerpt":{"rendered":"<p>[vc_row full_width=&#8221;stretch_row&#8221; mobile_bg_img_hidden=&#8221;no&#8221; tablet_bg_img_hidden=&#8221;no&#8221; woodmart_parallax=&#8221;0&#8243; woodmart_gradient_switch=&#8221;no&#8221; row_reverse_mobile=&#8221;0&#8243; row_reverse_tablet=&#8221;0&#8243; woodmart_disable_overflow=&#8221;0&#8243; css=&#8221;.vc_custom_1624030104424{background-image: url(https:\/\/soalheiro.com\/wp-content\/uploads\/2021\/06\/our-vineyards-and-viticulture-header.jpg?id=10820) !important;background-position: center !important;background-repeat: no-repeat !important;background-size: cover !important;}&#8221;][vc_column][vc_empty_space height=&#8221;250px&#8221; woodmart_hide_large=&#8221;0&#8243;<\/p>\n","protected":false},"author":985,"featured_media":0,"parent":0,"menu_order":0,"comment_status":"closed","ping_status":"closed","template":"","meta":{"footnotes":""},"class_list":["post-11388","page","type-page","status-publish","hentry"],"yoast_head":"<!-- This site is optimized with the Yoast SEO plugin v27.3 - https:\/\/yoast.com\/product\/yoast-seo-wordpress\/ -->\n<title>Vinhas e viticultura - Soalheiro<\/title>\n<meta name=\"robots\" content=\"index, follow, max-snippet:-1, max-image-preview:large, max-video-preview:-1\" \/>\n<link rel=\"canonical\" href=\"https:\/\/soalheiro.com\/pt-pt\/vinhas-e-viticultura\/\" \/>\n<meta property=\"og:locale\" content=\"pt_PT\" \/>\n<meta property=\"og:type\" content=\"article\" \/>\n<meta property=\"og:title\" content=\"Vinhas e viticultura - Soalheiro\" \/>\n<meta property=\"og:description\" content=\"[vc_row full_width=&#8221;stretch_row&#8221; mobile_bg_img_hidden=&#8221;no&#8221; tablet_bg_img_hidden=&#8221;no&#8221; woodmart_parallax=&#8221;0&#8243; woodmart_gradient_switch=&#8221;no&#8221; row_reverse_mobile=&#8221;0&#8243; row_reverse_tablet=&#8221;0&#8243; woodmart_disable_overflow=&#8221;0&#8243; css=&#8221;.vc_custom_1624030104424{background-image: url(https:\/\/soalheiro.com\/wp-content\/uploads\/2021\/06\/our-vineyards-and-viticulture-header.jpg?id=10820) !important;background-position: center !important;background-repeat: no-repeat !important;background-size: cover !important;}&#8221;][vc_column][vc_empty_space height=&#8221;250px&#8221; woodmart_hide_large=&#8221;0&#8243;\" \/>\n<meta property=\"og:url\" content=\"https:\/\/soalheiro.com\/pt-pt\/vinhas-e-viticultura\/\" \/>\n<meta property=\"og:site_name\" content=\"Soalheiro\" \/>\n<meta property=\"article:modified_time\" content=\"2021-06-30T10:20:23+00:00\" \/>\n<meta name=\"twitter:card\" content=\"summary_large_image\" \/>\n<meta name=\"twitter:label1\" content=\"Tempo estimado de leitura\" \/>\n\t<meta name=\"twitter:data1\" content=\"8 minutos\" \/>\n<script type=\"application\/ld+json\" class=\"yoast-schema-graph\">{\"@context\":\"https:\\\/\\\/schema.org\",\"@graph\":[{\"@type\":\"WebPage\",\"@id\":\"https:\\\/\\\/soalheiro.com\\\/pt-pt\\\/vinhas-e-viticultura\\\/\",\"url\":\"https:\\\/\\\/soalheiro.com\\\/pt-pt\\\/vinhas-e-viticultura\\\/\",\"name\":\"Vinhas e viticultura - Soalheiro\",\"isPartOf\":{\"@id\":\"https:\\\/\\\/soalheiro.com\\\/#website\"},\"datePublished\":\"2021-03-23T11:01:35+00:00\",\"dateModified\":\"2021-06-30T10:20:23+00:00\",\"breadcrumb\":{\"@id\":\"https:\\\/\\\/soalheiro.com\\\/pt-pt\\\/vinhas-e-viticultura\\\/#breadcrumb\"},\"inLanguage\":\"pt-PT\",\"potentialAction\":[{\"@type\":\"ReadAction\",\"target\":[\"https:\\\/\\\/soalheiro.com\\\/pt-pt\\\/vinhas-e-viticultura\\\/\"]}]},{\"@type\":\"BreadcrumbList\",\"@id\":\"https:\\\/\\\/soalheiro.com\\\/pt-pt\\\/vinhas-e-viticultura\\\/#breadcrumb\",\"itemListElement\":[{\"@type\":\"ListItem\",\"position\":1,\"name\":\"Home\",\"item\":\"https:\\\/\\\/soalheiro.com\\\/pt-pt\\\/\"},{\"@type\":\"ListItem\",\"position\":2,\"name\":\"Vinhas e viticultura\"}]},{\"@type\":\"WebSite\",\"@id\":\"https:\\\/\\\/soalheiro.com\\\/#website\",\"url\":\"https:\\\/\\\/soalheiro.com\\\/\",\"name\":\"Soalheiro\",\"description\":\"Quinta de Soalheiro, located in Melga\u00e7o (the most northern point of Portugal), is protected by a range of mountains that create conditions of rainfall, temperature and sunshine hours necessary for the best ripening of the Alvarinho grapes.\",\"potentialAction\":[{\"@type\":\"SearchAction\",\"target\":{\"@type\":\"EntryPoint\",\"urlTemplate\":\"https:\\\/\\\/soalheiro.com\\\/?s={search_term_string}\"},\"query-input\":{\"@type\":\"PropertyValueSpecification\",\"valueRequired\":true,\"valueName\":\"search_term_string\"}}],\"inLanguage\":\"pt-PT\"}]}<\/script>\n<!-- \/ Yoast SEO plugin. -->","yoast_head_json":{"title":"Vinhas e viticultura - Soalheiro","robots":{"index":"index","follow":"follow","max-snippet":"max-snippet:-1","max-image-preview":"max-image-preview:large","max-video-preview":"max-video-preview:-1"},"canonical":"https:\/\/soalheiro.com\/pt-pt\/vinhas-e-viticultura\/","og_locale":"pt_PT","og_type":"article","og_title":"Vinhas e viticultura - Soalheiro","og_description":"[vc_row full_width=&#8221;stretch_row&#8221; mobile_bg_img_hidden=&#8221;no&#8221; tablet_bg_img_hidden=&#8221;no&#8221; woodmart_parallax=&#8221;0&#8243; woodmart_gradient_switch=&#8221;no&#8221; row_reverse_mobile=&#8221;0&#8243; row_reverse_tablet=&#8221;0&#8243; woodmart_disable_overflow=&#8221;0&#8243; css=&#8221;.vc_custom_1624030104424{background-image: url(https:\/\/soalheiro.com\/wp-content\/uploads\/2021\/06\/our-vineyards-and-viticulture-header.jpg?id=10820) !important;background-position: center !important;background-repeat: no-repeat !important;background-size: cover !important;}&#8221;][vc_column][vc_empty_space height=&#8221;250px&#8221; woodmart_hide_large=&#8221;0&#8243;","og_url":"https:\/\/soalheiro.com\/pt-pt\/vinhas-e-viticultura\/","og_site_name":"Soalheiro","article_modified_time":"2021-06-30T10:20:23+00:00","twitter_card":"summary_large_image","twitter_misc":{"Tempo estimado de leitura":"8 minutos"},"schema":{"@context":"https:\/\/schema.org","@graph":[{"@type":"WebPage","@id":"https:\/\/soalheiro.com\/pt-pt\/vinhas-e-viticultura\/","url":"https:\/\/soalheiro.com\/pt-pt\/vinhas-e-viticultura\/","name":"Vinhas e viticultura - Soalheiro","isPartOf":{"@id":"https:\/\/soalheiro.com\/#website"},"datePublished":"2021-03-23T11:01:35+00:00","dateModified":"2021-06-30T10:20:23+00:00","breadcrumb":{"@id":"https:\/\/soalheiro.com\/pt-pt\/vinhas-e-viticultura\/#breadcrumb"},"inLanguage":"pt-PT","potentialAction":[{"@type":"ReadAction","target":["https:\/\/soalheiro.com\/pt-pt\/vinhas-e-viticultura\/"]}]},{"@type":"BreadcrumbList","@id":"https:\/\/soalheiro.com\/pt-pt\/vinhas-e-viticultura\/#breadcrumb","itemListElement":[{"@type":"ListItem","position":1,"name":"Home","item":"https:\/\/soalheiro.com\/pt-pt\/"},{"@type":"ListItem","position":2,"name":"Vinhas e viticultura"}]},{"@type":"WebSite","@id":"https:\/\/soalheiro.com\/#website","url":"https:\/\/soalheiro.com\/","name":"Soalheiro","description":"Quinta de Soalheiro, located in Melga\u00e7o (the most northern point of Portugal), is protected by a range of mountains that create conditions of rainfall, temperature and sunshine hours necessary for the best ripening of the Alvarinho grapes.","potentialAction":[{"@type":"SearchAction","target":{"@type":"EntryPoint","urlTemplate":"https:\/\/soalheiro.com\/?s={search_term_string}"},"query-input":{"@type":"PropertyValueSpecification","valueRequired":true,"valueName":"search_term_string"}}],"inLanguage":"pt-PT"}]}},"_links":{"self":[{"href":"https:\/\/soalheiro.com\/pt-pt\/wp-json\/wp\/v2\/pages\/11388","targetHints":{"allow":["GET"]}}],"collection":[{"href":"https:\/\/soalheiro.com\/pt-pt\/wp-json\/wp\/v2\/pages"}],"about":[{"href":"https:\/\/soalheiro.com\/pt-pt\/wp-json\/wp\/v2\/types\/page"}],"author":[{"embeddable":true,"href":"https:\/\/soalheiro.com\/pt-pt\/wp-json\/wp\/v2\/users\/985"}],"replies":[{"embeddable":true,"href":"https:\/\/soalheiro.com\/pt-pt\/wp-json\/wp\/v2\/comments?post=11388"}],"version-history":[{"count":0,"href":"https:\/\/soalheiro.com\/pt-pt\/wp-json\/wp\/v2\/pages\/11388\/revisions"}],"wp:attachment":[{"href":"https:\/\/soalheiro.com\/pt-pt\/wp-json\/wp\/v2\/media?parent=11388"}],"curies":[{"name":"wp","href":"https:\/\/api.w.org\/{rel}","templated":true}]}}