{"id":11525,"date":"2021-03-23T08:22:55","date_gmt":"2021-03-23T08:22:55","guid":{"rendered":"https:\/\/soalheiro.com\/green-architecture\/"},"modified":"2021-09-08T10:51:22","modified_gmt":"2021-09-08T10:51:22","slug":"arquitetura-verde","status":"publish","type":"page","link":"https:\/\/soalheiro.com\/pt-pt\/arquitetura-verde\/","title":{"rendered":"Arquitetura Verde"},"content":{"rendered":"<p>[vc_row full_width=&#8221;stretch_row_content_no_spaces&#8221; mobile_bg_img_hidden=&#8221;no&#8221; tablet_bg_img_hidden=&#8221;no&#8221; woodmart_parallax=&#8221;1&#8243; woodmart_gradient_switch=&#8221;no&#8221; row_reverse_mobile=&#8221;0&#8243; row_reverse_tablet=&#8221;0&#8243; woodmart_disable_overflow=&#8221;0&#8243; css=&#8221;.vc_custom_1624282953887{padding-top: 300px !important;padding-bottom: 50px !important;background-image: url(https:\/\/soalheiro.com\/wp-content\/uploads\/2021\/06\/GREEN-ARCHITECTURE-HEADER-min.jpg?id=10878) !important;background-position: center !important;background-repeat: no-repeat !important;background-size: cover !important;}&#8221;][vc_column]\n\t\t<div id=\"wd-613895978b0cb\" class=\"title-wrapper wd-wpb set-mb-s reset-last-child  wd-rs-613895978b0cb wd-title-color-default wd-title-style-default text-center  wd-underline-colored\">\n\t\t\t\t\t\t\t<div class=\"title-subtitle  subtitle-color-default font-default subtitle-style-default wd-font-weight- wd-fontsize-xs\">Projetos Sustent\u00e1veis<\/div>\n\t\t\t\n\t\t\t<div class=\"liner-continer\">\n\t\t\t\t<h1 class=\"woodmart-title-container title  wd-font-weight- wd-fontsize-xxl\" >Arquitetura Verde<\/h1>\n\t\t\t\t\t\t\t<\/div>\n\t\t\t\n\t\t\t\n\t\t\t\n\t\t<\/div>\n\t\t\n\t\t[vc_icon icon_fontawesome=&#8221;fas fa-angle-down&#8221; color=&#8221;white&#8221; align=&#8221;center&#8221;][\/vc_column][\/vc_row][vc_row css=&#8221;.vc_custom_1616488494281{margin-top: 40px !important;margin-bottom: 40px !important;}&#8221; mobile_bg_img_hidden=&#8221;no&#8221; tablet_bg_img_hidden=&#8221;no&#8221; woodmart_parallax=&#8221;0&#8243; woodmart_gradient_switch=&#8221;no&#8221; row_reverse_mobile=&#8221;0&#8243; row_reverse_tablet=&#8221;0&#8243; woodmart_disable_overflow=&#8221;0&#8243;][vc_column offset=&#8221;vc_col-lg-offset-1 vc_col-lg-10&#8243; mobile_bg_img_hidden=&#8221;no&#8221; tablet_bg_img_hidden=&#8221;no&#8221; woodmart_parallax=&#8221;0&#8243; woodmart_sticky_column=&#8221;false&#8221; parallax_scroll=&#8221;no&#8221; mobile_reset_margin=&#8221;no&#8221; tablet_reset_margin=&#8221;no&#8221;][vc_custom_heading text=&#8221;A nossa parceria com a funda\u00e7\u00e3o Porto Protocol come\u00e7ou certamente com o p\u00e9 direito, quando inici\u00e1mos as obras de moderniza\u00e7\u00e3o da nossa adega, de modo a torn\u00e1-la mais ecol\u00f3gica e econ\u00f3mica.&#8221; font_container=&#8221;tag:h2|font_size:18|text_align:left|color:%23a8a8a8|line_height:27px&#8221; google_fonts=&#8221;font_family:Lora%3Aregular%2Citalic%2C700%2C700italic|font_style:400%20italic%3A400%3Aitalic&#8221;][vc_empty_space][vc_row_inner][vc_column_inner width=&#8221;1\/2&#8243;][vc_column_text text_larger=&#8221;no&#8221;]A parte nova da adega est\u00e1 virada a norte, longe da luz direta do sol, com o lado sul totalmente subterr\u00e2neo. No topo do edif\u00edcio, encontramos uma cobertura verde natural, garantindo o respeito pela natureza e o menor impacto poss\u00edvel na paisagem. O nosso principal objetivo com este projeto era o de diminuir o consumo de energia da adega, mantendo naturalmente uma temperatura mais baixa.[\/vc_column_text][\/vc_column_inner][vc_column_inner width=&#8221;1\/2&#8243;][vc_single_image image=&#8221;10896&#8243; img_size=&#8221;full&#8221; parallax_scroll=&#8221;no&#8221;][\/vc_column_inner][\/vc_row_inner][vc_row_inner][vc_column_inner width=&#8221;1\/2&#8243;][vc_single_image image=&#8221;10897&#8243; img_size=&#8221;full&#8221; parallax_scroll=&#8221;no&#8221;][\/vc_column_inner][vc_column_inner width=&#8221;1\/2&#8243;][vc_column_text text_larger=&#8221;no&#8221;]<span class=\"TextRun SCXW186383694 BCX0\" lang=\"PT-PT\" xml:lang=\"PT-PT\" data-contrast=\"none\"><span class=\"NormalTextRun SCXW186383694 BCX0\">Com es<\/span><span class=\"NormalTextRun SCXW186383694 BCX0\">t<\/span><span class=\"NormalTextRun SCXW186383694 BCX0\">as melhorias, pretendemos reduzir\u00a0<\/span><span class=\"NormalTextRun SCXW186383694 BCX0\">o\u00a0<\/span><span class=\"NormalTextRun SCXW186383694 BCX0\">nosso consumo global de energia at\u00e9 26%<\/span><span class=\"NormalTextRun SCXW186383694 BCX0\">\u00a0ao ano<\/span><span class=\"NormalTextRun SCXW186383694 BCX0\">, n\u00e3o s\u00f3 beneficiando o meio ambiente, mas tamb\u00e9m permitindo aplicar os fundos que\u00a0<\/span><span class=\"NormalTextRun SCXW186383694 BCX0\">certamente\u00a0<\/span><span class=\"NormalTextRun SCXW186383694 BCX0\">economizaremos\u00a0<\/span><span class=\"NormalTextRun SCXW186383694 BCX0\">n<\/span><span class=\"NormalTextRun SCXW186383694 BCX0\">outras iniciativas\u00a0<\/span><span class=\"NormalTextRun SCXW186383694 BCX0\">que fomentam a\u00a0<\/span><span class=\"NormalTextRun SCXW186383694 BCX0\">sustentabilidade. Este empreendimento inspirou\u00a0<\/span><span class=\"NormalTextRun SCXW186383694 BCX0\">os\u00a0<\/span><span class=\"NormalTextRun SCXW186383694 BCX0\">nossos arquitetos a<\/span><span class=\"NormalTextRun SCXW186383694 BCX0\">\u00a0manterem o foco\u00a0<\/span><span class=\"NormalTextRun SCXW186383694 BCX0\">\u00a0<\/span><span class=\"NormalTextRun SCXW186383694 BCX0\">na\u00a0<\/span><span class=\"NormalTextRun SCXW186383694 BCX0\">sustentabilidade, com todos os projetos futuros\u00a0<\/span><span class=\"NormalTextRun SCXW186383694 BCX0\">empenhados\u00a0<\/span><span class=\"NormalTextRun SCXW186383694 BCX0\">na limita\u00e7\u00e3o dos impactos ambientais. N<\/span><span class=\"NormalTextRun SCXW186383694 BCX0\">um<\/span><span class=\"NormalTextRun SCXW186383694 BCX0\">\u00a0futuro<\/span><span class=\"NormalTextRun SCXW186383694 BCX0\">\u00a0pr\u00f3ximo<\/span><span class=\"NormalTextRun SCXW186383694 BCX0\">,\u00a0<\/span><span class=\"NormalTextRun SCXW186383694 BCX0\">a cobertura natural<\/span><span class=\"NormalTextRun SCXW186383694 BCX0\">\u00a0ser\u00e1 u<\/span><span class=\"NormalTextRun SCXW186383694 BCX0\">tilizad<\/span><span class=\"NormalTextRun SCXW186383694 BCX0\">a<\/span><span class=\"NormalTextRun SCXW186383694 BCX0\">\u00a0para o cultivo de\u00a0<\/span><span class=\"NormalTextRun SCXW186383694 BCX0\">plantas<\/span><span class=\"NormalTextRun SCXW186383694 BCX0\">\u00a0e<\/span><span class=\"NormalTextRun SCXW186383694 BCX0\">\u00a0infus\u00f5es<\/span><span class=\"NormalTextRun SCXW186383694 BCX0\">,\u00a0<\/span><span class=\"NormalTextRun SCXW186383694 BCX0\">al\u00e9m da diversifica\u00e7\u00e3o de atividades na<\/span><span class=\"NormalTextRun SCXW186383694 BCX0\">\u00a0\u00e1rea do<\/span><span class=\"NormalTextRun SCXW186383694 BCX0\">\u00a0enoturismo.<\/span><span class=\"NormalTextRun SCXW186383694 BCX0\">\u00a0<\/span><\/span><span class=\"EOP SCXW186383694 BCX0\" data-ccp-props=\"{&quot;201341983&quot;:0,&quot;335551550&quot;:6,&quot;335551620&quot;:6,&quot;335559739&quot;:120,&quot;335559740&quot;:240}\">\u00a0<\/span>[\/vc_column_text][\/vc_column_inner][\/vc_row_inner][vc_separator][\/vc_column][\/vc_row]<\/p>\n","protected":false},"excerpt":{"rendered":"<p>[vc_row full_width=&#8221;stretch_row_content_no_spaces&#8221; mobile_bg_img_hidden=&#8221;no&#8221; tablet_bg_img_hidden=&#8221;no&#8221; woodmart_parallax=&#8221;1&#8243; woodmart_gradient_switch=&#8221;no&#8221; row_reverse_mobile=&#8221;0&#8243; row_reverse_tablet=&#8221;0&#8243; woodmart_disable_overflow=&#8221;0&#8243; css=&#8221;.vc_custom_1624282953887{padding-top: 300px !important;padding-bottom: 50px !important;background-image: url(https:\/\/soalheiro.com\/wp-content\/uploads\/2021\/06\/GREEN-ARCHITECTURE-HEADER-min.jpg?id=10878) !important;background-position: center !important;background-repeat: no-repeat !important;background-size:<\/p>\n","protected":false},"author":985,"featured_media":0,"parent":0,"menu_order":0,"comment_status":"closed","ping_status":"closed","template":"","meta":{"footnotes":""},"class_list":["post-11525","page","type-page","status-publish","hentry"],"yoast_head":"<!-- This site is optimized with the Yoast SEO plugin v27.3 - https:\/\/yoast.com\/product\/yoast-seo-wordpress\/ -->\n<title>Arquitetura Verde - Soalheiro<\/title>\n<meta name=\"robots\" content=\"index, follow, max-snippet:-1, max-image-preview:large, max-video-preview:-1\" \/>\n<link rel=\"canonical\" href=\"https:\/\/soalheiro.com\/pt-pt\/arquitetura-verde\/\" \/>\n<meta property=\"og:locale\" content=\"pt_PT\" \/>\n<meta property=\"og:type\" content=\"article\" \/>\n<meta property=\"og:title\" content=\"Arquitetura Verde - Soalheiro\" \/>\n<meta property=\"og:description\" content=\"[vc_row full_width=&#8221;stretch_row_content_no_spaces&#8221; mobile_bg_img_hidden=&#8221;no&#8221; tablet_bg_img_hidden=&#8221;no&#8221; woodmart_parallax=&#8221;1&#8243; woodmart_gradient_switch=&#8221;no&#8221; row_reverse_mobile=&#8221;0&#8243; row_reverse_tablet=&#8221;0&#8243; woodmart_disable_overflow=&#8221;0&#8243; css=&#8221;.vc_custom_1624282953887{padding-top: 300px !important;padding-bottom: 50px !important;background-image: url(https:\/\/soalheiro.com\/wp-content\/uploads\/2021\/06\/GREEN-ARCHITECTURE-HEADER-min.jpg?id=10878) !important;background-position: center !important;background-repeat: no-repeat !important;background-size:\" \/>\n<meta property=\"og:url\" content=\"https:\/\/soalheiro.com\/pt-pt\/arquitetura-verde\/\" \/>\n<meta property=\"og:site_name\" content=\"Soalheiro\" \/>\n<meta property=\"article:modified_time\" content=\"2021-09-08T10:51:22+00:00\" \/>\n<meta name=\"twitter:card\" content=\"summary_large_image\" \/>\n<meta name=\"twitter:label1\" content=\"Tempo estimado de leitura\" \/>\n\t<meta name=\"twitter:data1\" content=\"2 minutos\" \/>\n<script type=\"application\/ld+json\" class=\"yoast-schema-graph\">{\"@context\":\"https:\\\/\\\/schema.org\",\"@graph\":[{\"@type\":\"WebPage\",\"@id\":\"https:\\\/\\\/soalheiro.com\\\/pt-pt\\\/arquitetura-verde\\\/\",\"url\":\"https:\\\/\\\/soalheiro.com\\\/pt-pt\\\/arquitetura-verde\\\/\",\"name\":\"Arquitetura Verde - Soalheiro\",\"isPartOf\":{\"@id\":\"https:\\\/\\\/soalheiro.com\\\/#website\"},\"datePublished\":\"2021-03-23T08:22:55+00:00\",\"dateModified\":\"2021-09-08T10:51:22+00:00\",\"breadcrumb\":{\"@id\":\"https:\\\/\\\/soalheiro.com\\\/pt-pt\\\/arquitetura-verde\\\/#breadcrumb\"},\"inLanguage\":\"pt-PT\",\"potentialAction\":[{\"@type\":\"ReadAction\",\"target\":[\"https:\\\/\\\/soalheiro.com\\\/pt-pt\\\/arquitetura-verde\\\/\"]}]},{\"@type\":\"BreadcrumbList\",\"@id\":\"https:\\\/\\\/soalheiro.com\\\/pt-pt\\\/arquitetura-verde\\\/#breadcrumb\",\"itemListElement\":[{\"@type\":\"ListItem\",\"position\":1,\"name\":\"Home\",\"item\":\"https:\\\/\\\/soalheiro.com\\\/pt-pt\\\/\"},{\"@type\":\"ListItem\",\"position\":2,\"name\":\"Arquitetura Verde\"}]},{\"@type\":\"WebSite\",\"@id\":\"https:\\\/\\\/soalheiro.com\\\/#website\",\"url\":\"https:\\\/\\\/soalheiro.com\\\/\",\"name\":\"Soalheiro\",\"description\":\"Quinta de Soalheiro, located in Melga\u00e7o (the most northern point of Portugal), is protected by a range of mountains that create conditions of rainfall, temperature and sunshine hours necessary for the best ripening of the Alvarinho grapes.\",\"potentialAction\":[{\"@type\":\"SearchAction\",\"target\":{\"@type\":\"EntryPoint\",\"urlTemplate\":\"https:\\\/\\\/soalheiro.com\\\/?s={search_term_string}\"},\"query-input\":{\"@type\":\"PropertyValueSpecification\",\"valueRequired\":true,\"valueName\":\"search_term_string\"}}],\"inLanguage\":\"pt-PT\"}]}<\/script>\n<!-- \/ Yoast SEO plugin. -->","yoast_head_json":{"title":"Arquitetura Verde - Soalheiro","robots":{"index":"index","follow":"follow","max-snippet":"max-snippet:-1","max-image-preview":"max-image-preview:large","max-video-preview":"max-video-preview:-1"},"canonical":"https:\/\/soalheiro.com\/pt-pt\/arquitetura-verde\/","og_locale":"pt_PT","og_type":"article","og_title":"Arquitetura Verde - Soalheiro","og_description":"[vc_row full_width=&#8221;stretch_row_content_no_spaces&#8221; mobile_bg_img_hidden=&#8221;no&#8221; tablet_bg_img_hidden=&#8221;no&#8221; woodmart_parallax=&#8221;1&#8243; woodmart_gradient_switch=&#8221;no&#8221; row_reverse_mobile=&#8221;0&#8243; row_reverse_tablet=&#8221;0&#8243; woodmart_disable_overflow=&#8221;0&#8243; css=&#8221;.vc_custom_1624282953887{padding-top: 300px !important;padding-bottom: 50px !important;background-image: url(https:\/\/soalheiro.com\/wp-content\/uploads\/2021\/06\/GREEN-ARCHITECTURE-HEADER-min.jpg?id=10878) !important;background-position: center !important;background-repeat: no-repeat !important;background-size:","og_url":"https:\/\/soalheiro.com\/pt-pt\/arquitetura-verde\/","og_site_name":"Soalheiro","article_modified_time":"2021-09-08T10:51:22+00:00","twitter_card":"summary_large_image","twitter_misc":{"Tempo estimado de leitura":"2 minutos"},"schema":{"@context":"https:\/\/schema.org","@graph":[{"@type":"WebPage","@id":"https:\/\/soalheiro.com\/pt-pt\/arquitetura-verde\/","url":"https:\/\/soalheiro.com\/pt-pt\/arquitetura-verde\/","name":"Arquitetura Verde - Soalheiro","isPartOf":{"@id":"https:\/\/soalheiro.com\/#website"},"datePublished":"2021-03-23T08:22:55+00:00","dateModified":"2021-09-08T10:51:22+00:00","breadcrumb":{"@id":"https:\/\/soalheiro.com\/pt-pt\/arquitetura-verde\/#breadcrumb"},"inLanguage":"pt-PT","potentialAction":[{"@type":"ReadAction","target":["https:\/\/soalheiro.com\/pt-pt\/arquitetura-verde\/"]}]},{"@type":"BreadcrumbList","@id":"https:\/\/soalheiro.com\/pt-pt\/arquitetura-verde\/#breadcrumb","itemListElement":[{"@type":"ListItem","position":1,"name":"Home","item":"https:\/\/soalheiro.com\/pt-pt\/"},{"@type":"ListItem","position":2,"name":"Arquitetura Verde"}]},{"@type":"WebSite","@id":"https:\/\/soalheiro.com\/#website","url":"https:\/\/soalheiro.com\/","name":"Soalheiro","description":"Quinta de Soalheiro, located in Melga\u00e7o (the most northern point of Portugal), is protected by a range of mountains that create conditions of rainfall, temperature and sunshine hours necessary for the best ripening of the Alvarinho grapes.","potentialAction":[{"@type":"SearchAction","target":{"@type":"EntryPoint","urlTemplate":"https:\/\/soalheiro.com\/?s={search_term_string}"},"query-input":{"@type":"PropertyValueSpecification","valueRequired":true,"valueName":"search_term_string"}}],"inLanguage":"pt-PT"}]}},"_links":{"self":[{"href":"https:\/\/soalheiro.com\/pt-pt\/wp-json\/wp\/v2\/pages\/11525","targetHints":{"allow":["GET"]}}],"collection":[{"href":"https:\/\/soalheiro.com\/pt-pt\/wp-json\/wp\/v2\/pages"}],"about":[{"href":"https:\/\/soalheiro.com\/pt-pt\/wp-json\/wp\/v2\/types\/page"}],"author":[{"embeddable":true,"href":"https:\/\/soalheiro.com\/pt-pt\/wp-json\/wp\/v2\/users\/985"}],"replies":[{"embeddable":true,"href":"https:\/\/soalheiro.com\/pt-pt\/wp-json\/wp\/v2\/comments?post=11525"}],"version-history":[{"count":0,"href":"https:\/\/soalheiro.com\/pt-pt\/wp-json\/wp\/v2\/pages\/11525\/revisions"}],"wp:attachment":[{"href":"https:\/\/soalheiro.com\/pt-pt\/wp-json\/wp\/v2\/media?parent=11525"}],"curies":[{"name":"wp","href":"https:\/\/api.w.org\/{rel}","templated":true}]}}