{"id":11564,"date":"2021-04-16T11:51:50","date_gmt":"2021-04-16T11:51:50","guid":{"rendered":"https:\/\/soalheiro.com\/sustentabilidade-e-inovacao\/it-all-starts-in-the-vineyards-innovation-in-the-vineyards\/"},"modified":"2021-07-01T08:28:57","modified_gmt":"2021-07-01T08:28:57","slug":"tudo-comeca-nas-vinhas","status":"publish","type":"page","link":"https:\/\/soalheiro.com\/pt-pt\/sustentabilidade-e-inovacao\/tudo-comeca-nas-vinhas\/","title":{"rendered":"Tudo come\u00e7a nas vinhas (Inova\u00e7\u00e3o nas Vinhas)"},"content":{"rendered":"<p>[vc_row full_width=&#8221;stretch_row_content_no_spaces&#8221; mobile_bg_img_hidden=&#8221;no&#8221; tablet_bg_img_hidden=&#8221;no&#8221; woodmart_parallax=&#8221;1&#8243; woodmart_gradient_switch=&#8221;no&#8221; row_reverse_mobile=&#8221;0&#8243; row_reverse_tablet=&#8221;0&#8243; woodmart_disable_overflow=&#8221;0&#8243; css=&#8221;.vc_custom_1624283697578{padding-top: 300px !important;padding-bottom: 50px !important;background-image: url(https:\/\/soalheiro.com\/wp-content\/uploads\/2021\/06\/INNOVATION-IN-THE-VINEYARDS-HEADER-min.jpg?id=10879) !important;background-position: center !important;background-repeat: no-repeat !important;background-size: cover !important;}&#8221;][vc_column]\n\t\t<div id=\"wd-60dd7c4a65b43\" class=\"title-wrapper wd-wpb set-mb-s reset-last-child  wd-rs-60dd7c4a65b43 wd-title-color-primary wd-title-style-default text-center  wd-underline-colored\">\n\t\t\t\t\t\t\t<div class=\"title-subtitle  subtitle-color-primary font-default subtitle-style-default wd-font-weight- wd-fontsize-xs\">Projetos Sustent\u00e1veis<\/div>\n\t\t\t\n\t\t\t<div class=\"liner-continer\">\n\t\t\t\t<h1 class=\"woodmart-title-container title  wd-font-weight- wd-fontsize-xxl\" >Tudo come\u00e7a nas vinhas<\/h1>\n\t\t\t\t\t\t\t<\/div>\n\t\t\t\n\t\t\t\t\t\t\t<div class=\"title-after_title  set-cont-mb-s reset-last-child  wd-fontsize-s\">Inova\u00e7\u00e3o nas Vinhas<\/div>\n\t\t\t\n\t\t\t\n\t\t<\/div>\n\t\t\n\t\t[vc_icon icon_fontawesome=&#8221;fas fa-angle-down&#8221; color=&#8221;white&#8221; align=&#8221;center&#8221;][\/vc_column][\/vc_row][vc_row css=&#8221;.vc_custom_1616488494281{margin-top: 40px !important;margin-bottom: 40px !important;}&#8221; mobile_bg_img_hidden=&#8221;no&#8221; tablet_bg_img_hidden=&#8221;no&#8221; woodmart_parallax=&#8221;0&#8243; woodmart_gradient_switch=&#8221;no&#8221; row_reverse_mobile=&#8221;0&#8243; row_reverse_tablet=&#8221;0&#8243; woodmart_disable_overflow=&#8221;0&#8243;][vc_column offset=&#8221;vc_col-lg-offset-1 vc_col-lg-10&#8243; mobile_bg_img_hidden=&#8221;no&#8221; tablet_bg_img_hidden=&#8221;no&#8221; woodmart_parallax=&#8221;0&#8243; woodmart_sticky_column=&#8221;false&#8221; parallax_scroll=&#8221;no&#8221; mobile_reset_margin=&#8221;no&#8221; tablet_reset_margin=&#8221;no&#8221;][vc_custom_heading text=&#8221;Temos v\u00e1rios projetos que visam compreender e melhorar as nossas vinhas, assim como os seus delicados ecossistemas. &#8221; font_container=&#8221;tag:h2|font_size:18px|text_align:left|color:%23a8a8a8|line_height:27px&#8221; google_fonts=&#8221;font_family:Lora%3Aregular%2Citalic%2C700%2C700italic|font_style:400%20italic%3A400%3Aitalic&#8221;][vc_empty_space woodmart_hide_large=&#8221;0&#8243; woodmart_hide_medium=&#8221;0&#8243; woodmart_hide_small=&#8221;0&#8243; woodmart_hide_extra_small=&#8221;0&#8243;][vc_row_inner][vc_column_inner width=&#8221;1\/2&#8243;][vc_column_text text_larger=&#8221;no&#8221;]<strong><em>Constru\u00e7\u00e3o de casas para p\u00e1ssaros e insetos.<\/em><\/strong> Em parceria com v\u00e1rios departamentos da Universidade do Minho, encontramo-nos a realizar um estudo sobre a biodiversidade nas nossas vinhas. Atrav\u00e9s deste estudo, estamos a aprender que esp\u00e9cies habitam as nossas vinhas, o que pode ajudar-nos a prevenir e a tratar melhor as doen\u00e7as das videiras. Al\u00e9m disso, este estudo auxiliou-nos na descoberta da nossa pegada de carbono e, inesperadamente, deu-nos a conhecer uma esp\u00e9cie de ave nativa do nosso Territ\u00f3rio. Na verdade, com uma maior compreens\u00e3o do ecossistema das nossas vinhas, podemos adaptar as estrat\u00e9gias para que as nossas a\u00e7\u00f5es protejam sempre este delicado equil\u00edbrio. Como resultado deste estudo, encontramo-nos, agora, a construir casas especiais para p\u00e1ssaros e insetos, de modo a beneficiar os habitantes locais.[\/vc_column_text][\/vc_column_inner][vc_column_inner width=&#8221;1\/2&#8243;][vc_column_text text_larger=&#8221;no&#8221;]<em><strong>O aquecimento global e as vinhas de Alvarinho de maior altitude em Portugal<\/strong><\/em>. Em resposta \u00e0 amea\u00e7a sempre presente do aquecimento global, encontramo-nos a fazer experi\u00eancias para compreender como o Alvarinho se adapta \u00e0s vinhas de maior altitude e aos diferentes solos. \u00c0 medida que a temperatura m\u00e9dia do nosso planeta aumenta, \u00e9 importante encontrar solu\u00e7\u00f5es. Ao testarmos como o Alvarinho se adapta a diferentes altitudes, solos e microclimas, podemos garantir a continuidade da produ\u00e7\u00e3o de vinhos, uma atividade econ\u00f3mica importante na nossa regi\u00e3o. Daqui resultou o sucesso da planta\u00e7\u00e3o da vinha de Alvarinho com a maior altitude de sempre.<\/p>\n<p><em><strong>Bom solo, vinhas antigas<\/strong><\/em>. O nosso Centro de Inova\u00e7\u00e3o do Soalheiro trabalha n\u00e3o s\u00f3 na planta\u00e7\u00e3o de vinhas novas, mas tamb\u00e9m na preserva\u00e7\u00e3o das antigas. Um dos nossos projetos em andamento concentra-se em manter a produtividade das nossas vinhas mais antigas. Neste projeto, concentramo-nos em melhorar a mat\u00e9ria biol\u00f3gica do solo, recorrendo a micorrizas. Estas atuam em simbiose com plantas que melhoram a vida microbiana do solo, adicionando compostos biol\u00f3gicos \u00e0s folhas das uvas que, por sua vez, aprimoram a nutri\u00e7\u00e3o das nossas plantas mais antigas.[\/vc_column_text][\/vc_column_inner][\/vc_row_inner][vc_separator][vc_row_inner][vc_column_inner width=&#8221;1\/3&#8243;][vc_single_image image=&#8221;10962&#8243; img_size=&#8221;full&#8221; alignment=&#8221;center&#8221; onclick=&#8221;link_image&#8221; parallax_scroll=&#8221;no&#8221;][\/vc_column_inner][vc_column_inner width=&#8221;1\/3&#8243;][vc_single_image image=&#8221;10963&#8243; img_size=&#8221;full&#8221; alignment=&#8221;center&#8221; onclick=&#8221;link_image&#8221; parallax_scroll=&#8221;no&#8221;][\/vc_column_inner][vc_column_inner width=&#8221;1\/3&#8243;][vc_single_image image=&#8221;10966&#8243; img_size=&#8221;full&#8221; alignment=&#8221;center&#8221; onclick=&#8221;link_image&#8221; parallax_scroll=&#8221;no&#8221;][\/vc_column_inner][\/vc_row_inner][\/vc_column][\/vc_row]<\/p>\n","protected":false},"excerpt":{"rendered":"<p>[vc_row full_width=&#8221;stretch_row_content_no_spaces&#8221; mobile_bg_img_hidden=&#8221;no&#8221; tablet_bg_img_hidden=&#8221;no&#8221; woodmart_parallax=&#8221;1&#8243; woodmart_gradient_switch=&#8221;no&#8221; row_reverse_mobile=&#8221;0&#8243; row_reverse_tablet=&#8221;0&#8243; woodmart_disable_overflow=&#8221;0&#8243; css=&#8221;.vc_custom_1624283697578{padding-top: 300px !important;padding-bottom: 50px !important;background-image: url(https:\/\/soalheiro.com\/wp-content\/uploads\/2021\/06\/INNOVATION-IN-THE-VINEYARDS-HEADER-min.jpg?id=10879) !important;background-position: center !important;background-repeat: no-repeat !important;background-size:<\/p>\n","protected":false},"author":985,"featured_media":0,"parent":11498,"menu_order":0,"comment_status":"closed","ping_status":"closed","template":"","meta":{"footnotes":""},"class_list":["post-11564","page","type-page","status-publish","hentry"],"yoast_head":"<!-- This site is optimized with the Yoast SEO plugin v27.3 - https:\/\/yoast.com\/product\/yoast-seo-wordpress\/ -->\n<title>Tudo come\u00e7a nas vinhas (Inova\u00e7\u00e3o nas Vinhas) - Soalheiro<\/title>\n<meta name=\"robots\" content=\"index, follow, max-snippet:-1, max-image-preview:large, max-video-preview:-1\" \/>\n<link rel=\"canonical\" href=\"https:\/\/soalheiro.com\/pt-pt\/sustentabilidade-e-inovacao\/tudo-comeca-nas-vinhas\/\" \/>\n<meta property=\"og:locale\" content=\"pt_PT\" \/>\n<meta property=\"og:type\" content=\"article\" \/>\n<meta property=\"og:title\" content=\"Tudo come\u00e7a nas vinhas (Inova\u00e7\u00e3o nas Vinhas) - Soalheiro\" \/>\n<meta property=\"og:description\" content=\"[vc_row full_width=&#8221;stretch_row_content_no_spaces&#8221; mobile_bg_img_hidden=&#8221;no&#8221; tablet_bg_img_hidden=&#8221;no&#8221; woodmart_parallax=&#8221;1&#8243; woodmart_gradient_switch=&#8221;no&#8221; row_reverse_mobile=&#8221;0&#8243; row_reverse_tablet=&#8221;0&#8243; woodmart_disable_overflow=&#8221;0&#8243; css=&#8221;.vc_custom_1624283697578{padding-top: 300px !important;padding-bottom: 50px !important;background-image: url(https:\/\/soalheiro.com\/wp-content\/uploads\/2021\/06\/INNOVATION-IN-THE-VINEYARDS-HEADER-min.jpg?id=10879) !important;background-position: center !important;background-repeat: no-repeat !important;background-size:\" \/>\n<meta property=\"og:url\" content=\"https:\/\/soalheiro.com\/pt-pt\/sustentabilidade-e-inovacao\/tudo-comeca-nas-vinhas\/\" \/>\n<meta property=\"og:site_name\" content=\"Soalheiro\" \/>\n<meta property=\"article:modified_time\" content=\"2021-07-01T08:28:57+00:00\" \/>\n<meta name=\"twitter:card\" content=\"summary_large_image\" \/>\n<meta name=\"twitter:label1\" content=\"Tempo estimado de leitura\" \/>\n\t<meta name=\"twitter:data1\" content=\"4 minutos\" \/>\n<script type=\"application\/ld+json\" class=\"yoast-schema-graph\">{\"@context\":\"https:\\\/\\\/schema.org\",\"@graph\":[{\"@type\":\"WebPage\",\"@id\":\"https:\\\/\\\/soalheiro.com\\\/pt-pt\\\/sustentabilidade-e-inovacao\\\/tudo-comeca-nas-vinhas\\\/\",\"url\":\"https:\\\/\\\/soalheiro.com\\\/pt-pt\\\/sustentabilidade-e-inovacao\\\/tudo-comeca-nas-vinhas\\\/\",\"name\":\"Tudo come\u00e7a nas vinhas (Inova\u00e7\u00e3o nas Vinhas) - Soalheiro\",\"isPartOf\":{\"@id\":\"https:\\\/\\\/soalheiro.com\\\/#website\"},\"datePublished\":\"2021-04-16T11:51:50+00:00\",\"dateModified\":\"2021-07-01T08:28:57+00:00\",\"breadcrumb\":{\"@id\":\"https:\\\/\\\/soalheiro.com\\\/pt-pt\\\/sustentabilidade-e-inovacao\\\/tudo-comeca-nas-vinhas\\\/#breadcrumb\"},\"inLanguage\":\"pt-PT\",\"potentialAction\":[{\"@type\":\"ReadAction\",\"target\":[\"https:\\\/\\\/soalheiro.com\\\/pt-pt\\\/sustentabilidade-e-inovacao\\\/tudo-comeca-nas-vinhas\\\/\"]}]},{\"@type\":\"BreadcrumbList\",\"@id\":\"https:\\\/\\\/soalheiro.com\\\/pt-pt\\\/sustentabilidade-e-inovacao\\\/tudo-comeca-nas-vinhas\\\/#breadcrumb\",\"itemListElement\":[{\"@type\":\"ListItem\",\"position\":1,\"name\":\"Home\",\"item\":\"https:\\\/\\\/soalheiro.com\\\/pt-pt\\\/\"},{\"@type\":\"ListItem\",\"position\":2,\"name\":\"Sustentabilidade e Inova\u00e7\u00e3o\",\"item\":\"https:\\\/\\\/soalheiro.com\\\/pt-pt\\\/sustentabilidade-e-inovacao\\\/\"},{\"@type\":\"ListItem\",\"position\":3,\"name\":\"Tudo come\u00e7a nas vinhas (Inova\u00e7\u00e3o nas Vinhas)\"}]},{\"@type\":\"WebSite\",\"@id\":\"https:\\\/\\\/soalheiro.com\\\/#website\",\"url\":\"https:\\\/\\\/soalheiro.com\\\/\",\"name\":\"Soalheiro\",\"description\":\"Quinta de Soalheiro, located in Melga\u00e7o (the most northern point of Portugal), is protected by a range of mountains that create conditions of rainfall, temperature and sunshine hours necessary for the best ripening of the Alvarinho grapes.\",\"potentialAction\":[{\"@type\":\"SearchAction\",\"target\":{\"@type\":\"EntryPoint\",\"urlTemplate\":\"https:\\\/\\\/soalheiro.com\\\/?s={search_term_string}\"},\"query-input\":{\"@type\":\"PropertyValueSpecification\",\"valueRequired\":true,\"valueName\":\"search_term_string\"}}],\"inLanguage\":\"pt-PT\"}]}<\/script>\n<!-- \/ Yoast SEO plugin. -->","yoast_head_json":{"title":"Tudo come\u00e7a nas vinhas (Inova\u00e7\u00e3o nas Vinhas) - Soalheiro","robots":{"index":"index","follow":"follow","max-snippet":"max-snippet:-1","max-image-preview":"max-image-preview:large","max-video-preview":"max-video-preview:-1"},"canonical":"https:\/\/soalheiro.com\/pt-pt\/sustentabilidade-e-inovacao\/tudo-comeca-nas-vinhas\/","og_locale":"pt_PT","og_type":"article","og_title":"Tudo come\u00e7a nas vinhas (Inova\u00e7\u00e3o nas Vinhas) - Soalheiro","og_description":"[vc_row full_width=&#8221;stretch_row_content_no_spaces&#8221; mobile_bg_img_hidden=&#8221;no&#8221; tablet_bg_img_hidden=&#8221;no&#8221; woodmart_parallax=&#8221;1&#8243; woodmart_gradient_switch=&#8221;no&#8221; row_reverse_mobile=&#8221;0&#8243; row_reverse_tablet=&#8221;0&#8243; woodmart_disable_overflow=&#8221;0&#8243; css=&#8221;.vc_custom_1624283697578{padding-top: 300px !important;padding-bottom: 50px !important;background-image: url(https:\/\/soalheiro.com\/wp-content\/uploads\/2021\/06\/INNOVATION-IN-THE-VINEYARDS-HEADER-min.jpg?id=10879) !important;background-position: center !important;background-repeat: no-repeat !important;background-size:","og_url":"https:\/\/soalheiro.com\/pt-pt\/sustentabilidade-e-inovacao\/tudo-comeca-nas-vinhas\/","og_site_name":"Soalheiro","article_modified_time":"2021-07-01T08:28:57+00:00","twitter_card":"summary_large_image","twitter_misc":{"Tempo estimado de leitura":"4 minutos"},"schema":{"@context":"https:\/\/schema.org","@graph":[{"@type":"WebPage","@id":"https:\/\/soalheiro.com\/pt-pt\/sustentabilidade-e-inovacao\/tudo-comeca-nas-vinhas\/","url":"https:\/\/soalheiro.com\/pt-pt\/sustentabilidade-e-inovacao\/tudo-comeca-nas-vinhas\/","name":"Tudo come\u00e7a nas vinhas (Inova\u00e7\u00e3o nas Vinhas) - Soalheiro","isPartOf":{"@id":"https:\/\/soalheiro.com\/#website"},"datePublished":"2021-04-16T11:51:50+00:00","dateModified":"2021-07-01T08:28:57+00:00","breadcrumb":{"@id":"https:\/\/soalheiro.com\/pt-pt\/sustentabilidade-e-inovacao\/tudo-comeca-nas-vinhas\/#breadcrumb"},"inLanguage":"pt-PT","potentialAction":[{"@type":"ReadAction","target":["https:\/\/soalheiro.com\/pt-pt\/sustentabilidade-e-inovacao\/tudo-comeca-nas-vinhas\/"]}]},{"@type":"BreadcrumbList","@id":"https:\/\/soalheiro.com\/pt-pt\/sustentabilidade-e-inovacao\/tudo-comeca-nas-vinhas\/#breadcrumb","itemListElement":[{"@type":"ListItem","position":1,"name":"Home","item":"https:\/\/soalheiro.com\/pt-pt\/"},{"@type":"ListItem","position":2,"name":"Sustentabilidade e Inova\u00e7\u00e3o","item":"https:\/\/soalheiro.com\/pt-pt\/sustentabilidade-e-inovacao\/"},{"@type":"ListItem","position":3,"name":"Tudo come\u00e7a nas vinhas (Inova\u00e7\u00e3o nas Vinhas)"}]},{"@type":"WebSite","@id":"https:\/\/soalheiro.com\/#website","url":"https:\/\/soalheiro.com\/","name":"Soalheiro","description":"Quinta de Soalheiro, located in Melga\u00e7o (the most northern point of Portugal), is protected by a range of mountains that create conditions of rainfall, temperature and sunshine hours necessary for the best ripening of the Alvarinho grapes.","potentialAction":[{"@type":"SearchAction","target":{"@type":"EntryPoint","urlTemplate":"https:\/\/soalheiro.com\/?s={search_term_string}"},"query-input":{"@type":"PropertyValueSpecification","valueRequired":true,"valueName":"search_term_string"}}],"inLanguage":"pt-PT"}]}},"_links":{"self":[{"href":"https:\/\/soalheiro.com\/pt-pt\/wp-json\/wp\/v2\/pages\/11564","targetHints":{"allow":["GET"]}}],"collection":[{"href":"https:\/\/soalheiro.com\/pt-pt\/wp-json\/wp\/v2\/pages"}],"about":[{"href":"https:\/\/soalheiro.com\/pt-pt\/wp-json\/wp\/v2\/types\/page"}],"author":[{"embeddable":true,"href":"https:\/\/soalheiro.com\/pt-pt\/wp-json\/wp\/v2\/users\/985"}],"replies":[{"embeddable":true,"href":"https:\/\/soalheiro.com\/pt-pt\/wp-json\/wp\/v2\/comments?post=11564"}],"version-history":[{"count":0,"href":"https:\/\/soalheiro.com\/pt-pt\/wp-json\/wp\/v2\/pages\/11564\/revisions"}],"up":[{"embeddable":true,"href":"https:\/\/soalheiro.com\/pt-pt\/wp-json\/wp\/v2\/pages\/11498"}],"wp:attachment":[{"href":"https:\/\/soalheiro.com\/pt-pt\/wp-json\/wp\/v2\/media?parent=11564"}],"curies":[{"name":"wp","href":"https:\/\/api.w.org\/{rel}","templated":true}]}}