{"id":11572,"date":"2021-04-13T11:08:08","date_gmt":"2021-04-13T11:08:08","guid":{"rendered":"https:\/\/soalheiro.com\/sustentabilidade-e-inovacao\/opening-the-doors-of-our-territory-innovation-in-wine-tourism\/"},"modified":"2021-07-01T08:38:22","modified_gmt":"2021-07-01T08:38:22","slug":"abertura-das-portas-do-nosso-territorio","status":"publish","type":"page","link":"https:\/\/soalheiro.com\/pt-pt\/sustentabilidade-e-inovacao\/abertura-das-portas-do-nosso-territorio\/","title":{"rendered":"Abertura das portas do nosso Territ\u00f3rio (Inova\u00e7\u00e3o em Enoturismo)"},"content":{"rendered":"<p>[vc_row full_width=&#8221;stretch_row_content_no_spaces&#8221; mobile_bg_img_hidden=&#8221;no&#8221; tablet_bg_img_hidden=&#8221;no&#8221; woodmart_parallax=&#8221;1&#8243; woodmart_gradient_switch=&#8221;no&#8221; row_reverse_mobile=&#8221;0&#8243; row_reverse_tablet=&#8221;0&#8243; woodmart_disable_overflow=&#8221;0&#8243; css=&#8221;.vc_custom_1624283946370{padding-top: 300px !important;padding-bottom: 50px !important;background-image: url(https:\/\/soalheiro.com\/wp-content\/uploads\/2021\/06\/INNOVATION-IN-WINE-TOURISM-HEADER-min.jpg?id=10882) !important;background-position: center !important;background-repeat: no-repeat !important;background-size: cover !important;}&#8221;][vc_column]\n\t\t<div id=\"wd-60dd7e753ddaf\" class=\"title-wrapper wd-wpb set-mb-s reset-last-child  wd-rs-60dd7e753ddaf wd-title-color-default wd-title-style-default text-center  wd-underline-colored\">\n\t\t\t\t\t\t\t<div class=\"title-subtitle  subtitle-color-default font-default subtitle-style-default wd-font-weight- wd-fontsize-xs\">Projetos Sustent\u00e1veis<\/div>\n\t\t\t\n\t\t\t<div class=\"liner-continer\">\n\t\t\t\t<h1 class=\"woodmart-title-container title  wd-font-weight- wd-fontsize-xxl\" >Abertura das portas do nosso Territ\u00f3rio <\/h1>\n\t\t\t\t\t\t\t<\/div>\n\t\t\t\n\t\t\t\t\t\t\t<div class=\"title-after_title  set-cont-mb-s reset-last-child  wd-fontsize-s\">Inova\u00e7\u00e3o em Enoturismo<\/div>\n\t\t\t\n\t\t\t\n\t\t<\/div>\n\t\t\n\t\t[vc_icon icon_fontawesome=&#8221;fas fa-angle-down&#8221; color=&#8221;white&#8221; align=&#8221;center&#8221;][\/vc_column][\/vc_row][vc_row css=&#8221;.vc_custom_1616488494281{margin-top: 40px !important;margin-bottom: 40px !important;}&#8221; mobile_bg_img_hidden=&#8221;no&#8221; tablet_bg_img_hidden=&#8221;no&#8221; woodmart_parallax=&#8221;0&#8243; woodmart_gradient_switch=&#8221;no&#8221; row_reverse_mobile=&#8221;0&#8243; row_reverse_tablet=&#8221;0&#8243; woodmart_disable_overflow=&#8221;0&#8243;][vc_column offset=&#8221;vc_col-lg-offset-1 vc_col-lg-10&#8243; mobile_bg_img_hidden=&#8221;no&#8221; tablet_bg_img_hidden=&#8221;no&#8221; woodmart_parallax=&#8221;0&#8243; woodmart_sticky_column=&#8221;false&#8221; parallax_scroll=&#8221;no&#8221; mobile_reset_margin=&#8221;no&#8221; tablet_reset_margin=&#8221;no&#8221;][vc_row_inner][vc_column_inner width=&#8221;1\/2&#8243;][vc_column_text text_larger=&#8221;no&#8221;]Acreditamos que o Enoturismo \u00e9 uma das melhores formas de as pessoas conhecerem o nosso Territ\u00f3rio. Nunca houve uma data de in\u00edcio para o Enoturismo no Soalheiro. Desde os nossos primeiros dias como pequena adega que sempre acolhemos as pessoas na nossa casa de fam\u00edlia, partilhando o nosso amor pelos vinhos e pelo nosso Territ\u00f3rio. Desde ent\u00e3o, ampli\u00e1mos a oferta. Constru\u00edmos uma sala de provas com vista panor\u00e2mica sobre o Vale do Rio Minho, desenvolvemos parcerias com produtores locais, cri\u00e1mos experi\u00eancias gastron\u00f3micas especiais e at\u00e9 abrimos uma casa onde se pode dormir no meio das nossas infus\u00f5es. A nossa equipa est\u00e1 sempre \u00e0 procura de formas inovadoras de melhorar a nossa oferta de Enoturismo, respeitando o esp\u00edrito acolhedor que mantemos desde o in\u00edcio.<\/p>\n<p><strong>Soalheiro em casa.<\/strong>\u00a0Os nossos clientes podem solicitar entregas especiais dos nossos vinhos em sua casa, incluindo uma degusta\u00e7\u00e3o digital \u00fanica com o nosso en\u00f3logo. Desta forma, mesmo quando n\u00e3o tem oportunidade de visitar a adega, pode ter uma experi\u00eancia personalizada com alguns dos nossos vinhos. [\/vc_column_text][\/vc_column_inner][vc_column_inner width=&#8221;1\/2&#8243;][vc_column_text text_larger=&#8221;no&#8221;]<strong>Contar a hist\u00f3ria do Alvarinho.<\/strong> A nossa equipa desenvolveu um livro para crian\u00e7as sobre o Alvarinho. O objetivo deste projeto \u00e9 apresentar aos jovens locais uma uva com as suas origens em Mon\u00e7\u00e3o e Melga\u00e7o, e que est\u00e1 t\u00e3o ligada ao patrim\u00f3nio e economia locais. Com este projeto, esperamos educar sobre a import\u00e2ncia desta casta e inspirar orgulho nos jovens em rela\u00e7\u00e3o ao nosso Territ\u00f3rio. O livro encontra-se dispon\u00edvel gratuitamente no nosso website.<\/p>\n<p><strong>Os nossos pratos favoritos.<\/strong> Um livro de receitas foi desenvolvido pela nossa equipa durante o per\u00edodo de confinamento de 2020. Est\u00e1 recheado com os nossos pratos preferidos, alguns locais, da nossa regi\u00e3o, e outros de locais mais long\u00ednquos. Oferece uma grande variedade de pratos excelentes para acompanhar os nossos vinhos, permitindo que esteja mais perto da alma de nossa equipa, onde quer que se encontre. O livro de receitas encontra-se dispon\u00edvel de forma gratuita, no nosso website.[\/vc_column_text][\/vc_column_inner][\/vc_row_inner][vc_separator][vc_row_inner equal_height=&#8221;yes&#8221; row_reverse_mobile=&#8221;0&#8243; row_reverse_tablet=&#8221;0&#8243;][vc_column_inner width=&#8221;1\/3&#8243;][vc_single_image image=&#8221;10970&#8243; img_size=&#8221;full&#8221; alignment=&#8221;center&#8221; onclick=&#8221;link_image&#8221; parallax_scroll=&#8221;no&#8221;][\/vc_column_inner][vc_column_inner width=&#8221;1\/3&#8243;][vc_single_image image=&#8221;10971&#8243; img_size=&#8221;full&#8221; alignment=&#8221;center&#8221; onclick=&#8221;link_image&#8221; parallax_scroll=&#8221;no&#8221;][\/vc_column_inner][vc_column_inner width=&#8221;1\/3&#8243;][vc_single_image image=&#8221;10975&#8243; img_size=&#8221;full&#8221; alignment=&#8221;center&#8221; onclick=&#8221;link_image&#8221; parallax_scroll=&#8221;no&#8221;][\/vc_column_inner][\/vc_row_inner][\/vc_column][\/vc_row]<\/p>\n","protected":false},"excerpt":{"rendered":"<p>[vc_row full_width=&#8221;stretch_row_content_no_spaces&#8221; mobile_bg_img_hidden=&#8221;no&#8221; tablet_bg_img_hidden=&#8221;no&#8221; woodmart_parallax=&#8221;1&#8243; woodmart_gradient_switch=&#8221;no&#8221; row_reverse_mobile=&#8221;0&#8243; row_reverse_tablet=&#8221;0&#8243; woodmart_disable_overflow=&#8221;0&#8243; css=&#8221;.vc_custom_1624283946370{padding-top: 300px !important;padding-bottom: 50px !important;background-image: url(https:\/\/soalheiro.com\/wp-content\/uploads\/2021\/06\/INNOVATION-IN-WINE-TOURISM-HEADER-min.jpg?id=10882) !important;background-position: center !important;background-repeat: no-repeat !important;background-size:<\/p>\n","protected":false},"author":985,"featured_media":0,"parent":11498,"menu_order":0,"comment_status":"closed","ping_status":"closed","template":"","meta":{"footnotes":""},"class_list":["post-11572","page","type-page","status-publish","hentry"],"yoast_head":"<!-- This site is optimized with the Yoast SEO plugin v27.3 - https:\/\/yoast.com\/product\/yoast-seo-wordpress\/ -->\n<title>Abertura das portas do nosso Territ\u00f3rio (Inova\u00e7\u00e3o em Enoturismo) - Soalheiro<\/title>\n<meta name=\"robots\" content=\"index, follow, max-snippet:-1, max-image-preview:large, max-video-preview:-1\" \/>\n<link rel=\"canonical\" href=\"https:\/\/soalheiro.com\/pt-pt\/sustentabilidade-e-inovacao\/abertura-das-portas-do-nosso-territorio\/\" \/>\n<meta property=\"og:locale\" content=\"pt_PT\" \/>\n<meta property=\"og:type\" content=\"article\" \/>\n<meta property=\"og:title\" content=\"Abertura das portas do nosso Territ\u00f3rio (Inova\u00e7\u00e3o em Enoturismo) - Soalheiro\" \/>\n<meta property=\"og:description\" content=\"[vc_row full_width=&#8221;stretch_row_content_no_spaces&#8221; mobile_bg_img_hidden=&#8221;no&#8221; tablet_bg_img_hidden=&#8221;no&#8221; woodmart_parallax=&#8221;1&#8243; woodmart_gradient_switch=&#8221;no&#8221; row_reverse_mobile=&#8221;0&#8243; row_reverse_tablet=&#8221;0&#8243; woodmart_disable_overflow=&#8221;0&#8243; css=&#8221;.vc_custom_1624283946370{padding-top: 300px !important;padding-bottom: 50px !important;background-image: url(https:\/\/soalheiro.com\/wp-content\/uploads\/2021\/06\/INNOVATION-IN-WINE-TOURISM-HEADER-min.jpg?id=10882) !important;background-position: center !important;background-repeat: no-repeat !important;background-size:\" \/>\n<meta property=\"og:url\" content=\"https:\/\/soalheiro.com\/pt-pt\/sustentabilidade-e-inovacao\/abertura-das-portas-do-nosso-territorio\/\" \/>\n<meta property=\"og:site_name\" content=\"Soalheiro\" \/>\n<meta property=\"article:modified_time\" content=\"2021-07-01T08:38:22+00:00\" \/>\n<meta name=\"twitter:card\" content=\"summary_large_image\" \/>\n<meta name=\"twitter:label1\" content=\"Tempo estimado de leitura\" \/>\n\t<meta name=\"twitter:data1\" content=\"4 minutos\" \/>\n<script type=\"application\/ld+json\" class=\"yoast-schema-graph\">{\"@context\":\"https:\\\/\\\/schema.org\",\"@graph\":[{\"@type\":\"WebPage\",\"@id\":\"https:\\\/\\\/soalheiro.com\\\/pt-pt\\\/sustentabilidade-e-inovacao\\\/abertura-das-portas-do-nosso-territorio\\\/\",\"url\":\"https:\\\/\\\/soalheiro.com\\\/pt-pt\\\/sustentabilidade-e-inovacao\\\/abertura-das-portas-do-nosso-territorio\\\/\",\"name\":\"Abertura das portas do nosso Territ\u00f3rio (Inova\u00e7\u00e3o em Enoturismo) - Soalheiro\",\"isPartOf\":{\"@id\":\"https:\\\/\\\/soalheiro.com\\\/#website\"},\"datePublished\":\"2021-04-13T11:08:08+00:00\",\"dateModified\":\"2021-07-01T08:38:22+00:00\",\"breadcrumb\":{\"@id\":\"https:\\\/\\\/soalheiro.com\\\/pt-pt\\\/sustentabilidade-e-inovacao\\\/abertura-das-portas-do-nosso-territorio\\\/#breadcrumb\"},\"inLanguage\":\"pt-PT\",\"potentialAction\":[{\"@type\":\"ReadAction\",\"target\":[\"https:\\\/\\\/soalheiro.com\\\/pt-pt\\\/sustentabilidade-e-inovacao\\\/abertura-das-portas-do-nosso-territorio\\\/\"]}]},{\"@type\":\"BreadcrumbList\",\"@id\":\"https:\\\/\\\/soalheiro.com\\\/pt-pt\\\/sustentabilidade-e-inovacao\\\/abertura-das-portas-do-nosso-territorio\\\/#breadcrumb\",\"itemListElement\":[{\"@type\":\"ListItem\",\"position\":1,\"name\":\"Home\",\"item\":\"https:\\\/\\\/soalheiro.com\\\/pt-pt\\\/\"},{\"@type\":\"ListItem\",\"position\":2,\"name\":\"Sustentabilidade e Inova\u00e7\u00e3o\",\"item\":\"https:\\\/\\\/soalheiro.com\\\/pt-pt\\\/sustentabilidade-e-inovacao\\\/\"},{\"@type\":\"ListItem\",\"position\":3,\"name\":\"Abertura das portas do nosso Territ\u00f3rio (Inova\u00e7\u00e3o em Enoturismo)\"}]},{\"@type\":\"WebSite\",\"@id\":\"https:\\\/\\\/soalheiro.com\\\/#website\",\"url\":\"https:\\\/\\\/soalheiro.com\\\/\",\"name\":\"Soalheiro\",\"description\":\"Quinta de Soalheiro, located in Melga\u00e7o (the most northern point of Portugal), is protected by a range of mountains that create conditions of rainfall, temperature and sunshine hours necessary for the best ripening of the Alvarinho grapes.\",\"potentialAction\":[{\"@type\":\"SearchAction\",\"target\":{\"@type\":\"EntryPoint\",\"urlTemplate\":\"https:\\\/\\\/soalheiro.com\\\/?s={search_term_string}\"},\"query-input\":{\"@type\":\"PropertyValueSpecification\",\"valueRequired\":true,\"valueName\":\"search_term_string\"}}],\"inLanguage\":\"pt-PT\"}]}<\/script>\n<!-- \/ Yoast SEO plugin. -->","yoast_head_json":{"title":"Abertura das portas do nosso Territ\u00f3rio (Inova\u00e7\u00e3o em Enoturismo) - Soalheiro","robots":{"index":"index","follow":"follow","max-snippet":"max-snippet:-1","max-image-preview":"max-image-preview:large","max-video-preview":"max-video-preview:-1"},"canonical":"https:\/\/soalheiro.com\/pt-pt\/sustentabilidade-e-inovacao\/abertura-das-portas-do-nosso-territorio\/","og_locale":"pt_PT","og_type":"article","og_title":"Abertura das portas do nosso Territ\u00f3rio (Inova\u00e7\u00e3o em Enoturismo) - Soalheiro","og_description":"[vc_row full_width=&#8221;stretch_row_content_no_spaces&#8221; mobile_bg_img_hidden=&#8221;no&#8221; tablet_bg_img_hidden=&#8221;no&#8221; woodmart_parallax=&#8221;1&#8243; woodmart_gradient_switch=&#8221;no&#8221; row_reverse_mobile=&#8221;0&#8243; row_reverse_tablet=&#8221;0&#8243; woodmart_disable_overflow=&#8221;0&#8243; css=&#8221;.vc_custom_1624283946370{padding-top: 300px !important;padding-bottom: 50px !important;background-image: url(https:\/\/soalheiro.com\/wp-content\/uploads\/2021\/06\/INNOVATION-IN-WINE-TOURISM-HEADER-min.jpg?id=10882) !important;background-position: center !important;background-repeat: no-repeat !important;background-size:","og_url":"https:\/\/soalheiro.com\/pt-pt\/sustentabilidade-e-inovacao\/abertura-das-portas-do-nosso-territorio\/","og_site_name":"Soalheiro","article_modified_time":"2021-07-01T08:38:22+00:00","twitter_card":"summary_large_image","twitter_misc":{"Tempo estimado de leitura":"4 minutos"},"schema":{"@context":"https:\/\/schema.org","@graph":[{"@type":"WebPage","@id":"https:\/\/soalheiro.com\/pt-pt\/sustentabilidade-e-inovacao\/abertura-das-portas-do-nosso-territorio\/","url":"https:\/\/soalheiro.com\/pt-pt\/sustentabilidade-e-inovacao\/abertura-das-portas-do-nosso-territorio\/","name":"Abertura das portas do nosso Territ\u00f3rio (Inova\u00e7\u00e3o em Enoturismo) - Soalheiro","isPartOf":{"@id":"https:\/\/soalheiro.com\/#website"},"datePublished":"2021-04-13T11:08:08+00:00","dateModified":"2021-07-01T08:38:22+00:00","breadcrumb":{"@id":"https:\/\/soalheiro.com\/pt-pt\/sustentabilidade-e-inovacao\/abertura-das-portas-do-nosso-territorio\/#breadcrumb"},"inLanguage":"pt-PT","potentialAction":[{"@type":"ReadAction","target":["https:\/\/soalheiro.com\/pt-pt\/sustentabilidade-e-inovacao\/abertura-das-portas-do-nosso-territorio\/"]}]},{"@type":"BreadcrumbList","@id":"https:\/\/soalheiro.com\/pt-pt\/sustentabilidade-e-inovacao\/abertura-das-portas-do-nosso-territorio\/#breadcrumb","itemListElement":[{"@type":"ListItem","position":1,"name":"Home","item":"https:\/\/soalheiro.com\/pt-pt\/"},{"@type":"ListItem","position":2,"name":"Sustentabilidade e Inova\u00e7\u00e3o","item":"https:\/\/soalheiro.com\/pt-pt\/sustentabilidade-e-inovacao\/"},{"@type":"ListItem","position":3,"name":"Abertura das portas do nosso Territ\u00f3rio (Inova\u00e7\u00e3o em Enoturismo)"}]},{"@type":"WebSite","@id":"https:\/\/soalheiro.com\/#website","url":"https:\/\/soalheiro.com\/","name":"Soalheiro","description":"Quinta de Soalheiro, located in Melga\u00e7o (the most northern point of Portugal), is protected by a range of mountains that create conditions of rainfall, temperature and sunshine hours necessary for the best ripening of the Alvarinho grapes.","potentialAction":[{"@type":"SearchAction","target":{"@type":"EntryPoint","urlTemplate":"https:\/\/soalheiro.com\/?s={search_term_string}"},"query-input":{"@type":"PropertyValueSpecification","valueRequired":true,"valueName":"search_term_string"}}],"inLanguage":"pt-PT"}]}},"_links":{"self":[{"href":"https:\/\/soalheiro.com\/pt-pt\/wp-json\/wp\/v2\/pages\/11572","targetHints":{"allow":["GET"]}}],"collection":[{"href":"https:\/\/soalheiro.com\/pt-pt\/wp-json\/wp\/v2\/pages"}],"about":[{"href":"https:\/\/soalheiro.com\/pt-pt\/wp-json\/wp\/v2\/types\/page"}],"author":[{"embeddable":true,"href":"https:\/\/soalheiro.com\/pt-pt\/wp-json\/wp\/v2\/users\/985"}],"replies":[{"embeddable":true,"href":"https:\/\/soalheiro.com\/pt-pt\/wp-json\/wp\/v2\/comments?post=11572"}],"version-history":[{"count":0,"href":"https:\/\/soalheiro.com\/pt-pt\/wp-json\/wp\/v2\/pages\/11572\/revisions"}],"up":[{"embeddable":true,"href":"https:\/\/soalheiro.com\/pt-pt\/wp-json\/wp\/v2\/pages\/11498"}],"wp:attachment":[{"href":"https:\/\/soalheiro.com\/pt-pt\/wp-json\/wp\/v2\/media?parent=11572"}],"curies":[{"name":"wp","href":"https:\/\/api.w.org\/{rel}","templated":true}]}}