{"id":11576,"date":"2021-04-16T11:55:28","date_gmt":"2021-04-16T11:55:28","guid":{"rendered":"https:\/\/soalheiro.com\/sustentabilidade-e-inovacao\/cultivating-old-traditions-herbal-tea-venture\/"},"modified":"2021-07-05T08:50:01","modified_gmt":"2021-07-05T08:50:01","slug":"cultivar-tradicoes","status":"publish","type":"page","link":"https:\/\/soalheiro.com\/pt-pt\/sustentabilidade-e-inovacao\/cultivar-tradicoes\/","title":{"rendered":"Cultivar Tradi\u00e7\u00f5es (Infus\u00f5es)"},"content":{"rendered":"<p>[vc_row full_width=&#8221;stretch_row_content_no_spaces&#8221; mobile_bg_img_hidden=&#8221;no&#8221; tablet_bg_img_hidden=&#8221;no&#8221; woodmart_parallax=&#8221;1&#8243; woodmart_gradient_switch=&#8221;no&#8221; row_reverse_mobile=&#8221;0&#8243; row_reverse_tablet=&#8221;0&#8243; woodmart_disable_overflow=&#8221;0&#8243; css=&#8221;.vc_custom_1624284073928{padding-top: 300px !important;padding-bottom: 50px !important;background-image: url(https:\/\/soalheiro.com\/wp-content\/uploads\/2021\/06\/Cultivating-old-tradit-HEADER-min.jpg?id=10881) !important;background-position: center !important;background-repeat: no-repeat !important;background-size: cover !important;}&#8221;][vc_column]\n\t\t<div id=\"wd-60dd825ab5569\" class=\"title-wrapper wd-wpb set-mb-s reset-last-child  wd-rs-60dd825ab5569 wd-title-color-default wd-title-style-default text-center  wd-underline-colored\">\n\t\t\t\t\t\t\t<div class=\"title-subtitle  subtitle-color-default font-default subtitle-style-default wd-font-weight- wd-fontsize-xs\">Projetos Sustent\u00e1veis<\/div>\n\t\t\t\n\t\t\t<div class=\"liner-continer\">\n\t\t\t\t<h1 class=\"woodmart-title-container title  wd-font-weight- wd-fontsize-xxl\" >Cultivar Tradi\u00e7\u00f5es<\/h1>\n\t\t\t\t\t\t\t<\/div>\n\t\t\t\n\t\t\t\t\t\t\t<div class=\"title-after_title  set-cont-mb-s reset-last-child  wd-fontsize-s\">Infus\u00f5es<\/div>\n\t\t\t\n\t\t\t\n\t\t<\/div>\n\t\t\n\t\t[vc_icon icon_fontawesome=&#8221;fas fa-angle-down&#8221; color=&#8221;white&#8221; align=&#8221;center&#8221;][\/vc_column][\/vc_row][vc_row css=&#8221;.vc_custom_1616488494281{margin-top: 40px !important;margin-bottom: 40px !important;}&#8221; mobile_bg_img_hidden=&#8221;no&#8221; tablet_bg_img_hidden=&#8221;no&#8221; woodmart_parallax=&#8221;0&#8243; woodmart_gradient_switch=&#8221;no&#8221; row_reverse_mobile=&#8221;0&#8243; row_reverse_tablet=&#8221;0&#8243; woodmart_disable_overflow=&#8221;0&#8243;][vc_column offset=&#8221;vc_col-lg-offset-1 vc_col-lg-10&#8243; mobile_bg_img_hidden=&#8221;no&#8221; tablet_bg_img_hidden=&#8221;no&#8221; woodmart_parallax=&#8221;0&#8243; woodmart_sticky_column=&#8221;false&#8221; parallax_scroll=&#8221;no&#8221; mobile_reset_margin=&#8221;no&#8221; tablet_reset_margin=&#8221;no&#8221;][vc_row_inner][vc_column_inner width=&#8221;1\/2&#8243;][vc_column_text text_larger=&#8221;no&#8221;]No esfor\u00e7o de preservar e valorizar a cultura local de infus\u00f5es, desenvolvemos uma \u00e1rea do Soalheiro dedicada \u00e0 sua produ\u00e7\u00e3o. Assumindo a responsabilidade por todo o processo, desde o cultivo at\u00e9 \u00e0 secagem e \u00e0 embalagem, fizemos parceria com especialistas locais para garantir as melhores pr\u00e1ticas. As nossas infus\u00f5es s\u00e3o provenientes de plantas que crescem no nosso Territ\u00f3rio, bem como de outras que a ele se adaptam de uma forma perfeita. N\u00e3o medimos esfor\u00e7os para que as nossas infus\u00f5es expressem todas as qualidades de cada planta.[\/vc_column_text][\/vc_column_inner][vc_column_inner width=&#8221;1\/2&#8243;][vc_column_text text_larger=&#8221;no&#8221;]Os impactos deste projeto atingem muitos aspetos de nossa regi\u00e3o. O cultivo destas plantas \u00e9 certificado como biol\u00f3gico e promove a biodiversidade, sendo que algumas plantas crescem de forma selvagem entre as vinhas. Este projeto permite-nos abrir as nossas asas, evitando a monocultura e promovendo a diversidade agr\u00edcola. Antes de o Alvarinho se tornar na cultura mais popular, os habitantes da nossa regi\u00e3o cultivavam plantas nos seus quintais para infus\u00f5es ou para fins culin\u00e1rios. Atrav\u00e9s do nosso projeto, essa cultura \u00e9 revitalizada, permitindo, inclusive, que aqueles que agora moram longe tenham acesso \u00e0s infus\u00f5es da sua regi\u00e3o. Tamb\u00e9m compramos plantas a produtores locais, que s\u00e3o membros do nosso Clube de Produtores, valorizando o seu trabalho \u00e1rduo e beneficiando, assim, a economia local. [\/vc_column_text][\/vc_column_inner][\/vc_row_inner][vc_separator]\t\t<div id=\"gallery_678\" class=\"wd-images-gallery wd-justify-center wd-items-middle view-grid photoswipe-images\" >\n\t\t\t<div class=\"gallery-images row wd-spacing-10\">\n\t\t\t\t\t\t\t\t\t\t\t\t\t\t\t<div class=\"wd-gallery-item col-lg-2 col-md-3 col-sm-4 col-6\">\n\t\t\t\t\t\t\t\t\t\t\t\t\t\t<a href=\"https:\/\/soalheiro.com\/wp-content\/uploads\/2021\/06\/0099.jpg\" data-elementor-open-lightbox=\"no\" data-index=\"1\" data-width=\"750\" data-height=\"500\"  >\n\t\t\t\t\t\t\t\t\n\t\t\t\t\t\t\t\t\t\t\t\t\t\t\t\t\t<img fetchpriority=\"high\" decoding=\"async\" width=\"300\" height=\"200\" src=\"data:image\/jpg;base64,\/9j\/4AAQSkZJRgABAQAAAQABAAD\/2wBDAAYEBAUEBAYFBQUGBgYHCQ4JCQgICRINDQoOFRIWFhUSFBQXGiEcFxgfGRQUHScdHyIjJSUlFhwpLCgkKyEkJST\/2wBDAQYGBgkICREJCREkGBQYJCQkJCQkJCQkJCQkJCQkJCQkJCQkJCQkJCQkJCQkJCQkJCQkJCQkJCQkJCQkJCQkJCT\/wAARCAAKAA8DASIAAhEBAxEB\/8QAFQABAQAAAAAAAAAAAAAAAAAABAX\/xAAiEAACAQQCAQUAAAAAAAAAAAABAwIABBESBSElMUFCYaH\/xAAVAQEBAAAAAAAAAAAAAAAAAAAFBv\/EABoRAAICAwAAAAAAAAAAAAAAAAERAPASFHH\/2gAMAwEAAhEDEQA\/AJnE31kiyWs6EMi5jDEYOkYmMf0EihXF6tS4TTcs3hIHWIwcSBzIH76zTeCUuSV7QifHOPY995UvkLdMLDkdVLjhafSIHyoAEXkoNctZVqf\/2Q==\" class=\"wd-gallery-image image-1 attachment-medium wd-lazy-load woodmart-lazy-load wd-lazy-fade\" alt=\"\" title=\"0099\" srcset=\"\" sizes=\"(max-width: 300px) 100vw, 300px\" data-wood-src=\"https:\/\/soalheiro.com\/wp-content\/uploads\/2021\/06\/0099-300x200.jpg\" data-srcset=\"https:\/\/soalheiro.com\/wp-content\/uploads\/2021\/06\/0099-300x200.jpg 300w, https:\/\/soalheiro.com\/wp-content\/uploads\/2021\/06\/0099-150x100.jpg 150w, https:\/\/soalheiro.com\/wp-content\/uploads\/2021\/06\/0099.jpg 750w\" \/>\t\t\t\t\t\t\t\t\n\n\t\t\t\t\t\t\t\t\t\t\t\t\t\t\t<\/a>\n\t\t\t\t\t\t\t\t\t\t\t\t<\/div>\n\t\t\t\t\t\t\t\t\t\t\t<div class=\"wd-gallery-item col-lg-2 col-md-3 col-sm-4 col-6\">\n\t\t\t\t\t\t\t\t\t\t\t\t\t\t<a href=\"https:\/\/soalheiro.com\/wp-content\/uploads\/2021\/06\/0148.jpg\" data-elementor-open-lightbox=\"no\" data-index=\"2\" data-width=\"750\" data-height=\"500\"  >\n\t\t\t\t\t\t\t\t\n\t\t\t\t\t\t\t\t\t\t\t\t\t\t\t\t\t<img decoding=\"async\" width=\"300\" height=\"200\" src=\"data:image\/jpg;base64,\/9j\/4AAQSkZJRgABAQAAAQABAAD\/2wBDAAYEBAUEBAYFBQUGBgYHCQ4JCQgICRINDQoOFRIWFhUSFBQXGiEcFxgfGRQUHScdHyIjJSUlFhwpLCgkKyEkJST\/2wBDAQYGBgkICREJCREkGBQYJCQkJCQkJCQkJCQkJCQkJCQkJCQkJCQkJCQkJCQkJCQkJCQkJCQkJCQkJCQkJCQkJCT\/wAARCAAKAA8DASIAAhEBAxEB\/8QAFgABAQEAAAAAAAAAAAAAAAAABgME\/8QAIBAAAgMAAgIDAQAAAAAAAAAAAQMCBBEABRIhEyJBkf\/EABQBAQAAAAAAAAAAAAAAAAAAAAX\/xAAeEQABAwQDAAAAAAAAAAAAAAABAgMRAAQhQRIxYf\/aAAwDAQACEQMRAD8A3V6NLo4TqssKUWOXJi4Q2ECRHSDoObn5xCjpl2rE+yq0WtZOW\/KuvoPrx9S0cl39dM+060zSuRIjuxB3iNBKbqlqPhDwP1j6H84Fb8S+tAEZnGz73TDzcMpWTON1\/9k=\" class=\"wd-gallery-image image-2 attachment-medium wd-lazy-load woodmart-lazy-load wd-lazy-fade\" alt=\"\" title=\"0148\" srcset=\"\" sizes=\"(max-width: 300px) 100vw, 300px\" data-wood-src=\"https:\/\/soalheiro.com\/wp-content\/uploads\/2021\/06\/0148-300x200.jpg\" data-srcset=\"https:\/\/soalheiro.com\/wp-content\/uploads\/2021\/06\/0148-300x200.jpg 300w, https:\/\/soalheiro.com\/wp-content\/uploads\/2021\/06\/0148-150x100.jpg 150w, https:\/\/soalheiro.com\/wp-content\/uploads\/2021\/06\/0148.jpg 750w\" \/>\t\t\t\t\t\t\t\t\n\n\t\t\t\t\t\t\t\t\t\t\t\t\t\t\t<\/a>\n\t\t\t\t\t\t\t\t\t\t\t\t<\/div>\n\t\t\t\t\t\t\t\t\t\t\t<div class=\"wd-gallery-item col-lg-2 col-md-3 col-sm-4 col-6\">\n\t\t\t\t\t\t\t\t\t\t\t\t\t\t<a href=\"https:\/\/soalheiro.com\/wp-content\/uploads\/2021\/06\/G5E02722.jpg\" data-elementor-open-lightbox=\"no\" data-index=\"3\" data-width=\"750\" data-height=\"500\"  >\n\t\t\t\t\t\t\t\t\n\t\t\t\t\t\t\t\t\t\t\t\t\t\t\t\t\t<img decoding=\"async\" width=\"300\" height=\"200\" src=\"data:image\/jpg;base64,\/9j\/4AAQSkZJRgABAQAAAQABAAD\/2wBDAAYEBAUEBAYFBQUGBgYHCQ4JCQgICRINDQoOFRIWFhUSFBQXGiEcFxgfGRQUHScdHyIjJSUlFhwpLCgkKyEkJST\/2wBDAQYGBgkICREJCREkGBQYJCQkJCQkJCQkJCQkJCQkJCQkJCQkJCQkJCQkJCQkJCQkJCQkJCQkJCQkJCQkJCQkJCT\/wAARCAAKAA8DASIAAhEBAxEB\/8QAFgABAQEAAAAAAAAAAAAAAAAAAgMG\/8QAJBAAAQMDBAEFAAAAAAAAAAAAAQIDBAURIQASMUETBhQVIoH\/xAAVAQEBAAAAAAAAAAAAAAAAAAAEBv\/EABwRAAICAgMAAAAAAAAAAAAAAAECAxEAIUFh4f\/aAAwDAQACEQMRAD8AxVJovvB8eJrEZbqQEh3GegeMHj90UPxost5utQpLi46i342l7ACDY2BBI761aO2jzSvonBUBjgbuNH1i025R6XIWhKnnIwC3CLqUArFzybalUjAdgd0fMFFCqhmqyp57z\/\/Z\" class=\"wd-gallery-image image-3 attachment-medium wd-lazy-load woodmart-lazy-load wd-lazy-fade\" alt=\"\" title=\"G5E02722\" srcset=\"\" sizes=\"(max-width: 300px) 100vw, 300px\" data-wood-src=\"https:\/\/soalheiro.com\/wp-content\/uploads\/2021\/06\/G5E02722-300x200.jpg\" data-srcset=\"https:\/\/soalheiro.com\/wp-content\/uploads\/2021\/06\/G5E02722-300x200.jpg 300w, https:\/\/soalheiro.com\/wp-content\/uploads\/2021\/06\/G5E02722-150x100.jpg 150w, https:\/\/soalheiro.com\/wp-content\/uploads\/2021\/06\/G5E02722.jpg 750w\" \/>\t\t\t\t\t\t\t\t\n\n\t\t\t\t\t\t\t\t\t\t\t\t\t\t\t<\/a>\n\t\t\t\t\t\t\t\t\t\t\t\t<\/div>\n\t\t\t\t\t\t\t\t\t\t\t<div class=\"wd-gallery-item col-lg-2 col-md-3 col-sm-4 col-6\">\n\t\t\t\t\t\t\t\t\t\t\t\t\t\t<a href=\"https:\/\/soalheiro.com\/wp-content\/uploads\/2021\/06\/G5E02731.jpg\" data-elementor-open-lightbox=\"no\" data-index=\"4\" data-width=\"750\" data-height=\"500\"  >\n\t\t\t\t\t\t\t\t\n\t\t\t\t\t\t\t\t\t\t\t\t\t\t\t\t\t<img loading=\"lazy\" decoding=\"async\" width=\"300\" height=\"200\" src=\"data:image\/jpg;base64,\/9j\/4AAQSkZJRgABAQAAAQABAAD\/2wBDAAYEBAUEBAYFBQUGBgYHCQ4JCQgICRINDQoOFRIWFhUSFBQXGiEcFxgfGRQUHScdHyIjJSUlFhwpLCgkKyEkJST\/2wBDAQYGBgkICREJCREkGBQYJCQkJCQkJCQkJCQkJCQkJCQkJCQkJCQkJCQkJCQkJCQkJCQkJCQkJCQkJCQkJCQkJCT\/wAARCAAKAA8DASIAAhEBAxEB\/8QAFQABAQAAAAAAAAAAAAAAAAAABQP\/xAAkEAABAwQBAwUAAAAAAAAAAAABAgMRBAUGIQASMVETImFxkf\/EABUBAQEAAAAAAAAAAAAAAAAAAAMF\/8QAHBEAAgICAwAAAAAAAAAAAAAAAQIAEQMEEhNB\/9oADAMBAAIRAxEAPwATPBbspqkLuFDcKULZ6kvgBS0vTB7d0kD9jjuAVFqw6yOP0zK6d0uBIU+QpxwxtSo0PAA+fPLXBKXLrVdYCo6IkTGhwfIfbYaoJ0PVRoffJ+1yGNgjEVHcnrLe1P\/Z\" class=\"wd-gallery-image image-4 attachment-medium wd-lazy-load woodmart-lazy-load wd-lazy-fade\" alt=\"\" title=\"G5E02731\" srcset=\"\" sizes=\"(max-width: 300px) 100vw, 300px\" data-wood-src=\"https:\/\/soalheiro.com\/wp-content\/uploads\/2021\/06\/G5E02731-300x200.jpg\" data-srcset=\"https:\/\/soalheiro.com\/wp-content\/uploads\/2021\/06\/G5E02731-300x200.jpg 300w, https:\/\/soalheiro.com\/wp-content\/uploads\/2021\/06\/G5E02731-150x100.jpg 150w, https:\/\/soalheiro.com\/wp-content\/uploads\/2021\/06\/G5E02731.jpg 750w\" \/>\t\t\t\t\t\t\t\t\n\n\t\t\t\t\t\t\t\t\t\t\t\t\t\t\t<\/a>\n\t\t\t\t\t\t\t\t\t\t\t\t<\/div>\n\t\t\t\t\t\t\t\t\t\t\t<div class=\"wd-gallery-item col-lg-2 col-md-3 col-sm-4 col-6\">\n\t\t\t\t\t\t\t\t\t\t\t\t\t\t<a href=\"https:\/\/soalheiro.com\/wp-content\/uploads\/2021\/06\/G5E09726.jpg\" data-elementor-open-lightbox=\"no\" data-index=\"5\" data-width=\"750\" data-height=\"500\"  >\n\t\t\t\t\t\t\t\t\n\t\t\t\t\t\t\t\t\t\t\t\t\t\t\t\t\t<img loading=\"lazy\" decoding=\"async\" width=\"300\" height=\"200\" src=\"data:image\/jpg;base64,\/9j\/4AAQSkZJRgABAQAAAQABAAD\/2wBDAAYEBAUEBAYFBQUGBgYHCQ4JCQgICRINDQoOFRIWFhUSFBQXGiEcFxgfGRQUHScdHyIjJSUlFhwpLCgkKyEkJST\/2wBDAQYGBgkICREJCREkGBQYJCQkJCQkJCQkJCQkJCQkJCQkJCQkJCQkJCQkJCQkJCQkJCQkJCQkJCQkJCQkJCQkJCT\/wAARCAAKAA8DASIAAhEBAxEB\/8QAFwAAAwEAAAAAAAAAAAAAAAAAAQQFBv\/EACQQAAIBAwMDBQAAAAAAAAAAAAEDAgAEEgURIQYxQRMUMnGx\/8QAFQEBAQAAAAAAAAAAAAAAAAAABAb\/xAAeEQABAgcBAAAAAAAAAAAAAAABAAMCBBEVISKR8P\/aAAwDAQACEQMRAD8AN\/1ncMUhVs323qkkTTCMidhyPrcjkVIu7rVLpNw9muPVKGMSJSwlE8eO35S7Yga+hIAC45AQHxAy7bVkutbhydYepbmQXNYlKEZECRzlyR5NT1zm3YtnD4oQApgDi\/\/Z\" class=\"wd-gallery-image image-5 attachment-medium wd-lazy-load woodmart-lazy-load wd-lazy-fade\" alt=\"\" title=\"G5E09726\" srcset=\"\" sizes=\"(max-width: 300px) 100vw, 300px\" data-wood-src=\"https:\/\/soalheiro.com\/wp-content\/uploads\/2021\/06\/G5E09726-300x200.jpg\" data-srcset=\"https:\/\/soalheiro.com\/wp-content\/uploads\/2021\/06\/G5E09726-300x200.jpg 300w, https:\/\/soalheiro.com\/wp-content\/uploads\/2021\/06\/G5E09726-150x100.jpg 150w, https:\/\/soalheiro.com\/wp-content\/uploads\/2021\/06\/G5E09726.jpg 750w\" \/>\t\t\t\t\t\t\t\t\n\n\t\t\t\t\t\t\t\t\t\t\t\t\t\t\t<\/a>\n\t\t\t\t\t\t\t\t\t\t\t\t<\/div>\n\t\t\t\t\t\t\t\t\t\t\t<div class=\"wd-gallery-item col-lg-2 col-md-3 col-sm-4 col-6\">\n\t\t\t\t\t\t\t\t\t\t\t\t\t\t<a href=\"https:\/\/soalheiro.com\/wp-content\/uploads\/2021\/06\/G5E09734.jpg\" data-elementor-open-lightbox=\"no\" data-index=\"6\" data-width=\"750\" data-height=\"500\"  >\n\t\t\t\t\t\t\t\t\n\t\t\t\t\t\t\t\t\t\t\t\t\t\t\t\t\t<img loading=\"lazy\" decoding=\"async\" width=\"300\" height=\"200\" src=\"data:image\/jpg;base64,\/9j\/4AAQSkZJRgABAQAAAQABAAD\/2wBDAAYEBAUEBAYFBQUGBgYHCQ4JCQgICRINDQoOFRIWFhUSFBQXGiEcFxgfGRQUHScdHyIjJSUlFhwpLCgkKyEkJST\/2wBDAQYGBgkICREJCREkGBQYJCQkJCQkJCQkJCQkJCQkJCQkJCQkJCQkJCQkJCQkJCQkJCQkJCQkJCQkJCQkJCQkJCT\/wAARCAAKAA8DASIAAhEBAxEB\/8QAFwAAAwEAAAAAAAAAAAAAAAAAAgMEBv\/EACQQAAICAQMCBwAAAAAAAAAAAAECAwQRACExBRIGEzNDUXHw\/8QAFQEBAQAAAAAAAAAAAAAAAAAABAb\/xAAYEQEBAAMAAAAAAAAAAAAAAAABAAIhMf\/aAAwDAQACEQMRAD8ATRq1LtWNgz2GOBhM9p3IO42BzjPGN9Da6bVeiUeGBu0geoWRwCQGGeOP2dZTw9bsxdLR47EqM16FCVcglSxyPo\/GrpZHiq1RG7IPLk2U490jUrtVWErl2\/\/Z\" class=\"wd-gallery-image image-6 attachment-medium wd-lazy-load woodmart-lazy-load wd-lazy-fade\" alt=\"\" title=\"G5E09734\" srcset=\"\" sizes=\"(max-width: 300px) 100vw, 300px\" data-wood-src=\"https:\/\/soalheiro.com\/wp-content\/uploads\/2021\/06\/G5E09734-300x200.jpg\" data-srcset=\"https:\/\/soalheiro.com\/wp-content\/uploads\/2021\/06\/G5E09734-300x200.jpg 300w, https:\/\/soalheiro.com\/wp-content\/uploads\/2021\/06\/G5E09734-150x100.jpg 150w, https:\/\/soalheiro.com\/wp-content\/uploads\/2021\/06\/G5E09734.jpg 750w\" \/>\t\t\t\t\t\t\t\t\n\n\t\t\t\t\t\t\t\t\t\t\t\t\t\t\t<\/a>\n\t\t\t\t\t\t\t\t\t\t\t\t<\/div>\n\t\t\t\t\t\t\t\t\t\t\t\t<\/div>\n\t\t<\/div>\n\t\t\t\t[\/vc_column][\/vc_row]<\/p>\n","protected":false},"excerpt":{"rendered":"<p>[vc_row full_width=&#8221;stretch_row_content_no_spaces&#8221; mobile_bg_img_hidden=&#8221;no&#8221; tablet_bg_img_hidden=&#8221;no&#8221; woodmart_parallax=&#8221;1&#8243; woodmart_gradient_switch=&#8221;no&#8221; row_reverse_mobile=&#8221;0&#8243; row_reverse_tablet=&#8221;0&#8243; woodmart_disable_overflow=&#8221;0&#8243; css=&#8221;.vc_custom_1624284073928{padding-top: 300px !important;padding-bottom: 50px !important;background-image: url(https:\/\/soalheiro.com\/wp-content\/uploads\/2021\/06\/Cultivating-old-tradit-HEADER-min.jpg?id=10881) !important;background-position: center !important;background-repeat: no-repeat !important;background-size:<\/p>\n","protected":false},"author":985,"featured_media":0,"parent":11498,"menu_order":0,"comment_status":"closed","ping_status":"closed","template":"","meta":{"footnotes":""},"class_list":["post-11576","page","type-page","status-publish","hentry"],"yoast_head":"<!-- This site is optimized with the Yoast SEO plugin v27.3 - https:\/\/yoast.com\/product\/yoast-seo-wordpress\/ -->\n<title>Cultivar Tradi\u00e7\u00f5es (Infus\u00f5es) - Soalheiro<\/title>\n<meta name=\"robots\" content=\"index, follow, max-snippet:-1, max-image-preview:large, max-video-preview:-1\" \/>\n<link rel=\"canonical\" href=\"https:\/\/soalheiro.com\/pt-pt\/sustentabilidade-e-inovacao\/cultivar-tradicoes\/\" \/>\n<meta property=\"og:locale\" content=\"pt_PT\" \/>\n<meta property=\"og:type\" content=\"article\" \/>\n<meta property=\"og:title\" content=\"Cultivar Tradi\u00e7\u00f5es (Infus\u00f5es) - Soalheiro\" \/>\n<meta property=\"og:description\" content=\"[vc_row full_width=&#8221;stretch_row_content_no_spaces&#8221; mobile_bg_img_hidden=&#8221;no&#8221; tablet_bg_img_hidden=&#8221;no&#8221; woodmart_parallax=&#8221;1&#8243; woodmart_gradient_switch=&#8221;no&#8221; row_reverse_mobile=&#8221;0&#8243; row_reverse_tablet=&#8221;0&#8243; woodmart_disable_overflow=&#8221;0&#8243; css=&#8221;.vc_custom_1624284073928{padding-top: 300px !important;padding-bottom: 50px !important;background-image: url(https:\/\/soalheiro.com\/wp-content\/uploads\/2021\/06\/Cultivating-old-tradit-HEADER-min.jpg?id=10881) !important;background-position: center !important;background-repeat: no-repeat !important;background-size:\" \/>\n<meta property=\"og:url\" content=\"https:\/\/soalheiro.com\/pt-pt\/sustentabilidade-e-inovacao\/cultivar-tradicoes\/\" \/>\n<meta property=\"og:site_name\" content=\"Soalheiro\" \/>\n<meta property=\"article:modified_time\" content=\"2021-07-05T08:50:01+00:00\" \/>\n<meta name=\"twitter:card\" content=\"summary_large_image\" \/>\n<meta name=\"twitter:label1\" content=\"Tempo estimado de leitura\" \/>\n\t<meta name=\"twitter:data1\" content=\"3 minutos\" \/>\n<script type=\"application\/ld+json\" class=\"yoast-schema-graph\">{\"@context\":\"https:\\\/\\\/schema.org\",\"@graph\":[{\"@type\":\"WebPage\",\"@id\":\"https:\\\/\\\/soalheiro.com\\\/pt-pt\\\/sustentabilidade-e-inovacao\\\/cultivar-tradicoes\\\/\",\"url\":\"https:\\\/\\\/soalheiro.com\\\/pt-pt\\\/sustentabilidade-e-inovacao\\\/cultivar-tradicoes\\\/\",\"name\":\"Cultivar Tradi\u00e7\u00f5es (Infus\u00f5es) - Soalheiro\",\"isPartOf\":{\"@id\":\"https:\\\/\\\/soalheiro.com\\\/#website\"},\"datePublished\":\"2021-04-16T11:55:28+00:00\",\"dateModified\":\"2021-07-05T08:50:01+00:00\",\"breadcrumb\":{\"@id\":\"https:\\\/\\\/soalheiro.com\\\/pt-pt\\\/sustentabilidade-e-inovacao\\\/cultivar-tradicoes\\\/#breadcrumb\"},\"inLanguage\":\"pt-PT\",\"potentialAction\":[{\"@type\":\"ReadAction\",\"target\":[\"https:\\\/\\\/soalheiro.com\\\/pt-pt\\\/sustentabilidade-e-inovacao\\\/cultivar-tradicoes\\\/\"]}]},{\"@type\":\"BreadcrumbList\",\"@id\":\"https:\\\/\\\/soalheiro.com\\\/pt-pt\\\/sustentabilidade-e-inovacao\\\/cultivar-tradicoes\\\/#breadcrumb\",\"itemListElement\":[{\"@type\":\"ListItem\",\"position\":1,\"name\":\"Home\",\"item\":\"https:\\\/\\\/soalheiro.com\\\/pt-pt\\\/\"},{\"@type\":\"ListItem\",\"position\":2,\"name\":\"Sustentabilidade e Inova\u00e7\u00e3o\",\"item\":\"https:\\\/\\\/soalheiro.com\\\/pt-pt\\\/sustentabilidade-e-inovacao\\\/\"},{\"@type\":\"ListItem\",\"position\":3,\"name\":\"Cultivar Tradi\u00e7\u00f5es (Infus\u00f5es)\"}]},{\"@type\":\"WebSite\",\"@id\":\"https:\\\/\\\/soalheiro.com\\\/#website\",\"url\":\"https:\\\/\\\/soalheiro.com\\\/\",\"name\":\"Soalheiro\",\"description\":\"Quinta de Soalheiro, located in Melga\u00e7o (the most northern point of Portugal), is protected by a range of mountains that create conditions of rainfall, temperature and sunshine hours necessary for the best ripening of the Alvarinho grapes.\",\"potentialAction\":[{\"@type\":\"SearchAction\",\"target\":{\"@type\":\"EntryPoint\",\"urlTemplate\":\"https:\\\/\\\/soalheiro.com\\\/?s={search_term_string}\"},\"query-input\":{\"@type\":\"PropertyValueSpecification\",\"valueRequired\":true,\"valueName\":\"search_term_string\"}}],\"inLanguage\":\"pt-PT\"}]}<\/script>\n<!-- \/ Yoast SEO plugin. -->","yoast_head_json":{"title":"Cultivar Tradi\u00e7\u00f5es (Infus\u00f5es) - Soalheiro","robots":{"index":"index","follow":"follow","max-snippet":"max-snippet:-1","max-image-preview":"max-image-preview:large","max-video-preview":"max-video-preview:-1"},"canonical":"https:\/\/soalheiro.com\/pt-pt\/sustentabilidade-e-inovacao\/cultivar-tradicoes\/","og_locale":"pt_PT","og_type":"article","og_title":"Cultivar Tradi\u00e7\u00f5es (Infus\u00f5es) - Soalheiro","og_description":"[vc_row full_width=&#8221;stretch_row_content_no_spaces&#8221; mobile_bg_img_hidden=&#8221;no&#8221; tablet_bg_img_hidden=&#8221;no&#8221; woodmart_parallax=&#8221;1&#8243; woodmart_gradient_switch=&#8221;no&#8221; row_reverse_mobile=&#8221;0&#8243; row_reverse_tablet=&#8221;0&#8243; woodmart_disable_overflow=&#8221;0&#8243; css=&#8221;.vc_custom_1624284073928{padding-top: 300px !important;padding-bottom: 50px !important;background-image: url(https:\/\/soalheiro.com\/wp-content\/uploads\/2021\/06\/Cultivating-old-tradit-HEADER-min.jpg?id=10881) !important;background-position: center !important;background-repeat: no-repeat !important;background-size:","og_url":"https:\/\/soalheiro.com\/pt-pt\/sustentabilidade-e-inovacao\/cultivar-tradicoes\/","og_site_name":"Soalheiro","article_modified_time":"2021-07-05T08:50:01+00:00","twitter_card":"summary_large_image","twitter_misc":{"Tempo estimado de leitura":"3 minutos"},"schema":{"@context":"https:\/\/schema.org","@graph":[{"@type":"WebPage","@id":"https:\/\/soalheiro.com\/pt-pt\/sustentabilidade-e-inovacao\/cultivar-tradicoes\/","url":"https:\/\/soalheiro.com\/pt-pt\/sustentabilidade-e-inovacao\/cultivar-tradicoes\/","name":"Cultivar Tradi\u00e7\u00f5es (Infus\u00f5es) - Soalheiro","isPartOf":{"@id":"https:\/\/soalheiro.com\/#website"},"datePublished":"2021-04-16T11:55:28+00:00","dateModified":"2021-07-05T08:50:01+00:00","breadcrumb":{"@id":"https:\/\/soalheiro.com\/pt-pt\/sustentabilidade-e-inovacao\/cultivar-tradicoes\/#breadcrumb"},"inLanguage":"pt-PT","potentialAction":[{"@type":"ReadAction","target":["https:\/\/soalheiro.com\/pt-pt\/sustentabilidade-e-inovacao\/cultivar-tradicoes\/"]}]},{"@type":"BreadcrumbList","@id":"https:\/\/soalheiro.com\/pt-pt\/sustentabilidade-e-inovacao\/cultivar-tradicoes\/#breadcrumb","itemListElement":[{"@type":"ListItem","position":1,"name":"Home","item":"https:\/\/soalheiro.com\/pt-pt\/"},{"@type":"ListItem","position":2,"name":"Sustentabilidade e Inova\u00e7\u00e3o","item":"https:\/\/soalheiro.com\/pt-pt\/sustentabilidade-e-inovacao\/"},{"@type":"ListItem","position":3,"name":"Cultivar Tradi\u00e7\u00f5es (Infus\u00f5es)"}]},{"@type":"WebSite","@id":"https:\/\/soalheiro.com\/#website","url":"https:\/\/soalheiro.com\/","name":"Soalheiro","description":"Quinta de Soalheiro, located in Melga\u00e7o (the most northern point of Portugal), is protected by a range of mountains that create conditions of rainfall, temperature and sunshine hours necessary for the best ripening of the Alvarinho grapes.","potentialAction":[{"@type":"SearchAction","target":{"@type":"EntryPoint","urlTemplate":"https:\/\/soalheiro.com\/?s={search_term_string}"},"query-input":{"@type":"PropertyValueSpecification","valueRequired":true,"valueName":"search_term_string"}}],"inLanguage":"pt-PT"}]}},"_links":{"self":[{"href":"https:\/\/soalheiro.com\/pt-pt\/wp-json\/wp\/v2\/pages\/11576","targetHints":{"allow":["GET"]}}],"collection":[{"href":"https:\/\/soalheiro.com\/pt-pt\/wp-json\/wp\/v2\/pages"}],"about":[{"href":"https:\/\/soalheiro.com\/pt-pt\/wp-json\/wp\/v2\/types\/page"}],"author":[{"embeddable":true,"href":"https:\/\/soalheiro.com\/pt-pt\/wp-json\/wp\/v2\/users\/985"}],"replies":[{"embeddable":true,"href":"https:\/\/soalheiro.com\/pt-pt\/wp-json\/wp\/v2\/comments?post=11576"}],"version-history":[{"count":0,"href":"https:\/\/soalheiro.com\/pt-pt\/wp-json\/wp\/v2\/pages\/11576\/revisions"}],"up":[{"embeddable":true,"href":"https:\/\/soalheiro.com\/pt-pt\/wp-json\/wp\/v2\/pages\/11498"}],"wp:attachment":[{"href":"https:\/\/soalheiro.com\/pt-pt\/wp-json\/wp\/v2\/media?parent=11576"}],"curies":[{"name":"wp","href":"https:\/\/api.w.org\/{rel}","templated":true}]}}