{"id":11580,"date":"2021-04-16T11:59:52","date_gmt":"2021-04-16T11:59:52","guid":{"rendered":"https:\/\/soalheiro.com\/sustentabilidade-e-inovacao\/growing-more-than-grapes-project-germinar\/"},"modified":"2021-07-02T12:10:08","modified_gmt":"2021-07-02T12:10:08","slug":"cultivar-mais-do-que-uvas-projeto-germinar","status":"publish","type":"page","link":"https:\/\/soalheiro.com\/pt-pt\/sustentabilidade-e-inovacao\/cultivar-mais-do-que-uvas-projeto-germinar\/","title":{"rendered":"Cultivar mais do que uvas (Projeto Germinar)"},"content":{"rendered":"<p>[vc_row full_width=&#8221;stretch_row_content_no_spaces&#8221; mobile_bg_img_hidden=&#8221;no&#8221; tablet_bg_img_hidden=&#8221;no&#8221; woodmart_parallax=&#8221;1&#8243; woodmart_gradient_switch=&#8221;no&#8221; row_reverse_mobile=&#8221;0&#8243; row_reverse_tablet=&#8221;0&#8243; woodmart_disable_overflow=&#8221;0&#8243; css=&#8221;.vc_custom_1624284171106{padding-top: 300px !important;padding-bottom: 50px !important;background-image: url(https:\/\/soalheiro.com\/wp-content\/uploads\/2021\/06\/SUSTAINABILITY-AND-INNOVATION-PROJECY-GERMINAR-2-min.jpg?id=10880) !important;background-position: center !important;background-repeat: no-repeat !important;background-size: cover !important;}&#8221;][vc_column]\n\t\t<div id=\"wd-60dd85283a1b8\" class=\"title-wrapper wd-wpb set-mb-s reset-last-child  wd-rs-60dd85283a1b8 wd-title-color-default wd-title-style-default text-center  wd-underline-colored\">\n\t\t\t\t\t\t\t<div class=\"title-subtitle  subtitle-color-default font-default subtitle-style-default wd-font-weight- wd-fontsize-xs\">Projetos Sustent\u00e1veis<\/div>\n\t\t\t\n\t\t\t<div class=\"liner-continer\">\n\t\t\t\t<h1 class=\"woodmart-title-container title  wd-font-weight- wd-fontsize-xxl\" >Cultivar mais do que uvas<\/h1>\n\t\t\t\t\t\t\t<\/div>\n\t\t\t\n\t\t\t\t\t\t\t<div class=\"title-after_title  set-cont-mb-s reset-last-child  wd-fontsize-s\">Projeto Germinar<\/div>\n\t\t\t\n\t\t\t\n\t\t<\/div>\n\t\t\n\t\t[vc_icon icon_fontawesome=&#8221;fas fa-angle-down&#8221; color=&#8221;white&#8221; align=&#8221;center&#8221;][\/vc_column][\/vc_row][vc_row css=&#8221;.vc_custom_1616488494281{margin-top: 40px !important;margin-bottom: 40px !important;}&#8221; mobile_bg_img_hidden=&#8221;no&#8221; tablet_bg_img_hidden=&#8221;no&#8221; woodmart_parallax=&#8221;0&#8243; woodmart_gradient_switch=&#8221;no&#8221; row_reverse_mobile=&#8221;0&#8243; row_reverse_tablet=&#8221;0&#8243; woodmart_disable_overflow=&#8221;0&#8243;][vc_column offset=&#8221;vc_col-lg-offset-1 vc_col-lg-10&#8243; mobile_bg_img_hidden=&#8221;no&#8221; tablet_bg_img_hidden=&#8221;no&#8221; woodmart_parallax=&#8221;0&#8243; woodmart_sticky_column=&#8221;false&#8221; parallax_scroll=&#8221;no&#8221; mobile_reset_margin=&#8221;no&#8221; tablet_reset_margin=&#8221;no&#8221;][vc_row_inner][vc_column_inner width=&#8221;1\/2&#8243;][vc_column_text text_larger=&#8221;no&#8221;]O <em>Projeto Germinar<\/em> reflete o nosso desejo de colaborar com a comunidade local. Tem in\u00edcio num lote especial de vinhas, ao cuidado de um casal que faz parte do nosso Clube de Produtores. Ant\u00f3nio Matos, que tamb\u00e9m \u00e9 assistente social s\u00e9nior, cuida destas vinhas com a ajuda de colaboradores da filial da APPACDM (Associa\u00e7\u00e3o Portuguesa de Pais e Amigos de Crian\u00e7as com Defici\u00eancia Mental) localizada em Valen\u00e7a. Este trabalho na vinha promove o desenvolvimento pessoal, profissional e emocional destes colaboradores, sempre com a consci\u00eancia das suas caracter\u00edsticas individuais. \u00c9 um projeto de integra\u00e7\u00e3o, fruto de uma vontade genu\u00edna de dignidade e de valoriza\u00e7\u00e3o da igualdade de oportunidades. Este projeto reconhece os resultados de qualidade do seu trabalho \u00e1rduo, dando origem ao vinho <em>Projeto Germinar<\/em>, proveniente deste lote especial de vinhas. Os membros desta organiza\u00e7\u00e3o tamb\u00e9m projetaram a caixa e o r\u00f3tulo do vinho. Pelo menos 30% da receita de vendas do <em>Projeto Germinar<\/em> s\u00e3o reinvestidos no projeto. Este trabalho tamb\u00e9m inspirou uma tese de mestrado sobre os benef\u00edcios do enoturismo para as comunidades locais.[\/vc_column_text][\/vc_column_inner][vc_column_inner width=&#8221;1\/2&#8243;][vc_single_image image=&#8221;10984&#8243; img_size=&#8221;full&#8221; parallax_scroll=&#8221;no&#8221;][\/vc_column_inner][\/vc_row_inner][vc_separator][\/vc_column][\/vc_row]<\/p>\n","protected":false},"excerpt":{"rendered":"<p>[vc_row full_width=&#8221;stretch_row_content_no_spaces&#8221; mobile_bg_img_hidden=&#8221;no&#8221; tablet_bg_img_hidden=&#8221;no&#8221; woodmart_parallax=&#8221;1&#8243; woodmart_gradient_switch=&#8221;no&#8221; row_reverse_mobile=&#8221;0&#8243; row_reverse_tablet=&#8221;0&#8243; woodmart_disable_overflow=&#8221;0&#8243; css=&#8221;.vc_custom_1624284171106{padding-top: 300px !important;padding-bottom: 50px !important;background-image: url(https:\/\/soalheiro.com\/wp-content\/uploads\/2021\/06\/SUSTAINABILITY-AND-INNOVATION-PROJECY-GERMINAR-2-min.jpg?id=10880) !important;background-position: center !important;background-repeat: no-repeat !important;background-size:<\/p>\n","protected":false},"author":985,"featured_media":0,"parent":11498,"menu_order":0,"comment_status":"closed","ping_status":"closed","template":"","meta":{"footnotes":""},"class_list":["post-11580","page","type-page","status-publish","hentry"],"yoast_head":"<!-- This site is optimized with the Yoast SEO plugin v27.3 - https:\/\/yoast.com\/product\/yoast-seo-wordpress\/ -->\n<title>Cultivar mais do que uvas (Projeto Germinar) - Soalheiro<\/title>\n<meta name=\"robots\" content=\"index, follow, max-snippet:-1, max-image-preview:large, max-video-preview:-1\" \/>\n<link rel=\"canonical\" href=\"https:\/\/soalheiro.com\/pt-pt\/sustentabilidade-e-inovacao\/cultivar-mais-do-que-uvas-projeto-germinar\/\" \/>\n<meta property=\"og:locale\" content=\"pt_PT\" \/>\n<meta property=\"og:type\" content=\"article\" \/>\n<meta property=\"og:title\" content=\"Cultivar mais do que uvas (Projeto Germinar) - Soalheiro\" \/>\n<meta property=\"og:description\" content=\"[vc_row full_width=&#8221;stretch_row_content_no_spaces&#8221; mobile_bg_img_hidden=&#8221;no&#8221; tablet_bg_img_hidden=&#8221;no&#8221; woodmart_parallax=&#8221;1&#8243; woodmart_gradient_switch=&#8221;no&#8221; row_reverse_mobile=&#8221;0&#8243; row_reverse_tablet=&#8221;0&#8243; woodmart_disable_overflow=&#8221;0&#8243; css=&#8221;.vc_custom_1624284171106{padding-top: 300px !important;padding-bottom: 50px !important;background-image: url(https:\/\/soalheiro.com\/wp-content\/uploads\/2021\/06\/SUSTAINABILITY-AND-INNOVATION-PROJECY-GERMINAR-2-min.jpg?id=10880) !important;background-position: center !important;background-repeat: no-repeat !important;background-size:\" \/>\n<meta property=\"og:url\" content=\"https:\/\/soalheiro.com\/pt-pt\/sustentabilidade-e-inovacao\/cultivar-mais-do-que-uvas-projeto-germinar\/\" \/>\n<meta property=\"og:site_name\" content=\"Soalheiro\" \/>\n<meta property=\"article:modified_time\" content=\"2021-07-02T12:10:08+00:00\" \/>\n<meta name=\"twitter:card\" content=\"summary_large_image\" \/>\n<meta name=\"twitter:label1\" content=\"Tempo estimado de leitura\" \/>\n\t<meta name=\"twitter:data1\" content=\"2 minutos\" \/>\n<script type=\"application\/ld+json\" class=\"yoast-schema-graph\">{\"@context\":\"https:\\\/\\\/schema.org\",\"@graph\":[{\"@type\":\"WebPage\",\"@id\":\"https:\\\/\\\/soalheiro.com\\\/pt-pt\\\/sustentabilidade-e-inovacao\\\/cultivar-mais-do-que-uvas-projeto-germinar\\\/\",\"url\":\"https:\\\/\\\/soalheiro.com\\\/pt-pt\\\/sustentabilidade-e-inovacao\\\/cultivar-mais-do-que-uvas-projeto-germinar\\\/\",\"name\":\"Cultivar mais do que uvas (Projeto Germinar) - Soalheiro\",\"isPartOf\":{\"@id\":\"https:\\\/\\\/soalheiro.com\\\/#website\"},\"datePublished\":\"2021-04-16T11:59:52+00:00\",\"dateModified\":\"2021-07-02T12:10:08+00:00\",\"breadcrumb\":{\"@id\":\"https:\\\/\\\/soalheiro.com\\\/pt-pt\\\/sustentabilidade-e-inovacao\\\/cultivar-mais-do-que-uvas-projeto-germinar\\\/#breadcrumb\"},\"inLanguage\":\"pt-PT\",\"potentialAction\":[{\"@type\":\"ReadAction\",\"target\":[\"https:\\\/\\\/soalheiro.com\\\/pt-pt\\\/sustentabilidade-e-inovacao\\\/cultivar-mais-do-que-uvas-projeto-germinar\\\/\"]}]},{\"@type\":\"BreadcrumbList\",\"@id\":\"https:\\\/\\\/soalheiro.com\\\/pt-pt\\\/sustentabilidade-e-inovacao\\\/cultivar-mais-do-que-uvas-projeto-germinar\\\/#breadcrumb\",\"itemListElement\":[{\"@type\":\"ListItem\",\"position\":1,\"name\":\"Home\",\"item\":\"https:\\\/\\\/soalheiro.com\\\/pt-pt\\\/\"},{\"@type\":\"ListItem\",\"position\":2,\"name\":\"Sustentabilidade e Inova\u00e7\u00e3o\",\"item\":\"https:\\\/\\\/soalheiro.com\\\/pt-pt\\\/sustentabilidade-e-inovacao\\\/\"},{\"@type\":\"ListItem\",\"position\":3,\"name\":\"Cultivar mais do que uvas (Projeto Germinar)\"}]},{\"@type\":\"WebSite\",\"@id\":\"https:\\\/\\\/soalheiro.com\\\/#website\",\"url\":\"https:\\\/\\\/soalheiro.com\\\/\",\"name\":\"Soalheiro\",\"description\":\"Quinta de Soalheiro, located in Melga\u00e7o (the most northern point of Portugal), is protected by a range of mountains that create conditions of rainfall, temperature and sunshine hours necessary for the best ripening of the Alvarinho grapes.\",\"potentialAction\":[{\"@type\":\"SearchAction\",\"target\":{\"@type\":\"EntryPoint\",\"urlTemplate\":\"https:\\\/\\\/soalheiro.com\\\/?s={search_term_string}\"},\"query-input\":{\"@type\":\"PropertyValueSpecification\",\"valueRequired\":true,\"valueName\":\"search_term_string\"}}],\"inLanguage\":\"pt-PT\"}]}<\/script>\n<!-- \/ Yoast SEO plugin. -->","yoast_head_json":{"title":"Cultivar mais do que uvas (Projeto Germinar) - Soalheiro","robots":{"index":"index","follow":"follow","max-snippet":"max-snippet:-1","max-image-preview":"max-image-preview:large","max-video-preview":"max-video-preview:-1"},"canonical":"https:\/\/soalheiro.com\/pt-pt\/sustentabilidade-e-inovacao\/cultivar-mais-do-que-uvas-projeto-germinar\/","og_locale":"pt_PT","og_type":"article","og_title":"Cultivar mais do que uvas (Projeto Germinar) - Soalheiro","og_description":"[vc_row full_width=&#8221;stretch_row_content_no_spaces&#8221; mobile_bg_img_hidden=&#8221;no&#8221; tablet_bg_img_hidden=&#8221;no&#8221; woodmart_parallax=&#8221;1&#8243; woodmart_gradient_switch=&#8221;no&#8221; row_reverse_mobile=&#8221;0&#8243; row_reverse_tablet=&#8221;0&#8243; woodmart_disable_overflow=&#8221;0&#8243; css=&#8221;.vc_custom_1624284171106{padding-top: 300px !important;padding-bottom: 50px !important;background-image: url(https:\/\/soalheiro.com\/wp-content\/uploads\/2021\/06\/SUSTAINABILITY-AND-INNOVATION-PROJECY-GERMINAR-2-min.jpg?id=10880) !important;background-position: center !important;background-repeat: no-repeat !important;background-size:","og_url":"https:\/\/soalheiro.com\/pt-pt\/sustentabilidade-e-inovacao\/cultivar-mais-do-que-uvas-projeto-germinar\/","og_site_name":"Soalheiro","article_modified_time":"2021-07-02T12:10:08+00:00","twitter_card":"summary_large_image","twitter_misc":{"Tempo estimado de leitura":"2 minutos"},"schema":{"@context":"https:\/\/schema.org","@graph":[{"@type":"WebPage","@id":"https:\/\/soalheiro.com\/pt-pt\/sustentabilidade-e-inovacao\/cultivar-mais-do-que-uvas-projeto-germinar\/","url":"https:\/\/soalheiro.com\/pt-pt\/sustentabilidade-e-inovacao\/cultivar-mais-do-que-uvas-projeto-germinar\/","name":"Cultivar mais do que uvas (Projeto Germinar) - Soalheiro","isPartOf":{"@id":"https:\/\/soalheiro.com\/#website"},"datePublished":"2021-04-16T11:59:52+00:00","dateModified":"2021-07-02T12:10:08+00:00","breadcrumb":{"@id":"https:\/\/soalheiro.com\/pt-pt\/sustentabilidade-e-inovacao\/cultivar-mais-do-que-uvas-projeto-germinar\/#breadcrumb"},"inLanguage":"pt-PT","potentialAction":[{"@type":"ReadAction","target":["https:\/\/soalheiro.com\/pt-pt\/sustentabilidade-e-inovacao\/cultivar-mais-do-que-uvas-projeto-germinar\/"]}]},{"@type":"BreadcrumbList","@id":"https:\/\/soalheiro.com\/pt-pt\/sustentabilidade-e-inovacao\/cultivar-mais-do-que-uvas-projeto-germinar\/#breadcrumb","itemListElement":[{"@type":"ListItem","position":1,"name":"Home","item":"https:\/\/soalheiro.com\/pt-pt\/"},{"@type":"ListItem","position":2,"name":"Sustentabilidade e Inova\u00e7\u00e3o","item":"https:\/\/soalheiro.com\/pt-pt\/sustentabilidade-e-inovacao\/"},{"@type":"ListItem","position":3,"name":"Cultivar mais do que uvas (Projeto Germinar)"}]},{"@type":"WebSite","@id":"https:\/\/soalheiro.com\/#website","url":"https:\/\/soalheiro.com\/","name":"Soalheiro","description":"Quinta de Soalheiro, located in Melga\u00e7o (the most northern point of Portugal), is protected by a range of mountains that create conditions of rainfall, temperature and sunshine hours necessary for the best ripening of the Alvarinho grapes.","potentialAction":[{"@type":"SearchAction","target":{"@type":"EntryPoint","urlTemplate":"https:\/\/soalheiro.com\/?s={search_term_string}"},"query-input":{"@type":"PropertyValueSpecification","valueRequired":true,"valueName":"search_term_string"}}],"inLanguage":"pt-PT"}]}},"_links":{"self":[{"href":"https:\/\/soalheiro.com\/pt-pt\/wp-json\/wp\/v2\/pages\/11580","targetHints":{"allow":["GET"]}}],"collection":[{"href":"https:\/\/soalheiro.com\/pt-pt\/wp-json\/wp\/v2\/pages"}],"about":[{"href":"https:\/\/soalheiro.com\/pt-pt\/wp-json\/wp\/v2\/types\/page"}],"author":[{"embeddable":true,"href":"https:\/\/soalheiro.com\/pt-pt\/wp-json\/wp\/v2\/users\/985"}],"replies":[{"embeddable":true,"href":"https:\/\/soalheiro.com\/pt-pt\/wp-json\/wp\/v2\/comments?post=11580"}],"version-history":[{"count":0,"href":"https:\/\/soalheiro.com\/pt-pt\/wp-json\/wp\/v2\/pages\/11580\/revisions"}],"up":[{"embeddable":true,"href":"https:\/\/soalheiro.com\/pt-pt\/wp-json\/wp\/v2\/pages\/11498"}],"wp:attachment":[{"href":"https:\/\/soalheiro.com\/pt-pt\/wp-json\/wp\/v2\/media?parent=11580"}],"curies":[{"name":"wp","href":"https:\/\/api.w.org\/{rel}","templated":true}]}}