{"id":17122,"date":"2023-02-09T12:48:39","date_gmt":"2023-02-09T12:48:39","guid":{"rendered":"https:\/\/soalheiro.com\/payment-and-cancel-policy\/"},"modified":"2023-02-20T14:28:02","modified_gmt":"2023-02-20T14:28:02","slug":"politica-de-cancelamento-e-pagamento","status":"publish","type":"page","link":"https:\/\/soalheiro.com\/pt-pt\/politica-de-cancelamento-e-pagamento\/","title":{"rendered":"Pol\u00edtica de Cancelamento e Pagamento"},"content":{"rendered":"<p>[vc_row][vc_column][vc_column_text text_larger=&#8221;no&#8221; woodmart_inline=&#8221;no&#8221;]<b><span data-contrast=\"auto\">1. RESERVAS DE ALOJAMENTO<\/span><\/b><span data-ccp-props=\"{&quot;201341983&quot;:0,&quot;335551550&quot;:6,&quot;335551620&quot;:6,&quot;335559685&quot;:0,&quot;335559740&quot;:360,&quot;335559991&quot;:0}\">\u00a0<\/span><\/p>\n<p><b><span data-contrast=\"auto\">1.1. RESERVAS EFETUADAS ATRAV\u00c9S DO WEBSITE DO SOALHEIRO (WWWW.SOALHEIRO.COM) E DA AIRBNB<\/span><\/b><span data-ccp-props=\"{&quot;201341983&quot;:0,&quot;335551550&quot;:6,&quot;335551620&quot;:6,&quot;335559685&quot;:0,&quot;335559740&quot;:360}\">\u00a0<\/span><\/p>\n<p><b><span data-contrast=\"auto\">1.1.1. CONDI\u00c7\u00d5ES APLIC\u00c1VEIS EM PER\u00cdODO DE \u00c9POCA ALTA (DE MAIO A SETEMBRO)<\/span><\/b><span data-ccp-props=\"{&quot;201341983&quot;:0,&quot;335551550&quot;:6,&quot;335551620&quot;:6,&quot;335559731&quot;:0,&quot;335559740&quot;:360}\">\u00a0<\/span><\/p>\n<p><span data-contrast=\"none\">a) Para garantir a reserva do alojamento, o pagamento deve ser efetuado nas 24 horas seguintes;<\/span><span data-ccp-props=\"{&quot;201341983&quot;:0,&quot;335551550&quot;:6,&quot;335551620&quot;:6,&quot;335559740&quot;:360,&quot;469777462&quot;:[720,851],&quot;469777927&quot;:[0,0],&quot;469777928&quot;:[0,8]}\">\u00a0<\/span><\/p>\n<p><span data-contrast=\"auto\">b) Se o cancelamento for efetuado at\u00e9 30 dias de anteced\u00eancia da data do check-in, ser\u00e1 feito o reembolso total do valor da reserva;<\/span><span data-ccp-props=\"{&quot;201341983&quot;:0,&quot;335551550&quot;:6,&quot;335551620&quot;:6,&quot;335559740&quot;:360,&quot;469777462&quot;:[720,851],&quot;469777927&quot;:[0,0],&quot;469777928&quot;:[0,8]}\">\u00a0<\/span><\/p>\n<p><span data-contrast=\"auto\">c) Se o cancelamento for efetuado entre 30 e 7 dias de anteced\u00eancia da data do check-in, ser\u00e1 feito o reembolso parcial de 50% do valor da reserva; <\/span><span data-ccp-props=\"{&quot;201341983&quot;:0,&quot;335551550&quot;:6,&quot;335551620&quot;:6,&quot;335559740&quot;:360,&quot;469777462&quot;:[720,851],&quot;469777927&quot;:[0,0],&quot;469777928&quot;:[0,8]}\">\u00a0<\/span><\/p>\n<p><span data-contrast=\"auto\">d) Se o cancelamento for efetuado com menos de 7 dias de anteced\u00eancia da data do check-in, n\u00e3o haver\u00e1 lugar a reembolso;<\/span><span data-ccp-props=\"{&quot;201341983&quot;:0,&quot;335551550&quot;:6,&quot;335551620&quot;:6,&quot;335559740&quot;:360,&quot;469777462&quot;:[720,851],&quot;469777927&quot;:[0,0],&quot;469777928&quot;:[0,8]}\">\u00a0<\/span><\/p>\n<p><span data-contrast=\"auto\">e) Caso a reserva seja efetuada apenas com 14 dias de anteced\u00eancia da data o check-in, o cancelamento poder\u00e1 ser efetuado at\u00e9 as 48 horas seguintes, havendo lugar ao reembolso total do valor da reserva.<\/span><span data-ccp-props=\"{&quot;201341983&quot;:0,&quot;335551550&quot;:6,&quot;335551620&quot;:6,&quot;335559740&quot;:360,&quot;469777462&quot;:[720,851],&quot;469777927&quot;:[0,0],&quot;469777928&quot;:[0,8]}\">\u00a0<\/span><\/p>\n<p><span data-contrast=\"auto\">f) Em caso de n\u00e3o compar\u00eancia, n\u00e3o haver\u00e1 lugar a reembolso.<\/span><span data-ccp-props=\"{&quot;201341983&quot;:0,&quot;335551550&quot;:6,&quot;335551620&quot;:6,&quot;335559740&quot;:360,&quot;469777462&quot;:[720,851],&quot;469777927&quot;:[0,0],&quot;469777928&quot;:[0,8]}\">\u00a0<\/span><\/p>\n<p><b><span data-contrast=\"none\">1.1.2. CONDI\u00c7\u00d5ES APLIC\u00c1VEIS EM PER\u00cdODO DE \u00c9POCA BAIXA (DE OUTUBRO A ABRIL)<\/span><\/b><span data-ccp-props=\"{&quot;201341983&quot;:0,&quot;335551550&quot;:6,&quot;335551620&quot;:6,&quot;335559731&quot;:0,&quot;335559740&quot;:360}\">\u00a0<\/span><\/p>\n<p><span data-contrast=\"auto\">a) Se o cancelamento for efetuado at\u00e9 5 dias de anteced\u00eancia da data do check-in, ser\u00e1 feito o reembolso total do valor da reserva;<\/span><span data-ccp-props=\"{&quot;134233117&quot;:false,&quot;134233118&quot;:false,&quot;201341983&quot;:0,&quot;335551550&quot;:6,&quot;335551620&quot;:6,&quot;335559738&quot;:0,&quot;335559739&quot;:0,&quot;335559740&quot;:360}\">\u00a0<\/span><\/p>\n<p><span data-contrast=\"auto\">b) Se o cancelamento for efetuado com menos de 5 dias de anteced\u00eancia da data do check-in, n\u00e3o haver\u00e1 lugar a reembolso;<\/span><span data-ccp-props=\"{&quot;134233117&quot;:false,&quot;134233118&quot;:false,&quot;201341983&quot;:0,&quot;335551550&quot;:6,&quot;335551620&quot;:6,&quot;335559738&quot;:0,&quot;335559739&quot;:0,&quot;335559740&quot;:360}\">\u00a0<\/span><\/p>\n<p><span data-contrast=\"auto\">c) Em caso de n\u00e3o compar\u00eancia, n\u00e3o haver\u00e1 lugar a reembolso.<\/span><span data-ccp-props=\"{&quot;134233117&quot;:false,&quot;134233118&quot;:false,&quot;201341983&quot;:0,&quot;335551550&quot;:6,&quot;335551620&quot;:6,&quot;335559685&quot;:720,&quot;335559737&quot;:0,&quot;335559738&quot;:0,&quot;335559739&quot;:0,&quot;335559740&quot;:360,&quot;335559991&quot;:360}\">\u00a0<\/span><\/p>\n<p><b><span data-contrast=\"none\">1.2. RESERVAS EFETUADAS ATRAV\u00c9S DA BOOKING<\/span><\/b><span data-ccp-props=\"{&quot;134233117&quot;:false,&quot;134233118&quot;:false,&quot;201341983&quot;:0,&quot;335551550&quot;:6,&quot;335551620&quot;:6,&quot;335559738&quot;:0,&quot;335559739&quot;:0,&quot;335559740&quot;:360}\">\u00a0<\/span><\/p>\n<p><b><span data-contrast=\"none\">1.2.1. CONDI\u00c7\u00d5ES APLIC\u00c1VEIS EM PER\u00cdODO DE \u00c9POCA ALTA: FLEX\u00cdVEL &#8211; 30 DIAS<\/span><\/b><span data-ccp-props=\"{&quot;201341983&quot;:0,&quot;335551550&quot;:6,&quot;335551620&quot;:6,&quot;335559685&quot;:0,&quot;335559740&quot;:360}\">\u00a0<\/span><\/p>\n<p><span data-contrast=\"auto\">a) Se o cancelamento for efetuado com menos de 30 dias de anteced\u00eancia da data do check-in, ser\u00e1 feito o reembolso parcial de 50% do valor da reserva;<\/span><span data-ccp-props=\"{&quot;201341983&quot;:0,&quot;335551550&quot;:6,&quot;335551620&quot;:6,&quot;335559740&quot;:360}\">\u00a0<\/span><\/p>\n<p><span data-contrast=\"auto\">b) Se o cancelamento for efetuado com menos de 5 dias de anteced\u00eancia da data do check-in, n\u00e3o haver\u00e1 lugar a reembolso;<\/span><span data-ccp-props=\"{&quot;201341983&quot;:0,&quot;335551550&quot;:6,&quot;335551620&quot;:6,&quot;335559740&quot;:360}\">\u00a0<\/span><\/p>\n<p><span data-contrast=\"auto\">c) Em caso de n\u00e3o compar\u00eancia, n\u00e3o haver\u00e1 lugar a reembolso.<\/span><span data-ccp-props=\"{&quot;134233117&quot;:false,&quot;134233118&quot;:false,&quot;201341983&quot;:0,&quot;335551550&quot;:6,&quot;335551620&quot;:6,&quot;335559685&quot;:720,&quot;335559737&quot;:0,&quot;335559738&quot;:0,&quot;335559739&quot;:0,&quot;335559740&quot;:360,&quot;335559991&quot;:360}\">\u00a0<\/span><\/p>\n<p><b><span data-contrast=\"none\">1.2.2. \u00c9POCA BAIXA FLEX\u00cdVEL &#8211; 5 DIAS<\/span><\/b><span data-ccp-props=\"{&quot;201341983&quot;:0,&quot;335551550&quot;:6,&quot;335551620&quot;:6,&quot;335559740&quot;:360}\">\u00a0<\/span><\/p>\n<p><span data-contrast=\"auto\">a) Se o cancelamento for efetuado at\u00e9 5 dias de anteced\u00eancia da data do check-in, ser\u00e1 feito o reembolso total do valor da reserva;<\/span><span data-ccp-props=\"{&quot;201341983&quot;:0,&quot;335551550&quot;:6,&quot;335551620&quot;:6,&quot;335559740&quot;:360}\">\u00a0<\/span><\/p>\n<p><span data-contrast=\"auto\">b) Se o cancelamento for efetuado com menos de 5 dias de anteced\u00eancia da data do check-in, ser\u00e1 feito o reembolso parcial de 50% do valor da reserva; <\/span><span data-ccp-props=\"{&quot;201341983&quot;:0,&quot;335551550&quot;:6,&quot;335551620&quot;:6,&quot;335559740&quot;:360}\">\u00a0<\/span><\/p>\n<p><span data-contrast=\"auto\">c) Em caso de n\u00e3o compar\u00eancia, n\u00e3o haver\u00e1 lugar a reembolso.<\/span><span data-ccp-props=\"{&quot;134233117&quot;:false,&quot;134233118&quot;:false,&quot;201341983&quot;:0,&quot;335551550&quot;:6,&quot;335551620&quot;:6,&quot;335559685&quot;:720,&quot;335559737&quot;:0,&quot;335559738&quot;:0,&quot;335559739&quot;:0,&quot;335559740&quot;:360,&quot;335559991&quot;:360}\">\u00a0<\/span><\/p>\n<p><b><span data-contrast=\"none\">2. RESERVAS DE VISITAS E PROVAS<\/span><\/b><span data-ccp-props=\"{&quot;201341983&quot;:0,&quot;335551550&quot;:6,&quot;335551620&quot;:6,&quot;335559740&quot;:360}\">\u00a0<\/span><\/p>\n<p><span data-contrast=\"none\">a) Para garantir a reserva de visitas e provas, o pagamento deve ser efetuado nas 24 horas seguintes;<\/span><span data-ccp-props=\"{&quot;201341983&quot;:0,&quot;335551550&quot;:6,&quot;335551620&quot;:6,&quot;335559740&quot;:360}\">\u00a0<\/span><\/p>\n<p><span data-contrast=\"auto\">b) Se o cancelamento for efetuado at\u00e9 48 horas de anteced\u00eancia do hor\u00e1rio da reserva, ser\u00e1 feito o reembolso total do valor da reserva;<\/span><span data-ccp-props=\"{&quot;201341983&quot;:0,&quot;335551550&quot;:6,&quot;335551620&quot;:6,&quot;335559740&quot;:360}\">\u00a0<\/span><\/p>\n<p><span data-contrast=\"auto\">c) Se o cancelamento for efetuado entre 48 e 24 horas de anteced\u00eancia do hor\u00e1rio da reserva, ser\u00e1 feito o reembolso parcial de 50% do valor da reserva;<\/span><span data-ccp-props=\"{&quot;201341983&quot;:0,&quot;335551550&quot;:6,&quot;335551620&quot;:6,&quot;335559740&quot;:360}\">\u00a0<\/span><\/p>\n<p><span data-contrast=\"auto\">d) Se o cancelamento for efetuado com menos de 24 horas de anteced\u00eancia do hor\u00e1rio da reserva, n\u00e3o haver\u00e1 lugar a reembolso.<\/span><span data-ccp-props=\"{&quot;201341983&quot;:0,&quot;335551550&quot;:6,&quot;335551620&quot;:6,&quot;335559740&quot;:360}\">\u00a0<\/span><\/p>\n<p><span data-contrast=\"auto\">e) Em caso de n\u00e3o compar\u00eancia, n\u00e3o haver\u00e1 lugar a reembolso.<\/span><span data-ccp-props=\"{&quot;134233117&quot;:false,&quot;134233118&quot;:false,&quot;201341983&quot;:0,&quot;335551550&quot;:6,&quot;335551620&quot;:6,&quot;335559685&quot;:720,&quot;335559737&quot;:0,&quot;335559738&quot;:0,&quot;335559739&quot;:0,&quot;335559740&quot;:360,&quot;335559991&quot;:360}\">\u00a0<\/span><\/p>\n<p>&nbsp;<\/p>\n<p><b>Esta Pol\u00edtica de Cancelamento e Pagamento entrou em vigor a 01\/01\/2023.<\/b><\/p>\n<p><b>\u00daltima atualiza\u00e7\u00e3o a 09\/02\/2023.<\/b>[\/vc_column_text][\/vc_column][\/vc_row]<\/p>\n","protected":false},"excerpt":{"rendered":"<p>[vc_row][vc_column][vc_column_text text_larger=&#8221;no&#8221; woodmart_inline=&#8221;no&#8221;]1. RESERVAS DE ALOJAMENTO\u00a0 1.1. RESERVAS EFETUADAS ATRAV\u00c9S DO WEBSITE DO SOALHEIRO (WWWW.SOALHEIRO.COM) E DA AIRBNB\u00a0 1.1.1. CONDI\u00c7\u00d5ES<\/p>\n","protected":false},"author":985,"featured_media":0,"parent":0,"menu_order":0,"comment_status":"closed","ping_status":"closed","template":"","meta":{"footnotes":""},"class_list":["post-17122","page","type-page","status-publish","hentry"],"yoast_head":"<!-- This site is optimized with the Yoast SEO plugin v27.3 - https:\/\/yoast.com\/product\/yoast-seo-wordpress\/ -->\n<title>Pol\u00edtica de Cancelamento e Pagamento - Soalheiro<\/title>\n<meta name=\"robots\" content=\"index, follow, max-snippet:-1, max-image-preview:large, max-video-preview:-1\" \/>\n<link rel=\"canonical\" href=\"https:\/\/soalheiro.com\/pt-pt\/politica-de-cancelamento-e-pagamento\/\" \/>\n<meta property=\"og:locale\" content=\"pt_PT\" \/>\n<meta property=\"og:type\" content=\"article\" \/>\n<meta property=\"og:title\" content=\"Pol\u00edtica de Cancelamento e Pagamento - Soalheiro\" \/>\n<meta property=\"og:description\" content=\"[vc_row][vc_column][vc_column_text text_larger=&#8221;no&#8221; woodmart_inline=&#8221;no&#8221;]1. RESERVAS DE ALOJAMENTO\u00a0 1.1. RESERVAS EFETUADAS ATRAV\u00c9S DO WEBSITE DO SOALHEIRO (WWWW.SOALHEIRO.COM) E DA AIRBNB\u00a0 1.1.1. CONDI\u00c7\u00d5ES\" \/>\n<meta property=\"og:url\" content=\"https:\/\/soalheiro.com\/pt-pt\/politica-de-cancelamento-e-pagamento\/\" \/>\n<meta property=\"og:site_name\" content=\"Soalheiro\" \/>\n<meta property=\"article:modified_time\" content=\"2023-02-20T14:28:02+00:00\" \/>\n<meta name=\"twitter:card\" content=\"summary_large_image\" \/>\n<meta name=\"twitter:label1\" content=\"Tempo estimado de leitura\" \/>\n\t<meta name=\"twitter:data1\" content=\"3 minutos\" \/>\n<script type=\"application\/ld+json\" class=\"yoast-schema-graph\">{\"@context\":\"https:\\\/\\\/schema.org\",\"@graph\":[{\"@type\":\"WebPage\",\"@id\":\"https:\\\/\\\/soalheiro.com\\\/pt-pt\\\/politica-de-cancelamento-e-pagamento\\\/\",\"url\":\"https:\\\/\\\/soalheiro.com\\\/pt-pt\\\/politica-de-cancelamento-e-pagamento\\\/\",\"name\":\"Pol\u00edtica de Cancelamento e Pagamento - Soalheiro\",\"isPartOf\":{\"@id\":\"https:\\\/\\\/soalheiro.com\\\/#website\"},\"datePublished\":\"2023-02-09T12:48:39+00:00\",\"dateModified\":\"2023-02-20T14:28:02+00:00\",\"breadcrumb\":{\"@id\":\"https:\\\/\\\/soalheiro.com\\\/pt-pt\\\/politica-de-cancelamento-e-pagamento\\\/#breadcrumb\"},\"inLanguage\":\"pt-PT\",\"potentialAction\":[{\"@type\":\"ReadAction\",\"target\":[\"https:\\\/\\\/soalheiro.com\\\/pt-pt\\\/politica-de-cancelamento-e-pagamento\\\/\"]}]},{\"@type\":\"BreadcrumbList\",\"@id\":\"https:\\\/\\\/soalheiro.com\\\/pt-pt\\\/politica-de-cancelamento-e-pagamento\\\/#breadcrumb\",\"itemListElement\":[{\"@type\":\"ListItem\",\"position\":1,\"name\":\"Home\",\"item\":\"https:\\\/\\\/soalheiro.com\\\/pt-pt\\\/\"},{\"@type\":\"ListItem\",\"position\":2,\"name\":\"Pol\u00edtica de Cancelamento e Pagamento\"}]},{\"@type\":\"WebSite\",\"@id\":\"https:\\\/\\\/soalheiro.com\\\/#website\",\"url\":\"https:\\\/\\\/soalheiro.com\\\/\",\"name\":\"Soalheiro\",\"description\":\"Quinta de Soalheiro, located in Melga\u00e7o (the most northern point of Portugal), is protected by a range of mountains that create conditions of rainfall, temperature and sunshine hours necessary for the best ripening of the Alvarinho grapes.\",\"potentialAction\":[{\"@type\":\"SearchAction\",\"target\":{\"@type\":\"EntryPoint\",\"urlTemplate\":\"https:\\\/\\\/soalheiro.com\\\/?s={search_term_string}\"},\"query-input\":{\"@type\":\"PropertyValueSpecification\",\"valueRequired\":true,\"valueName\":\"search_term_string\"}}],\"inLanguage\":\"pt-PT\"}]}<\/script>\n<!-- \/ Yoast SEO plugin. -->","yoast_head_json":{"title":"Pol\u00edtica de Cancelamento e Pagamento - Soalheiro","robots":{"index":"index","follow":"follow","max-snippet":"max-snippet:-1","max-image-preview":"max-image-preview:large","max-video-preview":"max-video-preview:-1"},"canonical":"https:\/\/soalheiro.com\/pt-pt\/politica-de-cancelamento-e-pagamento\/","og_locale":"pt_PT","og_type":"article","og_title":"Pol\u00edtica de Cancelamento e Pagamento - Soalheiro","og_description":"[vc_row][vc_column][vc_column_text text_larger=&#8221;no&#8221; woodmart_inline=&#8221;no&#8221;]1. RESERVAS DE ALOJAMENTO\u00a0 1.1. RESERVAS EFETUADAS ATRAV\u00c9S DO WEBSITE DO SOALHEIRO (WWWW.SOALHEIRO.COM) E DA AIRBNB\u00a0 1.1.1. CONDI\u00c7\u00d5ES","og_url":"https:\/\/soalheiro.com\/pt-pt\/politica-de-cancelamento-e-pagamento\/","og_site_name":"Soalheiro","article_modified_time":"2023-02-20T14:28:02+00:00","twitter_card":"summary_large_image","twitter_misc":{"Tempo estimado de leitura":"3 minutos"},"schema":{"@context":"https:\/\/schema.org","@graph":[{"@type":"WebPage","@id":"https:\/\/soalheiro.com\/pt-pt\/politica-de-cancelamento-e-pagamento\/","url":"https:\/\/soalheiro.com\/pt-pt\/politica-de-cancelamento-e-pagamento\/","name":"Pol\u00edtica de Cancelamento e Pagamento - Soalheiro","isPartOf":{"@id":"https:\/\/soalheiro.com\/#website"},"datePublished":"2023-02-09T12:48:39+00:00","dateModified":"2023-02-20T14:28:02+00:00","breadcrumb":{"@id":"https:\/\/soalheiro.com\/pt-pt\/politica-de-cancelamento-e-pagamento\/#breadcrumb"},"inLanguage":"pt-PT","potentialAction":[{"@type":"ReadAction","target":["https:\/\/soalheiro.com\/pt-pt\/politica-de-cancelamento-e-pagamento\/"]}]},{"@type":"BreadcrumbList","@id":"https:\/\/soalheiro.com\/pt-pt\/politica-de-cancelamento-e-pagamento\/#breadcrumb","itemListElement":[{"@type":"ListItem","position":1,"name":"Home","item":"https:\/\/soalheiro.com\/pt-pt\/"},{"@type":"ListItem","position":2,"name":"Pol\u00edtica de Cancelamento e Pagamento"}]},{"@type":"WebSite","@id":"https:\/\/soalheiro.com\/#website","url":"https:\/\/soalheiro.com\/","name":"Soalheiro","description":"Quinta de Soalheiro, located in Melga\u00e7o (the most northern point of Portugal), is protected by a range of mountains that create conditions of rainfall, temperature and sunshine hours necessary for the best ripening of the Alvarinho grapes.","potentialAction":[{"@type":"SearchAction","target":{"@type":"EntryPoint","urlTemplate":"https:\/\/soalheiro.com\/?s={search_term_string}"},"query-input":{"@type":"PropertyValueSpecification","valueRequired":true,"valueName":"search_term_string"}}],"inLanguage":"pt-PT"}]}},"_links":{"self":[{"href":"https:\/\/soalheiro.com\/pt-pt\/wp-json\/wp\/v2\/pages\/17122","targetHints":{"allow":["GET"]}}],"collection":[{"href":"https:\/\/soalheiro.com\/pt-pt\/wp-json\/wp\/v2\/pages"}],"about":[{"href":"https:\/\/soalheiro.com\/pt-pt\/wp-json\/wp\/v2\/types\/page"}],"author":[{"embeddable":true,"href":"https:\/\/soalheiro.com\/pt-pt\/wp-json\/wp\/v2\/users\/985"}],"replies":[{"embeddable":true,"href":"https:\/\/soalheiro.com\/pt-pt\/wp-json\/wp\/v2\/comments?post=17122"}],"version-history":[{"count":6,"href":"https:\/\/soalheiro.com\/pt-pt\/wp-json\/wp\/v2\/pages\/17122\/revisions"}],"predecessor-version":[{"id":17295,"href":"https:\/\/soalheiro.com\/pt-pt\/wp-json\/wp\/v2\/pages\/17122\/revisions\/17295"}],"wp:attachment":[{"href":"https:\/\/soalheiro.com\/pt-pt\/wp-json\/wp\/v2\/media?parent=17122"}],"curies":[{"name":"wp","href":"https:\/\/api.w.org\/{rel}","templated":true}]}}