{"id":11918,"date":"2021-05-27T10:35:18","date_gmt":"2021-07-05T14:48:10","guid":{"rendered":"https:\/\/soalheiro.com\/?post_type=product&#038;p=11918"},"modified":"2022-03-22T14:43:35","modified_gmt":"2022-03-22T14:43:35","slug":"hortela-pimenta-chocolate","status":"publish","type":"product","link":"https:\/\/soalheiro.com\/pt-pt\/produto\/hortela-pimenta-chocolate\/","title":{"rendered":"Hortel\u00e3 Pimenta Chocolate"},"content":{"rendered":"","protected":false},"excerpt":{"rendered":"<p>Combinando os sabores populares de chocolate e menta, as infus\u00f5es desta erva s\u00e3o uma sobremesa agrad\u00e1vel e natural. O sabor refrescante da <em>Hortel\u00e3 Pimenta Chocolate<\/em> pode aumentar a concentra\u00e7\u00e3o e ajudar na digest\u00e3o.<\/p>\n<p>Esta infus\u00e3o biol\u00f3gica \u00e9 elaborada exclusivamente com folhas de <em>Hortel\u00e3 Pimenta Chocolate (Menta x piperita f. Citrata &#8216;Chocolate&#8217;)<\/em> do nosso Territ\u00f3rio. \u00c9 adequada para vegetarianos e veganos. Sem gl\u00faten, sem cafe\u00edna e sem te\u00edna.<\/p>\n<ul>\n<li><strong>Lata<\/strong>: 25g, 35 doses<\/li>\n<\/ul>\n","protected":false},"featured_media":13169,"comment_status":"closed","ping_status":"closed","template":"","meta":[],"product_brand":[],"product_cat":[187],"product_tag":[],"class_list":{"0":"post-11918","1":"product","2":"type-product","3":"status-publish","4":"has-post-thumbnail","6":"product_cat-infusoes","8":"first","9":"instock","10":"taxable","11":"shipping-taxable","12":"purchasable","13":"product-type-simple"},"yoast_head":"<!-- This site is optimized with the Yoast SEO plugin v27.3 - https:\/\/yoast.com\/product\/yoast-seo-wordpress\/ -->\n<title>Hortel\u00e3 Pimenta Chocolate - Soalheiro<\/title>\n<meta name=\"robots\" content=\"index, follow, max-snippet:-1, max-image-preview:large, max-video-preview:-1\" \/>\n<link rel=\"canonical\" href=\"https:\/\/soalheiro.com\/pt-pt\/produto\/hortela-pimenta-chocolate\/\" \/>\n<meta property=\"og:locale\" content=\"pt_PT\" \/>\n<meta property=\"og:type\" content=\"article\" \/>\n<meta property=\"og:title\" content=\"Hortel\u00e3 Pimenta Chocolate - Soalheiro\" \/>\n<meta property=\"og:description\" content=\"Combinando os sabores populares de chocolate e menta, as infus\u00f5es desta erva s\u00e3o uma sobremesa agrad\u00e1vel e natural. O sabor refrescante da Hortel\u00e3 Pimenta Chocolate pode aumentar a concentra\u00e7\u00e3o e ajudar na digest\u00e3o.  Esta infus\u00e3o biol\u00f3gica \u00e9 elaborada exclusivamente com folhas de Hortel\u00e3 Pimenta Chocolate (Menta x piperita f. Citrata &#039;Chocolate&#039;) do nosso Territ\u00f3rio. \u00c9 adequada para vegetarianos e veganos. Sem gl\u00faten, sem cafe\u00edna e sem te\u00edna.   Lata: 25g, 35 doses\" \/>\n<meta property=\"og:url\" content=\"https:\/\/soalheiro.com\/pt-pt\/produto\/hortela-pimenta-chocolate\/\" \/>\n<meta property=\"og:site_name\" content=\"Soalheiro\" \/>\n<meta property=\"article:modified_time\" content=\"2022-03-22T14:43:35+00:00\" \/>\n<meta property=\"og:image\" content=\"https:\/\/soalheiro.com\/wp-content\/uploads\/2021\/05\/Chocolate-Mint-Soalheiro-The-Pur-Terroir.jpg\" \/>\n\t<meta property=\"og:image:width\" content=\"1000\" \/>\n\t<meta property=\"og:image:height\" content=\"1000\" \/>\n\t<meta property=\"og:image:type\" content=\"image\/jpeg\" \/>\n<meta name=\"twitter:card\" content=\"summary_large_image\" \/>\n<script type=\"application\/ld+json\" class=\"yoast-schema-graph\">{\"@context\":\"https:\\\/\\\/schema.org\",\"@graph\":[{\"@type\":\"WebPage\",\"@id\":\"https:\\\/\\\/soalheiro.com\\\/pt-pt\\\/produto\\\/hortela-pimenta-chocolate\\\/\",\"url\":\"https:\\\/\\\/soalheiro.com\\\/pt-pt\\\/produto\\\/hortela-pimenta-chocolate\\\/\",\"name\":\"Hortel\u00e3 Pimenta Chocolate - Soalheiro\",\"isPartOf\":{\"@id\":\"https:\\\/\\\/soalheiro.com\\\/#website\"},\"primaryImageOfPage\":{\"@id\":\"https:\\\/\\\/soalheiro.com\\\/pt-pt\\\/produto\\\/hortela-pimenta-chocolate\\\/#primaryimage\"},\"image\":{\"@id\":\"https:\\\/\\\/soalheiro.com\\\/pt-pt\\\/produto\\\/hortela-pimenta-chocolate\\\/#primaryimage\"},\"thumbnailUrl\":\"https:\\\/\\\/soalheiro.com\\\/wp-content\\\/uploads\\\/2021\\\/05\\\/Chocolate-Mint-Soalheiro-The-Pur-Terroir.jpg\",\"datePublished\":\"2021-07-05T14:48:10+00:00\",\"dateModified\":\"2022-03-22T14:43:35+00:00\",\"breadcrumb\":{\"@id\":\"https:\\\/\\\/soalheiro.com\\\/pt-pt\\\/produto\\\/hortela-pimenta-chocolate\\\/#breadcrumb\"},\"inLanguage\":\"pt-PT\",\"potentialAction\":[{\"@type\":\"ReadAction\",\"target\":[\"https:\\\/\\\/soalheiro.com\\\/pt-pt\\\/produto\\\/hortela-pimenta-chocolate\\\/\"]}]},{\"@type\":\"ImageObject\",\"inLanguage\":\"pt-PT\",\"@id\":\"https:\\\/\\\/soalheiro.com\\\/pt-pt\\\/produto\\\/hortela-pimenta-chocolate\\\/#primaryimage\",\"url\":\"https:\\\/\\\/soalheiro.com\\\/wp-content\\\/uploads\\\/2021\\\/05\\\/Chocolate-Mint-Soalheiro-The-Pur-Terroir.jpg\",\"contentUrl\":\"https:\\\/\\\/soalheiro.com\\\/wp-content\\\/uploads\\\/2021\\\/05\\\/Chocolate-Mint-Soalheiro-The-Pur-Terroir.jpg\",\"width\":1000,\"height\":1000,\"caption\":\"Chocolate-Mint-Soalheiro-The-Pur-Terroir\"},{\"@type\":\"BreadcrumbList\",\"@id\":\"https:\\\/\\\/soalheiro.com\\\/pt-pt\\\/produto\\\/hortela-pimenta-chocolate\\\/#breadcrumb\",\"itemListElement\":[{\"@type\":\"ListItem\",\"position\":1,\"name\":\"Home\",\"item\":\"https:\\\/\\\/soalheiro.com\\\/pt-pt\\\/\"},{\"@type\":\"ListItem\",\"position\":2,\"name\":\"Loja\",\"item\":\"https:\\\/\\\/soalheiro.com\\\/pt-pt\\\/loja\\\/\"},{\"@type\":\"ListItem\",\"position\":3,\"name\":\"Hortel\u00e3 Pimenta Chocolate\"}]},{\"@type\":\"WebSite\",\"@id\":\"https:\\\/\\\/soalheiro.com\\\/#website\",\"url\":\"https:\\\/\\\/soalheiro.com\\\/\",\"name\":\"Soalheiro\",\"description\":\"Quinta de Soalheiro, located in Melga\u00e7o (the most northern point of Portugal), is protected by a range of mountains that create conditions of rainfall, temperature and sunshine hours necessary for the best ripening of the Alvarinho grapes.\",\"potentialAction\":[{\"@type\":\"SearchAction\",\"target\":{\"@type\":\"EntryPoint\",\"urlTemplate\":\"https:\\\/\\\/soalheiro.com\\\/?s={search_term_string}\"},\"query-input\":{\"@type\":\"PropertyValueSpecification\",\"valueRequired\":true,\"valueName\":\"search_term_string\"}}],\"inLanguage\":\"pt-PT\"}]}<\/script>\n<!-- \/ Yoast SEO plugin. -->","yoast_head_json":{"title":"Hortel\u00e3 Pimenta Chocolate - Soalheiro","robots":{"index":"index","follow":"follow","max-snippet":"max-snippet:-1","max-image-preview":"max-image-preview:large","max-video-preview":"max-video-preview:-1"},"canonical":"https:\/\/soalheiro.com\/pt-pt\/produto\/hortela-pimenta-chocolate\/","og_locale":"pt_PT","og_type":"article","og_title":"Hortel\u00e3 Pimenta Chocolate - Soalheiro","og_description":"Combinando os sabores populares de chocolate e menta, as infus\u00f5es desta erva s\u00e3o uma sobremesa agrad\u00e1vel e natural. O sabor refrescante da Hortel\u00e3 Pimenta Chocolate pode aumentar a concentra\u00e7\u00e3o e ajudar na digest\u00e3o.  Esta infus\u00e3o biol\u00f3gica \u00e9 elaborada exclusivamente com folhas de Hortel\u00e3 Pimenta Chocolate (Menta x piperita f. Citrata 'Chocolate') do nosso Territ\u00f3rio. \u00c9 adequada para vegetarianos e veganos. Sem gl\u00faten, sem cafe\u00edna e sem te\u00edna.   Lata: 25g, 35 doses","og_url":"https:\/\/soalheiro.com\/pt-pt\/produto\/hortela-pimenta-chocolate\/","og_site_name":"Soalheiro","article_modified_time":"2022-03-22T14:43:35+00:00","og_image":[{"width":1000,"height":1000,"url":"https:\/\/soalheiro.com\/wp-content\/uploads\/2021\/05\/Chocolate-Mint-Soalheiro-The-Pur-Terroir.jpg","type":"image\/jpeg"}],"twitter_card":"summary_large_image","schema":{"@context":"https:\/\/schema.org","@graph":[{"@type":"WebPage","@id":"https:\/\/soalheiro.com\/pt-pt\/produto\/hortela-pimenta-chocolate\/","url":"https:\/\/soalheiro.com\/pt-pt\/produto\/hortela-pimenta-chocolate\/","name":"Hortel\u00e3 Pimenta Chocolate - Soalheiro","isPartOf":{"@id":"https:\/\/soalheiro.com\/#website"},"primaryImageOfPage":{"@id":"https:\/\/soalheiro.com\/pt-pt\/produto\/hortela-pimenta-chocolate\/#primaryimage"},"image":{"@id":"https:\/\/soalheiro.com\/pt-pt\/produto\/hortela-pimenta-chocolate\/#primaryimage"},"thumbnailUrl":"https:\/\/soalheiro.com\/wp-content\/uploads\/2021\/05\/Chocolate-Mint-Soalheiro-The-Pur-Terroir.jpg","datePublished":"2021-07-05T14:48:10+00:00","dateModified":"2022-03-22T14:43:35+00:00","breadcrumb":{"@id":"https:\/\/soalheiro.com\/pt-pt\/produto\/hortela-pimenta-chocolate\/#breadcrumb"},"inLanguage":"pt-PT","potentialAction":[{"@type":"ReadAction","target":["https:\/\/soalheiro.com\/pt-pt\/produto\/hortela-pimenta-chocolate\/"]}]},{"@type":"ImageObject","inLanguage":"pt-PT","@id":"https:\/\/soalheiro.com\/pt-pt\/produto\/hortela-pimenta-chocolate\/#primaryimage","url":"https:\/\/soalheiro.com\/wp-content\/uploads\/2021\/05\/Chocolate-Mint-Soalheiro-The-Pur-Terroir.jpg","contentUrl":"https:\/\/soalheiro.com\/wp-content\/uploads\/2021\/05\/Chocolate-Mint-Soalheiro-The-Pur-Terroir.jpg","width":1000,"height":1000,"caption":"Chocolate-Mint-Soalheiro-The-Pur-Terroir"},{"@type":"BreadcrumbList","@id":"https:\/\/soalheiro.com\/pt-pt\/produto\/hortela-pimenta-chocolate\/#breadcrumb","itemListElement":[{"@type":"ListItem","position":1,"name":"Home","item":"https:\/\/soalheiro.com\/pt-pt\/"},{"@type":"ListItem","position":2,"name":"Loja","item":"https:\/\/soalheiro.com\/pt-pt\/loja\/"},{"@type":"ListItem","position":3,"name":"Hortel\u00e3 Pimenta Chocolate"}]},{"@type":"WebSite","@id":"https:\/\/soalheiro.com\/#website","url":"https:\/\/soalheiro.com\/","name":"Soalheiro","description":"Quinta de Soalheiro, located in Melga\u00e7o (the most northern point of Portugal), is protected by a range of mountains that create conditions of rainfall, temperature and sunshine hours necessary for the best ripening of the Alvarinho grapes.","potentialAction":[{"@type":"SearchAction","target":{"@type":"EntryPoint","urlTemplate":"https:\/\/soalheiro.com\/?s={search_term_string}"},"query-input":{"@type":"PropertyValueSpecification","valueRequired":true,"valueName":"search_term_string"}}],"inLanguage":"pt-PT"}]}},"_links":{"self":[{"href":"https:\/\/soalheiro.com\/pt-pt\/wp-json\/wp\/v2\/product\/11918","targetHints":{"allow":["GET"]}}],"collection":[{"href":"https:\/\/soalheiro.com\/pt-pt\/wp-json\/wp\/v2\/product"}],"about":[{"href":"https:\/\/soalheiro.com\/pt-pt\/wp-json\/wp\/v2\/types\/product"}],"replies":[{"embeddable":true,"href":"https:\/\/soalheiro.com\/pt-pt\/wp-json\/wp\/v2\/comments?post=11918"}],"version-history":[{"count":0,"href":"https:\/\/soalheiro.com\/pt-pt\/wp-json\/wp\/v2\/product\/11918\/revisions"}],"wp:featuredmedia":[{"embeddable":true,"href":"https:\/\/soalheiro.com\/pt-pt\/wp-json\/wp\/v2\/media\/13169"}],"wp:attachment":[{"href":"https:\/\/soalheiro.com\/pt-pt\/wp-json\/wp\/v2\/media?parent=11918"}],"wp:term":[{"taxonomy":"product_brand","embeddable":true,"href":"https:\/\/soalheiro.com\/pt-pt\/wp-json\/wp\/v2\/product_brand?post=11918"},{"taxonomy":"product_cat","embeddable":true,"href":"https:\/\/soalheiro.com\/pt-pt\/wp-json\/wp\/v2\/product_cat?post=11918"},{"taxonomy":"product_tag","embeddable":true,"href":"https:\/\/soalheiro.com\/pt-pt\/wp-json\/wp\/v2\/product_tag?post=11918"}],"curies":[{"name":"wp","href":"https:\/\/api.w.org\/{rel}","templated":true}]}}