{"id":12177,"date":"2023-11-04T09:58:10","date_gmt":"2021-07-07T10:19:45","guid":{"rendered":"https:\/\/soalheiro.com\/?post_type=product&#038;p=12177"},"modified":"2023-11-06T16:12:25","modified_gmt":"2023-11-06T16:12:25","slug":"colecao-premium-territorio-unico-1","status":"publish","type":"product","link":"https:\/\/soalheiro.com\/pt-pt\/produto\/colecao-premium-territorio-unico-1\/","title":{"rendered":"Cole\u00e7\u00e3o Premium Territ\u00f3rio \u00danico I"},"content":{"rendered":"<p>[vc_row][vc_column][vc_column_text woodmart_inline=&#8221;no&#8221; text_larger=&#8221;no&#8221;]<\/p>\n<h6>Flavors of a unique territory<br \/>\nAlvarinho wines, herbal teas, traditional smoked meats and goat&#8217;s cheese<\/h6>\n<p>Leve os sabores do nosso Territ\u00f3rio, Mon\u00e7\u00e3o e Melga\u00e7o, at\u00e9 sua casa com o\u00a0<em>Cabaz de Vinhos Premium<\/em>. Combinar as mais diversas express\u00f5es do Alvarinho com iguarias de origem local \u00e9 a forma perfeita de vivenciar a diversidade da nossa regi\u00e3o.[\/vc_column_text][\/vc_column][\/vc_row]<\/p>\n","protected":false},"excerpt":{"rendered":"<div class=\"ewa-rteLine\"><span style=\"color: #c9b071;\"><strong>INCLUI:<\/strong><\/span><\/div>\n<div class=\"ewa-rteLine\">1 x <strong>Soalheiro Terramatter<\/strong> 750ml<\/div>\n<div class=\"ewa-rteLine\">1 x <strong>Soalheiro Nature<\/strong> 750ml<\/div>\n<div class=\"ewa-rteLine\">1 x <strong>Soalheiro Reserva<\/strong> 750ml<\/div>\n<div class=\"ewa-rteLine\">1 x <strong>Soalheiro Cl\u00e1ssico<\/strong> 750ml<\/div>\n<div class=\"ewa-rteLine\">1 x <strong>Soalheiro Primeiras Vinhas<\/strong> 750ml<\/div>\n<div class=\"ewa-rteLine\">1 x <strong>Soalheiro Granit<\/strong> 750ml<\/div>\n<div class=\"ewa-rteLine\">1 x <strong>Soalheiro Aguardente Bagaceira Velha<\/strong> 500ml<\/div>\n<div class=\"ewa-rteLine\">1 x <strong>Infus\u00e3o The Pur Terroir<\/strong>* 20g<\/div>\n<div class=\"ewa-rteLine\">1 x <strong>Saca-rolhas Premium<\/strong><\/div>\n<div class=\"ewa-rteLine\">3 x <strong>Doseadores<\/strong><\/div>\n<div>\n<p>&nbsp;<\/p>\n<\/div>\n<div class=\"ewa-rteLine\"><span style=\"color: #c9b071;\"><strong>OFERTA:<\/strong><\/span><\/div>\n<div class=\"ewa-rteLine\">\n<div class=\"ewa-rteLine\">1 x <strong>Chouri\u00e7as de Carne Quinta de Folga<\/strong> 340 g (2 un.)<\/div>\n<div class=\"ewa-rteLine\">1 x <strong>Salpic\u00e3o Quinta de Folga<\/strong> 120 g<\/div>\n<div class=\"ewa-rteLine\">1 x <strong>Chouri\u00e7as de Sangue Quinta de Folga<\/strong> 220 g (2 un.)<\/div>\n<div class=\"ewa-rteLine\">1 x <strong>Queijo Curado Prados de Melga\u00e7o<\/strong> 120 g<\/div>\n<div>\n<div>\n<p>&nbsp;<\/p>\n<\/div>\n<div class=\"ewa-rteLine\">*Ao processar a compra, indique no campo &#8220;notas da encomenda&#8221; a variedade de infus\u00e3o pretendida: L\u00facia-Lima, Cidreira, Hortel\u00e3-Verde, Tomilho, Alecrim, Tomilho-Lim\u00e3o, Hortel\u00e3 Pimenta Chocolate, Perp\u00e9tua Vermelha, Erva Pr\u00edncipe, Perp\u00e9tua Roxa.<br \/>\nCaso n\u00e3o indique, enviaremos de forma aleat\u00f3ria.<\/div>\n<\/div>\n<\/div>\n","protected":false},"featured_media":19542,"comment_status":"closed","ping_status":"closed","template":"","meta":[],"product_brand":[],"product_cat":[185],"product_tag":[402,405,406],"class_list":{"0":"post-12177","1":"product","2":"type-product","3":"status-publish","4":"has-post-thumbnail","6":"product_cat-packs","7":"product_tag-alvarinho-soalheiro-classico-pt-pt","8":"product_tag-soalheiro-granit-alvarinho-pt-pt-2","9":"product_tag-soalheiro-primeiras-vinhas-alvarinho-pt-pt-2","11":"first","12":"instock","13":"taxable","14":"shipping-taxable","15":"purchasable","16":"product-type-simple"},"yoast_head":"<!-- This site is optimized with the Yoast SEO plugin v27.3 - https:\/\/yoast.com\/product\/yoast-seo-wordpress\/ -->\n<title>Cole\u00e7\u00e3o Premium Territ\u00f3rio \u00danico I - Soalheiro<\/title>\n<meta name=\"description\" content=\"Ofere\u00e7a um presente especial este Natal. Descubra os nossos Packs de Vinhos, Infus\u00f5es e outros produtos do territ\u00f3rio. Dispon\u00edvel na loja online!\" \/>\n<meta name=\"robots\" content=\"index, follow, max-snippet:-1, max-image-preview:large, max-video-preview:-1\" \/>\n<link rel=\"canonical\" href=\"https:\/\/soalheiro.com\/pt-pt\/produto\/colecao-premium-territorio-unico-1\/\" \/>\n<meta property=\"og:locale\" content=\"pt_PT\" \/>\n<meta property=\"og:type\" content=\"article\" \/>\n<meta property=\"og:title\" content=\"Cole\u00e7\u00e3o Premium Territ\u00f3rio \u00danico I - Soalheiro\" \/>\n<meta property=\"og:description\" content=\"Ofere\u00e7a um presente especial este Natal. Descubra os nossos Packs de Vinhos, Infus\u00f5es e outros produtos do territ\u00f3rio. Dispon\u00edvel na loja online!\" \/>\n<meta property=\"og:url\" content=\"https:\/\/soalheiro.com\/pt-pt\/produto\/colecao-premium-territorio-unico-1\/\" \/>\n<meta property=\"og:site_name\" content=\"Soalheiro\" \/>\n<meta property=\"article:modified_time\" content=\"2023-11-06T16:12:25+00:00\" \/>\n<meta property=\"og:image\" content=\"https:\/\/soalheiro.com\/wp-content\/uploads\/2023\/11\/10_Colecao-Premium-Territorio-Unico-l_f_1.1_2.jpg\" \/>\n\t<meta property=\"og:image:width\" content=\"841\" \/>\n\t<meta property=\"og:image:height\" content=\"841\" \/>\n\t<meta property=\"og:image:type\" content=\"image\/jpeg\" \/>\n<meta name=\"twitter:card\" content=\"summary_large_image\" \/>\n<meta name=\"twitter:label1\" content=\"Tempo estimado de leitura\" \/>\n\t<meta name=\"twitter:data1\" content=\"1 minuto\" \/>\n<script type=\"application\/ld+json\" class=\"yoast-schema-graph\">{\"@context\":\"https:\\\/\\\/schema.org\",\"@graph\":[{\"@type\":\"WebPage\",\"@id\":\"https:\\\/\\\/soalheiro.com\\\/pt-pt\\\/produto\\\/colecao-premium-territorio-unico-1\\\/\",\"url\":\"https:\\\/\\\/soalheiro.com\\\/pt-pt\\\/produto\\\/colecao-premium-territorio-unico-1\\\/\",\"name\":\"Cole\u00e7\u00e3o Premium Territ\u00f3rio \u00danico I - Soalheiro\",\"isPartOf\":{\"@id\":\"https:\\\/\\\/soalheiro.com\\\/#website\"},\"primaryImageOfPage\":{\"@id\":\"https:\\\/\\\/soalheiro.com\\\/pt-pt\\\/produto\\\/colecao-premium-territorio-unico-1\\\/#primaryimage\"},\"image\":{\"@id\":\"https:\\\/\\\/soalheiro.com\\\/pt-pt\\\/produto\\\/colecao-premium-territorio-unico-1\\\/#primaryimage\"},\"thumbnailUrl\":\"https:\\\/\\\/soalheiro.com\\\/wp-content\\\/uploads\\\/2023\\\/11\\\/10_Colecao-Premium-Territorio-Unico-l_f_1.1_2.jpg\",\"datePublished\":\"2021-07-07T10:19:45+00:00\",\"dateModified\":\"2023-11-06T16:12:25+00:00\",\"description\":\"Ofere\u00e7a um presente especial este Natal. Descubra os nossos Packs de Vinhos, Infus\u00f5es e outros produtos do territ\u00f3rio. Dispon\u00edvel na loja online!\",\"breadcrumb\":{\"@id\":\"https:\\\/\\\/soalheiro.com\\\/pt-pt\\\/produto\\\/colecao-premium-territorio-unico-1\\\/#breadcrumb\"},\"inLanguage\":\"pt-PT\",\"potentialAction\":[{\"@type\":\"ReadAction\",\"target\":[\"https:\\\/\\\/soalheiro.com\\\/pt-pt\\\/produto\\\/colecao-premium-territorio-unico-1\\\/\"]}]},{\"@type\":\"ImageObject\",\"inLanguage\":\"pt-PT\",\"@id\":\"https:\\\/\\\/soalheiro.com\\\/pt-pt\\\/produto\\\/colecao-premium-territorio-unico-1\\\/#primaryimage\",\"url\":\"https:\\\/\\\/soalheiro.com\\\/wp-content\\\/uploads\\\/2023\\\/11\\\/10_Colecao-Premium-Territorio-Unico-l_f_1.1_2.jpg\",\"contentUrl\":\"https:\\\/\\\/soalheiro.com\\\/wp-content\\\/uploads\\\/2023\\\/11\\\/10_Colecao-Premium-Territorio-Unico-l_f_1.1_2.jpg\",\"width\":841,\"height\":841},{\"@type\":\"BreadcrumbList\",\"@id\":\"https:\\\/\\\/soalheiro.com\\\/pt-pt\\\/produto\\\/colecao-premium-territorio-unico-1\\\/#breadcrumb\",\"itemListElement\":[{\"@type\":\"ListItem\",\"position\":1,\"name\":\"Home\",\"item\":\"https:\\\/\\\/soalheiro.com\\\/pt-pt\\\/\"},{\"@type\":\"ListItem\",\"position\":2,\"name\":\"Loja\",\"item\":\"https:\\\/\\\/soalheiro.com\\\/pt-pt\\\/loja\\\/\"},{\"@type\":\"ListItem\",\"position\":3,\"name\":\"Cole\u00e7\u00e3o Premium Territ\u00f3rio \u00danico I\"}]},{\"@type\":\"WebSite\",\"@id\":\"https:\\\/\\\/soalheiro.com\\\/#website\",\"url\":\"https:\\\/\\\/soalheiro.com\\\/\",\"name\":\"Soalheiro\",\"description\":\"Quinta de Soalheiro, located in Melga\u00e7o (the most northern point of Portugal), is protected by a range of mountains that create conditions of rainfall, temperature and sunshine hours necessary for the best ripening of the Alvarinho grapes.\",\"potentialAction\":[{\"@type\":\"SearchAction\",\"target\":{\"@type\":\"EntryPoint\",\"urlTemplate\":\"https:\\\/\\\/soalheiro.com\\\/?s={search_term_string}\"},\"query-input\":{\"@type\":\"PropertyValueSpecification\",\"valueRequired\":true,\"valueName\":\"search_term_string\"}}],\"inLanguage\":\"pt-PT\"}]}<\/script>\n<!-- \/ Yoast SEO plugin. -->","yoast_head_json":{"title":"Cole\u00e7\u00e3o Premium Territ\u00f3rio \u00danico I - Soalheiro","description":"Ofere\u00e7a um presente especial este Natal. Descubra os nossos Packs de Vinhos, Infus\u00f5es e outros produtos do territ\u00f3rio. Dispon\u00edvel na loja online!","robots":{"index":"index","follow":"follow","max-snippet":"max-snippet:-1","max-image-preview":"max-image-preview:large","max-video-preview":"max-video-preview:-1"},"canonical":"https:\/\/soalheiro.com\/pt-pt\/produto\/colecao-premium-territorio-unico-1\/","og_locale":"pt_PT","og_type":"article","og_title":"Cole\u00e7\u00e3o Premium Territ\u00f3rio \u00danico I - Soalheiro","og_description":"Ofere\u00e7a um presente especial este Natal. Descubra os nossos Packs de Vinhos, Infus\u00f5es e outros produtos do territ\u00f3rio. Dispon\u00edvel na loja online!","og_url":"https:\/\/soalheiro.com\/pt-pt\/produto\/colecao-premium-territorio-unico-1\/","og_site_name":"Soalheiro","article_modified_time":"2023-11-06T16:12:25+00:00","og_image":[{"width":841,"height":841,"url":"https:\/\/soalheiro.com\/wp-content\/uploads\/2023\/11\/10_Colecao-Premium-Territorio-Unico-l_f_1.1_2.jpg","type":"image\/jpeg"}],"twitter_card":"summary_large_image","twitter_misc":{"Tempo estimado de leitura":"1 minuto"},"schema":{"@context":"https:\/\/schema.org","@graph":[{"@type":"WebPage","@id":"https:\/\/soalheiro.com\/pt-pt\/produto\/colecao-premium-territorio-unico-1\/","url":"https:\/\/soalheiro.com\/pt-pt\/produto\/colecao-premium-territorio-unico-1\/","name":"Cole\u00e7\u00e3o Premium Territ\u00f3rio \u00danico I - Soalheiro","isPartOf":{"@id":"https:\/\/soalheiro.com\/#website"},"primaryImageOfPage":{"@id":"https:\/\/soalheiro.com\/pt-pt\/produto\/colecao-premium-territorio-unico-1\/#primaryimage"},"image":{"@id":"https:\/\/soalheiro.com\/pt-pt\/produto\/colecao-premium-territorio-unico-1\/#primaryimage"},"thumbnailUrl":"https:\/\/soalheiro.com\/wp-content\/uploads\/2023\/11\/10_Colecao-Premium-Territorio-Unico-l_f_1.1_2.jpg","datePublished":"2021-07-07T10:19:45+00:00","dateModified":"2023-11-06T16:12:25+00:00","description":"Ofere\u00e7a um presente especial este Natal. Descubra os nossos Packs de Vinhos, Infus\u00f5es e outros produtos do territ\u00f3rio. Dispon\u00edvel na loja online!","breadcrumb":{"@id":"https:\/\/soalheiro.com\/pt-pt\/produto\/colecao-premium-territorio-unico-1\/#breadcrumb"},"inLanguage":"pt-PT","potentialAction":[{"@type":"ReadAction","target":["https:\/\/soalheiro.com\/pt-pt\/produto\/colecao-premium-territorio-unico-1\/"]}]},{"@type":"ImageObject","inLanguage":"pt-PT","@id":"https:\/\/soalheiro.com\/pt-pt\/produto\/colecao-premium-territorio-unico-1\/#primaryimage","url":"https:\/\/soalheiro.com\/wp-content\/uploads\/2023\/11\/10_Colecao-Premium-Territorio-Unico-l_f_1.1_2.jpg","contentUrl":"https:\/\/soalheiro.com\/wp-content\/uploads\/2023\/11\/10_Colecao-Premium-Territorio-Unico-l_f_1.1_2.jpg","width":841,"height":841},{"@type":"BreadcrumbList","@id":"https:\/\/soalheiro.com\/pt-pt\/produto\/colecao-premium-territorio-unico-1\/#breadcrumb","itemListElement":[{"@type":"ListItem","position":1,"name":"Home","item":"https:\/\/soalheiro.com\/pt-pt\/"},{"@type":"ListItem","position":2,"name":"Loja","item":"https:\/\/soalheiro.com\/pt-pt\/loja\/"},{"@type":"ListItem","position":3,"name":"Cole\u00e7\u00e3o Premium Territ\u00f3rio \u00danico I"}]},{"@type":"WebSite","@id":"https:\/\/soalheiro.com\/#website","url":"https:\/\/soalheiro.com\/","name":"Soalheiro","description":"Quinta de Soalheiro, located in Melga\u00e7o (the most northern point of Portugal), is protected by a range of mountains that create conditions of rainfall, temperature and sunshine hours necessary for the best ripening of the Alvarinho grapes.","potentialAction":[{"@type":"SearchAction","target":{"@type":"EntryPoint","urlTemplate":"https:\/\/soalheiro.com\/?s={search_term_string}"},"query-input":{"@type":"PropertyValueSpecification","valueRequired":true,"valueName":"search_term_string"}}],"inLanguage":"pt-PT"}]}},"_links":{"self":[{"href":"https:\/\/soalheiro.com\/pt-pt\/wp-json\/wp\/v2\/product\/12177","targetHints":{"allow":["GET"]}}],"collection":[{"href":"https:\/\/soalheiro.com\/pt-pt\/wp-json\/wp\/v2\/product"}],"about":[{"href":"https:\/\/soalheiro.com\/pt-pt\/wp-json\/wp\/v2\/types\/product"}],"replies":[{"embeddable":true,"href":"https:\/\/soalheiro.com\/pt-pt\/wp-json\/wp\/v2\/comments?post=12177"}],"version-history":[{"count":5,"href":"https:\/\/soalheiro.com\/pt-pt\/wp-json\/wp\/v2\/product\/12177\/revisions"}],"predecessor-version":[{"id":16959,"href":"https:\/\/soalheiro.com\/pt-pt\/wp-json\/wp\/v2\/product\/12177\/revisions\/16959"}],"wp:featuredmedia":[{"embeddable":true,"href":"https:\/\/soalheiro.com\/pt-pt\/wp-json\/wp\/v2\/media\/19542"}],"wp:attachment":[{"href":"https:\/\/soalheiro.com\/pt-pt\/wp-json\/wp\/v2\/media?parent=12177"}],"wp:term":[{"taxonomy":"product_brand","embeddable":true,"href":"https:\/\/soalheiro.com\/pt-pt\/wp-json\/wp\/v2\/product_brand?post=12177"},{"taxonomy":"product_cat","embeddable":true,"href":"https:\/\/soalheiro.com\/pt-pt\/wp-json\/wp\/v2\/product_cat?post=12177"},{"taxonomy":"product_tag","embeddable":true,"href":"https:\/\/soalheiro.com\/pt-pt\/wp-json\/wp\/v2\/product_tag?post=12177"}],"curies":[{"name":"wp","href":"https:\/\/api.w.org\/{rel}","templated":true}]}}