{"id":13297,"date":"2021-09-16T11:50:09","date_gmt":"2021-09-16T11:49:15","guid":{"rendered":"https:\/\/soalheiro.com\/?post_type=product&#038;p=13297"},"modified":"2022-02-09T17:02:02","modified_gmt":"2022-02-09T17:02:02","slug":"saco-soalheiro","status":"publish","type":"product","link":"https:\/\/soalheiro.com\/pt-pt\/produto\/saco-soalheiro\/","title":{"rendered":"Saco Soalheiro"},"content":{"rendered":"<p>[vc_row][vc_column width=&#8221;1\/2&#8243;][vc_column_text text_larger=&#8221;no&#8221;]<\/p>\n<blockquote><p>&#8220;Temos um res\u00edduo que s\u00e3o os baga\u00e7os das uvas, que resultam da prensagem. Esses baga\u00e7os t\u00eam v\u00e1rias possibilidades de ser utilizados na ind\u00fastria vitivin\u00edcola, mas a sua valoriza\u00e7\u00e3o n\u00e3o \u00e9 significativa. E ent\u00e3o surgiu a ideia, com a Tintex, de fazer uma experi\u00eancia e utilizar este res\u00edduo vegetal (que no fundo s\u00e3o pel\u00edculas de uva) para revestir um tecido org\u00e2nico&#8221;.<\/p>\n<p>Luis Cerdeira<\/p><\/blockquote>\n<p>[\/vc_column_text][\/vc_column][vc_column width=&#8221;1\/2&#8243;][vc_video link=&#8221;https:\/\/youtu.be\/kx_c3D9x9Mc&#8221; align=&#8221;right&#8221; poster_image=&#8221;13291&#8243; image_poster_switch=&#8221;yes&#8221;][\/vc_column][\/vc_row]<\/p>\n","protected":false},"excerpt":{"rendered":"<p>Um saco de algod\u00e3o onde aplicamos o tecido feito com res\u00edduos de uva Alvarinho desenvolvido em parceria com a Tintex.<\/p>\n","protected":false},"featured_media":13294,"comment_status":"closed","ping_status":"closed","template":"","meta":[],"product_brand":[],"product_cat":[182],"product_tag":[],"class_list":{"0":"post-13297","1":"product","2":"type-product","3":"status-publish","4":"has-post-thumbnail","6":"product_cat-acessorios","8":"first","9":"instock","10":"taxable","11":"shipping-taxable","12":"purchasable","13":"product-type-simple"},"yoast_head":"<!-- This site is optimized with the Yoast SEO plugin v27.3 - https:\/\/yoast.com\/product\/yoast-seo-wordpress\/ -->\n<title>Saco Soalheiro - Soalheiro<\/title>\n<meta name=\"robots\" content=\"index, follow, max-snippet:-1, max-image-preview:large, max-video-preview:-1\" \/>\n<link rel=\"canonical\" href=\"https:\/\/soalheiro.com\/pt-pt\/produto\/saco-soalheiro\/\" \/>\n<meta property=\"og:locale\" content=\"pt_PT\" \/>\n<meta property=\"og:type\" content=\"article\" \/>\n<meta property=\"og:title\" content=\"Saco Soalheiro - Soalheiro\" \/>\n<meta property=\"og:description\" content=\"Um saco de algod\u00e3o onde aplicamos o tecido feito com res\u00edduos de uva Alvarinho desenvolvido em parceria com a Tintex.\" \/>\n<meta property=\"og:url\" content=\"https:\/\/soalheiro.com\/pt-pt\/produto\/saco-soalheiro\/\" \/>\n<meta property=\"og:site_name\" content=\"Soalheiro\" \/>\n<meta property=\"article:modified_time\" content=\"2022-02-09T17:02:02+00:00\" \/>\n<meta property=\"og:image\" content=\"https:\/\/soalheiro.com\/wp-content\/uploads\/2021\/09\/Soalheiro-Bag-Tintex-fabric-grape.jpg\" \/>\n\t<meta property=\"og:image:width\" content=\"1000\" \/>\n\t<meta property=\"og:image:height\" content=\"1000\" \/>\n\t<meta property=\"og:image:type\" content=\"image\/jpeg\" \/>\n<meta name=\"twitter:card\" content=\"summary_large_image\" \/>\n<meta name=\"twitter:label1\" content=\"Tempo estimado de leitura\" \/>\n\t<meta name=\"twitter:data1\" content=\"1 minuto\" \/>\n<script type=\"application\/ld+json\" class=\"yoast-schema-graph\">{\"@context\":\"https:\\\/\\\/schema.org\",\"@graph\":[{\"@type\":\"WebPage\",\"@id\":\"https:\\\/\\\/soalheiro.com\\\/pt-pt\\\/produto\\\/saco-soalheiro\\\/\",\"url\":\"https:\\\/\\\/soalheiro.com\\\/pt-pt\\\/produto\\\/saco-soalheiro\\\/\",\"name\":\"Saco Soalheiro - Soalheiro\",\"isPartOf\":{\"@id\":\"https:\\\/\\\/soalheiro.com\\\/#website\"},\"primaryImageOfPage\":{\"@id\":\"https:\\\/\\\/soalheiro.com\\\/pt-pt\\\/produto\\\/saco-soalheiro\\\/#primaryimage\"},\"image\":{\"@id\":\"https:\\\/\\\/soalheiro.com\\\/pt-pt\\\/produto\\\/saco-soalheiro\\\/#primaryimage\"},\"thumbnailUrl\":\"https:\\\/\\\/soalheiro.com\\\/wp-content\\\/uploads\\\/2021\\\/09\\\/Soalheiro-Bag-Tintex-fabric-grape.jpg\",\"datePublished\":\"2021-09-16T11:49:15+00:00\",\"dateModified\":\"2022-02-09T17:02:02+00:00\",\"breadcrumb\":{\"@id\":\"https:\\\/\\\/soalheiro.com\\\/pt-pt\\\/produto\\\/saco-soalheiro\\\/#breadcrumb\"},\"inLanguage\":\"pt-PT\",\"potentialAction\":[{\"@type\":\"ReadAction\",\"target\":[\"https:\\\/\\\/soalheiro.com\\\/pt-pt\\\/produto\\\/saco-soalheiro\\\/\"]}]},{\"@type\":\"ImageObject\",\"inLanguage\":\"pt-PT\",\"@id\":\"https:\\\/\\\/soalheiro.com\\\/pt-pt\\\/produto\\\/saco-soalheiro\\\/#primaryimage\",\"url\":\"https:\\\/\\\/soalheiro.com\\\/wp-content\\\/uploads\\\/2021\\\/09\\\/Soalheiro-Bag-Tintex-fabric-grape.jpg\",\"contentUrl\":\"https:\\\/\\\/soalheiro.com\\\/wp-content\\\/uploads\\\/2021\\\/09\\\/Soalheiro-Bag-Tintex-fabric-grape.jpg\",\"width\":1000,\"height\":1000,\"caption\":\"Soalheiro-Bag-Tintex-fabric-grape\"},{\"@type\":\"BreadcrumbList\",\"@id\":\"https:\\\/\\\/soalheiro.com\\\/pt-pt\\\/produto\\\/saco-soalheiro\\\/#breadcrumb\",\"itemListElement\":[{\"@type\":\"ListItem\",\"position\":1,\"name\":\"Home\",\"item\":\"https:\\\/\\\/soalheiro.com\\\/pt-pt\\\/\"},{\"@type\":\"ListItem\",\"position\":2,\"name\":\"Loja\",\"item\":\"https:\\\/\\\/soalheiro.com\\\/pt-pt\\\/loja\\\/\"},{\"@type\":\"ListItem\",\"position\":3,\"name\":\"Saco Soalheiro\"}]},{\"@type\":\"WebSite\",\"@id\":\"https:\\\/\\\/soalheiro.com\\\/#website\",\"url\":\"https:\\\/\\\/soalheiro.com\\\/\",\"name\":\"Soalheiro\",\"description\":\"Quinta de Soalheiro, located in Melga\u00e7o (the most northern point of Portugal), is protected by a range of mountains that create conditions of rainfall, temperature and sunshine hours necessary for the best ripening of the Alvarinho grapes.\",\"potentialAction\":[{\"@type\":\"SearchAction\",\"target\":{\"@type\":\"EntryPoint\",\"urlTemplate\":\"https:\\\/\\\/soalheiro.com\\\/?s={search_term_string}\"},\"query-input\":{\"@type\":\"PropertyValueSpecification\",\"valueRequired\":true,\"valueName\":\"search_term_string\"}}],\"inLanguage\":\"pt-PT\"}]}<\/script>\n<!-- \/ Yoast SEO plugin. -->","yoast_head_json":{"title":"Saco Soalheiro - Soalheiro","robots":{"index":"index","follow":"follow","max-snippet":"max-snippet:-1","max-image-preview":"max-image-preview:large","max-video-preview":"max-video-preview:-1"},"canonical":"https:\/\/soalheiro.com\/pt-pt\/produto\/saco-soalheiro\/","og_locale":"pt_PT","og_type":"article","og_title":"Saco Soalheiro - Soalheiro","og_description":"Um saco de algod\u00e3o onde aplicamos o tecido feito com res\u00edduos de uva Alvarinho desenvolvido em parceria com a Tintex.","og_url":"https:\/\/soalheiro.com\/pt-pt\/produto\/saco-soalheiro\/","og_site_name":"Soalheiro","article_modified_time":"2022-02-09T17:02:02+00:00","og_image":[{"width":1000,"height":1000,"url":"https:\/\/soalheiro.com\/wp-content\/uploads\/2021\/09\/Soalheiro-Bag-Tintex-fabric-grape.jpg","type":"image\/jpeg"}],"twitter_card":"summary_large_image","twitter_misc":{"Tempo estimado de leitura":"1 minuto"},"schema":{"@context":"https:\/\/schema.org","@graph":[{"@type":"WebPage","@id":"https:\/\/soalheiro.com\/pt-pt\/produto\/saco-soalheiro\/","url":"https:\/\/soalheiro.com\/pt-pt\/produto\/saco-soalheiro\/","name":"Saco Soalheiro - Soalheiro","isPartOf":{"@id":"https:\/\/soalheiro.com\/#website"},"primaryImageOfPage":{"@id":"https:\/\/soalheiro.com\/pt-pt\/produto\/saco-soalheiro\/#primaryimage"},"image":{"@id":"https:\/\/soalheiro.com\/pt-pt\/produto\/saco-soalheiro\/#primaryimage"},"thumbnailUrl":"https:\/\/soalheiro.com\/wp-content\/uploads\/2021\/09\/Soalheiro-Bag-Tintex-fabric-grape.jpg","datePublished":"2021-09-16T11:49:15+00:00","dateModified":"2022-02-09T17:02:02+00:00","breadcrumb":{"@id":"https:\/\/soalheiro.com\/pt-pt\/produto\/saco-soalheiro\/#breadcrumb"},"inLanguage":"pt-PT","potentialAction":[{"@type":"ReadAction","target":["https:\/\/soalheiro.com\/pt-pt\/produto\/saco-soalheiro\/"]}]},{"@type":"ImageObject","inLanguage":"pt-PT","@id":"https:\/\/soalheiro.com\/pt-pt\/produto\/saco-soalheiro\/#primaryimage","url":"https:\/\/soalheiro.com\/wp-content\/uploads\/2021\/09\/Soalheiro-Bag-Tintex-fabric-grape.jpg","contentUrl":"https:\/\/soalheiro.com\/wp-content\/uploads\/2021\/09\/Soalheiro-Bag-Tintex-fabric-grape.jpg","width":1000,"height":1000,"caption":"Soalheiro-Bag-Tintex-fabric-grape"},{"@type":"BreadcrumbList","@id":"https:\/\/soalheiro.com\/pt-pt\/produto\/saco-soalheiro\/#breadcrumb","itemListElement":[{"@type":"ListItem","position":1,"name":"Home","item":"https:\/\/soalheiro.com\/pt-pt\/"},{"@type":"ListItem","position":2,"name":"Loja","item":"https:\/\/soalheiro.com\/pt-pt\/loja\/"},{"@type":"ListItem","position":3,"name":"Saco Soalheiro"}]},{"@type":"WebSite","@id":"https:\/\/soalheiro.com\/#website","url":"https:\/\/soalheiro.com\/","name":"Soalheiro","description":"Quinta de Soalheiro, located in Melga\u00e7o (the most northern point of Portugal), is protected by a range of mountains that create conditions of rainfall, temperature and sunshine hours necessary for the best ripening of the Alvarinho grapes.","potentialAction":[{"@type":"SearchAction","target":{"@type":"EntryPoint","urlTemplate":"https:\/\/soalheiro.com\/?s={search_term_string}"},"query-input":{"@type":"PropertyValueSpecification","valueRequired":true,"valueName":"search_term_string"}}],"inLanguage":"pt-PT"}]}},"_links":{"self":[{"href":"https:\/\/soalheiro.com\/pt-pt\/wp-json\/wp\/v2\/product\/13297","targetHints":{"allow":["GET"]}}],"collection":[{"href":"https:\/\/soalheiro.com\/pt-pt\/wp-json\/wp\/v2\/product"}],"about":[{"href":"https:\/\/soalheiro.com\/pt-pt\/wp-json\/wp\/v2\/types\/product"}],"replies":[{"embeddable":true,"href":"https:\/\/soalheiro.com\/pt-pt\/wp-json\/wp\/v2\/comments?post=13297"}],"version-history":[{"count":0,"href":"https:\/\/soalheiro.com\/pt-pt\/wp-json\/wp\/v2\/product\/13297\/revisions"}],"wp:featuredmedia":[{"embeddable":true,"href":"https:\/\/soalheiro.com\/pt-pt\/wp-json\/wp\/v2\/media\/13294"}],"wp:attachment":[{"href":"https:\/\/soalheiro.com\/pt-pt\/wp-json\/wp\/v2\/media?parent=13297"}],"wp:term":[{"taxonomy":"product_brand","embeddable":true,"href":"https:\/\/soalheiro.com\/pt-pt\/wp-json\/wp\/v2\/product_brand?post=13297"},{"taxonomy":"product_cat","embeddable":true,"href":"https:\/\/soalheiro.com\/pt-pt\/wp-json\/wp\/v2\/product_cat?post=13297"},{"taxonomy":"product_tag","embeddable":true,"href":"https:\/\/soalheiro.com\/pt-pt\/wp-json\/wp\/v2\/product_tag?post=13297"}],"curies":[{"name":"wp","href":"https:\/\/api.w.org\/{rel}","templated":true}]}}