{"id":15061,"date":"2022-04-22T09:15:32","date_gmt":"2022-04-22T09:15:32","guid":{"rendered":"https:\/\/soalheiro.com\/?post_type=product&#038;p=15061"},"modified":"2024-11-27T11:41:02","modified_gmt":"2024-11-27T11:41:02","slug":"pack-40-anos","status":"publish","type":"product","link":"https:\/\/soalheiro.com\/pt-pt\/produto\/pack-40-anos\/","title":{"rendered":"Pack 40 Anos"},"content":{"rendered":"<p>[vc_row][vc_column][vc_column_text woodmart_inline=&#8221;no&#8221; text_larger=&#8221;no&#8221;]A <em>Prova Digital 40 Anos Soalheiro<\/em> inclui:<\/p>\n<ul>\n<li><em>Soalheiro Edi\u00e7\u00e3o Especial 40 Anos<\/em>\n<ul>\n<li>1 garrafa <strong>Soalheiro 2015 L15<\/strong>\u00a0750 ml<\/li>\n<li>1 garrafa <strong>Soalheiro 2015 L1518<\/strong>\u00a0750 ml<\/li>\n<li>1 garrafa <strong>Soalheiro 2018 L1815<\/strong>\u00a0750 ml<\/li>\n<li>1 garrafa <strong>Soalheiro 2018 L18<\/strong>\u00a0750 ml<\/li>\n<\/ul>\n<\/li>\n<li>1 Saca-rolhas <em>Premium Sommelier <\/em> <em>Soalheiro 40 Ano<\/em>s<\/li>\n<li>Guia com informa\u00e7\u00e3o adicional sobre o Soalheiro, ficha t\u00e9cnica dos vinhos e notas de prova<\/li>\n<\/ul>\n<p>[\/vc_column_text][\/vc_column][\/vc_row]<\/p>\n","protected":false},"excerpt":{"rendered":"<p>Todos os nascimentos t\u00eam uma hist\u00f3ria e a do Soalheiro n\u00e3o se sabe quando come\u00e7ou. Sabe-se que era o nome de uma parcela onde se praticava agricultura de subsist\u00eancia, mas n\u00e3o se sabe desde quando. Depois, em 1974, passa a ser a primeira vinha cont\u00ednua de Alvarinho em Melga\u00e7o.<\/p>\n<p>Celebramos o anivers\u00e1rio no dia em que foi engarrafada a primeira garrafa de Soalheiro, em 1982. 40 anos depois essa garrafa ainda existe e o r\u00f3tulo ainda tem escrito a caneta a data que a fam\u00edlia fez quest\u00e3o de assinalar: 20-3-1982.<\/p>\n<p><strong>Nesta edi\u00e7\u00e3o <em>premium<\/em>\u00a0e exclusiva ter\u00e1 a oportunidade de degustar o Soalheiro no tempo, a sua evolu\u00e7\u00e3o, a elasticidade da casta alvarinho e a criatividade de uma equipa que hoje \u00e9 uma fam\u00edlia de fam\u00edlias.<\/strong><\/p>\n","protected":false},"featured_media":15069,"comment_status":"closed","ping_status":"closed","template":"","meta":[],"product_brand":[],"product_cat":[185],"product_tag":[],"class_list":{"0":"post-15061","1":"product","2":"type-product","3":"status-publish","4":"has-post-thumbnail","6":"product_cat-packs","8":"first","9":"instock","10":"downloadable","11":"taxable","12":"shipping-taxable","13":"purchasable","14":"product-type-simple"},"yoast_head":"<!-- This site is optimized with the Yoast SEO plugin v27.3 - https:\/\/yoast.com\/product\/yoast-seo-wordpress\/ -->\n<title>Pack 40 Anos - Soalheiro<\/title>\n<meta name=\"description\" content=\"Viva a hist\u00f3ria do Soalheiro atrav\u00e9s de uma prova digital \u00fanica com a Prova Digital 40 Anos, explorando o vinho Alvarinho e o Soalheiro.\" \/>\n<meta name=\"robots\" content=\"index, follow, max-snippet:-1, max-image-preview:large, max-video-preview:-1\" \/>\n<link rel=\"canonical\" href=\"https:\/\/soalheiro.com\/pt-pt\/produto\/pack-40-anos\/\" \/>\n<meta property=\"og:locale\" content=\"pt_PT\" \/>\n<meta property=\"og:type\" content=\"article\" \/>\n<meta property=\"og:title\" content=\"Pack 40 Anos - Soalheiro\" \/>\n<meta property=\"og:description\" content=\"Viva a hist\u00f3ria do Soalheiro atrav\u00e9s de uma prova digital \u00fanica com a Prova Digital 40 Anos, explorando o vinho Alvarinho e o Soalheiro.\" \/>\n<meta property=\"og:url\" content=\"https:\/\/soalheiro.com\/pt-pt\/produto\/pack-40-anos\/\" \/>\n<meta property=\"og:site_name\" content=\"Soalheiro\" \/>\n<meta property=\"article:modified_time\" content=\"2024-11-27T11:41:02+00:00\" \/>\n<meta property=\"og:image\" content=\"https:\/\/soalheiro.com\/wp-content\/uploads\/2022\/04\/Prova-Digital-40-Anos-Soalheiro-4.jpg\" \/>\n\t<meta property=\"og:image:width\" content=\"1200\" \/>\n\t<meta property=\"og:image:height\" content=\"1200\" \/>\n\t<meta property=\"og:image:type\" content=\"image\/jpeg\" \/>\n<meta name=\"twitter:card\" content=\"summary_large_image\" \/>\n<meta name=\"twitter:label1\" content=\"Tempo estimado de leitura\" \/>\n\t<meta name=\"twitter:data1\" content=\"1 minuto\" \/>\n<script type=\"application\/ld+json\" class=\"yoast-schema-graph\">{\"@context\":\"https:\\\/\\\/schema.org\",\"@graph\":[{\"@type\":\"WebPage\",\"@id\":\"https:\\\/\\\/soalheiro.com\\\/pt-pt\\\/produto\\\/pack-40-anos\\\/\",\"url\":\"https:\\\/\\\/soalheiro.com\\\/pt-pt\\\/produto\\\/pack-40-anos\\\/\",\"name\":\"Pack 40 Anos - Soalheiro\",\"isPartOf\":{\"@id\":\"https:\\\/\\\/soalheiro.com\\\/#website\"},\"primaryImageOfPage\":{\"@id\":\"https:\\\/\\\/soalheiro.com\\\/pt-pt\\\/produto\\\/pack-40-anos\\\/#primaryimage\"},\"image\":{\"@id\":\"https:\\\/\\\/soalheiro.com\\\/pt-pt\\\/produto\\\/pack-40-anos\\\/#primaryimage\"},\"thumbnailUrl\":\"https:\\\/\\\/soalheiro.com\\\/wp-content\\\/uploads\\\/2022\\\/04\\\/Prova-Digital-40-Anos-Soalheiro-4.jpg\",\"datePublished\":\"2022-04-22T09:15:32+00:00\",\"dateModified\":\"2024-11-27T11:41:02+00:00\",\"description\":\"Viva a hist\u00f3ria do Soalheiro atrav\u00e9s de uma prova digital \u00fanica com a Prova Digital 40 Anos, explorando o vinho Alvarinho e o Soalheiro.\",\"breadcrumb\":{\"@id\":\"https:\\\/\\\/soalheiro.com\\\/pt-pt\\\/produto\\\/pack-40-anos\\\/#breadcrumb\"},\"inLanguage\":\"pt-PT\",\"potentialAction\":[{\"@type\":\"ReadAction\",\"target\":[\"https:\\\/\\\/soalheiro.com\\\/pt-pt\\\/produto\\\/pack-40-anos\\\/\"]}]},{\"@type\":\"ImageObject\",\"inLanguage\":\"pt-PT\",\"@id\":\"https:\\\/\\\/soalheiro.com\\\/pt-pt\\\/produto\\\/pack-40-anos\\\/#primaryimage\",\"url\":\"https:\\\/\\\/soalheiro.com\\\/wp-content\\\/uploads\\\/2022\\\/04\\\/Prova-Digital-40-Anos-Soalheiro-4.jpg\",\"contentUrl\":\"https:\\\/\\\/soalheiro.com\\\/wp-content\\\/uploads\\\/2022\\\/04\\\/Prova-Digital-40-Anos-Soalheiro-4.jpg\",\"width\":1200,\"height\":1200,\"caption\":\"Prova-Digital-40-Anos-Soalheiro-4\"},{\"@type\":\"BreadcrumbList\",\"@id\":\"https:\\\/\\\/soalheiro.com\\\/pt-pt\\\/produto\\\/pack-40-anos\\\/#breadcrumb\",\"itemListElement\":[{\"@type\":\"ListItem\",\"position\":1,\"name\":\"Home\",\"item\":\"https:\\\/\\\/soalheiro.com\\\/pt-pt\\\/\"},{\"@type\":\"ListItem\",\"position\":2,\"name\":\"Loja\",\"item\":\"https:\\\/\\\/soalheiro.com\\\/pt-pt\\\/loja\\\/\"},{\"@type\":\"ListItem\",\"position\":3,\"name\":\"Pack 40 Anos\"}]},{\"@type\":\"WebSite\",\"@id\":\"https:\\\/\\\/soalheiro.com\\\/#website\",\"url\":\"https:\\\/\\\/soalheiro.com\\\/\",\"name\":\"Soalheiro\",\"description\":\"Quinta de Soalheiro, located in Melga\u00e7o (the most northern point of Portugal), is protected by a range of mountains that create conditions of rainfall, temperature and sunshine hours necessary for the best ripening of the Alvarinho grapes.\",\"potentialAction\":[{\"@type\":\"SearchAction\",\"target\":{\"@type\":\"EntryPoint\",\"urlTemplate\":\"https:\\\/\\\/soalheiro.com\\\/?s={search_term_string}\"},\"query-input\":{\"@type\":\"PropertyValueSpecification\",\"valueRequired\":true,\"valueName\":\"search_term_string\"}}],\"inLanguage\":\"pt-PT\"}]}<\/script>\n<!-- \/ Yoast SEO plugin. -->","yoast_head_json":{"title":"Pack 40 Anos - Soalheiro","description":"Viva a hist\u00f3ria do Soalheiro atrav\u00e9s de uma prova digital \u00fanica com a Prova Digital 40 Anos, explorando o vinho Alvarinho e o Soalheiro.","robots":{"index":"index","follow":"follow","max-snippet":"max-snippet:-1","max-image-preview":"max-image-preview:large","max-video-preview":"max-video-preview:-1"},"canonical":"https:\/\/soalheiro.com\/pt-pt\/produto\/pack-40-anos\/","og_locale":"pt_PT","og_type":"article","og_title":"Pack 40 Anos - Soalheiro","og_description":"Viva a hist\u00f3ria do Soalheiro atrav\u00e9s de uma prova digital \u00fanica com a Prova Digital 40 Anos, explorando o vinho Alvarinho e o Soalheiro.","og_url":"https:\/\/soalheiro.com\/pt-pt\/produto\/pack-40-anos\/","og_site_name":"Soalheiro","article_modified_time":"2024-11-27T11:41:02+00:00","og_image":[{"width":1200,"height":1200,"url":"https:\/\/soalheiro.com\/wp-content\/uploads\/2022\/04\/Prova-Digital-40-Anos-Soalheiro-4.jpg","type":"image\/jpeg"}],"twitter_card":"summary_large_image","twitter_misc":{"Tempo estimado de leitura":"1 minuto"},"schema":{"@context":"https:\/\/schema.org","@graph":[{"@type":"WebPage","@id":"https:\/\/soalheiro.com\/pt-pt\/produto\/pack-40-anos\/","url":"https:\/\/soalheiro.com\/pt-pt\/produto\/pack-40-anos\/","name":"Pack 40 Anos - Soalheiro","isPartOf":{"@id":"https:\/\/soalheiro.com\/#website"},"primaryImageOfPage":{"@id":"https:\/\/soalheiro.com\/pt-pt\/produto\/pack-40-anos\/#primaryimage"},"image":{"@id":"https:\/\/soalheiro.com\/pt-pt\/produto\/pack-40-anos\/#primaryimage"},"thumbnailUrl":"https:\/\/soalheiro.com\/wp-content\/uploads\/2022\/04\/Prova-Digital-40-Anos-Soalheiro-4.jpg","datePublished":"2022-04-22T09:15:32+00:00","dateModified":"2024-11-27T11:41:02+00:00","description":"Viva a hist\u00f3ria do Soalheiro atrav\u00e9s de uma prova digital \u00fanica com a Prova Digital 40 Anos, explorando o vinho Alvarinho e o Soalheiro.","breadcrumb":{"@id":"https:\/\/soalheiro.com\/pt-pt\/produto\/pack-40-anos\/#breadcrumb"},"inLanguage":"pt-PT","potentialAction":[{"@type":"ReadAction","target":["https:\/\/soalheiro.com\/pt-pt\/produto\/pack-40-anos\/"]}]},{"@type":"ImageObject","inLanguage":"pt-PT","@id":"https:\/\/soalheiro.com\/pt-pt\/produto\/pack-40-anos\/#primaryimage","url":"https:\/\/soalheiro.com\/wp-content\/uploads\/2022\/04\/Prova-Digital-40-Anos-Soalheiro-4.jpg","contentUrl":"https:\/\/soalheiro.com\/wp-content\/uploads\/2022\/04\/Prova-Digital-40-Anos-Soalheiro-4.jpg","width":1200,"height":1200,"caption":"Prova-Digital-40-Anos-Soalheiro-4"},{"@type":"BreadcrumbList","@id":"https:\/\/soalheiro.com\/pt-pt\/produto\/pack-40-anos\/#breadcrumb","itemListElement":[{"@type":"ListItem","position":1,"name":"Home","item":"https:\/\/soalheiro.com\/pt-pt\/"},{"@type":"ListItem","position":2,"name":"Loja","item":"https:\/\/soalheiro.com\/pt-pt\/loja\/"},{"@type":"ListItem","position":3,"name":"Pack 40 Anos"}]},{"@type":"WebSite","@id":"https:\/\/soalheiro.com\/#website","url":"https:\/\/soalheiro.com\/","name":"Soalheiro","description":"Quinta de Soalheiro, located in Melga\u00e7o (the most northern point of Portugal), is protected by a range of mountains that create conditions of rainfall, temperature and sunshine hours necessary for the best ripening of the Alvarinho grapes.","potentialAction":[{"@type":"SearchAction","target":{"@type":"EntryPoint","urlTemplate":"https:\/\/soalheiro.com\/?s={search_term_string}"},"query-input":{"@type":"PropertyValueSpecification","valueRequired":true,"valueName":"search_term_string"}}],"inLanguage":"pt-PT"}]}},"_links":{"self":[{"href":"https:\/\/soalheiro.com\/pt-pt\/wp-json\/wp\/v2\/product\/15061","targetHints":{"allow":["GET"]}}],"collection":[{"href":"https:\/\/soalheiro.com\/pt-pt\/wp-json\/wp\/v2\/product"}],"about":[{"href":"https:\/\/soalheiro.com\/pt-pt\/wp-json\/wp\/v2\/types\/product"}],"replies":[{"embeddable":true,"href":"https:\/\/soalheiro.com\/pt-pt\/wp-json\/wp\/v2\/comments?post=15061"}],"version-history":[{"count":4,"href":"https:\/\/soalheiro.com\/pt-pt\/wp-json\/wp\/v2\/product\/15061\/revisions"}],"predecessor-version":[{"id":24326,"href":"https:\/\/soalheiro.com\/pt-pt\/wp-json\/wp\/v2\/product\/15061\/revisions\/24326"}],"wp:featuredmedia":[{"embeddable":true,"href":"https:\/\/soalheiro.com\/pt-pt\/wp-json\/wp\/v2\/media\/15069"}],"wp:attachment":[{"href":"https:\/\/soalheiro.com\/pt-pt\/wp-json\/wp\/v2\/media?parent=15061"}],"wp:term":[{"taxonomy":"product_brand","embeddable":true,"href":"https:\/\/soalheiro.com\/pt-pt\/wp-json\/wp\/v2\/product_brand?post=15061"},{"taxonomy":"product_cat","embeddable":true,"href":"https:\/\/soalheiro.com\/pt-pt\/wp-json\/wp\/v2\/product_cat?post=15061"},{"taxonomy":"product_tag","embeddable":true,"href":"https:\/\/soalheiro.com\/pt-pt\/wp-json\/wp\/v2\/product_tag?post=15061"}],"curies":[{"name":"wp","href":"https:\/\/api.w.org\/{rel}","templated":true}]}}