{"id":19602,"date":"2024-03-08T11:00:30","date_gmt":"2023-11-03T09:59:30","guid":{"rendered":"https:\/\/soalheiro.com\/product\/classics-pack\/"},"modified":"2024-04-11T11:31:36","modified_gmt":"2024-04-11T11:31:36","slug":"pack-classicos","status":"publish","type":"product","link":"https:\/\/soalheiro.com\/pt-pt\/produto\/pack-classicos\/","title":{"rendered":"Pack Cl\u00e1ssicos"},"content":{"rendered":"<h6 class=\"ewa-rteLine\">Vale, Montanha e Vinhas Velhas<\/h6>\n<h6 class=\"ewa-rteLine\">Tr\u00eas Cl\u00e1ssicos, diferentes express\u00f5es do Alvarinho<\/h6>\n<p><a href=\"https:\/\/soalheiro.com\/pt-pt\/vinhos\/soalheiro-alvarinho-classico\/\"><span data-contrast=\"none\">Soalheiro Cl\u00e1ssico<\/span><\/a><span data-contrast=\"none\">, um Alvarinho do vale de Mon\u00e7\u00e3o e Melga\u00e7o.<\/span><span data-ccp-props=\"{}\">\u00a0<\/span><\/p>\n<p><a href=\"https:\/\/soalheiro.com\/pt-pt\/vinhos\/soalheiro-primeiras-vinhas-alvarinho\/\"><span data-contrast=\"none\">Primeiras Vinhas<\/span><\/a><span data-contrast=\"none\">, um exemplo dos v\u00e1rios micro terroirs que existem dentro do nosso territ\u00f3rio, neste caso ligado \u00e0s vinhas velhas.<\/span><span data-ccp-props=\"{}\">\u00a0<\/span><\/p>\n<p><a href=\"https:\/\/soalheiro.com\/pt-pt\/vinhos\/soalheiro-granit-alvarinho\/\"><span data-contrast=\"none\">Granit<\/span><\/a><span data-contrast=\"none\"> que prov\u00e9m de vinhas de Alvarinho plantadas em altitude, em solos de granito, e revela assim uma evidente express\u00e3o mineral desta casta.<\/span><span data-ccp-props=\"{}\">\u00a0<\/span><\/p>\n","protected":false},"excerpt":{"rendered":"<div class=\"ewa-rteLine\"><strong class=\"selection-contrast\" style=\"color: #c9b071;\">INCLUI:<\/strong><\/div>\n<div>\n<div class=\"ewa-rteLine\">1 x <strong>Soalheiro Cl\u00e1ssico<\/strong> 750 ml<\/div>\n<div class=\"ewa-rteLine\">1 x <strong>Soalheiro Primeiras Vinhas<\/strong> 750 ml<\/div>\n<div class=\"ewa-rteLine\">1 x <strong>Soalheiro Granit<\/strong> 750 ml<\/div>\n<div class=\"ewa-rteLine\">\n<div>\n<p>&nbsp;<\/p>\n<\/div>\n<div class=\"ewa-rteLine\"><\/div>\n<\/div>\n<div class=\"ewa-rteLine\"><span style=\"color: #c9b071;\"><strong class=\"selection-contrast\">OFERTA:<\/strong><\/span><\/div>\n<div class=\"ewa-rteLine\">1 x <strong>Saca-rolhas <em>Premium<br \/>\n<\/em><\/strong><\/div>\n<div>\n<div>\n<p>&nbsp;<\/p>\n<\/div>\n<div class=\"ewa-rteLine\"><\/div>\n<\/div>\n<\/div>\n","protected":false},"featured_media":19524,"comment_status":"closed","ping_status":"closed","template":"","meta":[],"product_brand":[],"product_cat":[185],"product_tag":[402,405,406],"class_list":{"0":"post-19602","1":"product","2":"type-product","3":"status-publish","4":"has-post-thumbnail","6":"product_cat-packs","7":"product_tag-alvarinho-soalheiro-classico-pt-pt","8":"product_tag-soalheiro-granit-alvarinho-pt-pt-2","9":"product_tag-soalheiro-primeiras-vinhas-alvarinho-pt-pt-2","11":"first","12":"instock","13":"taxable","14":"shipping-taxable","15":"purchasable","16":"product-type-simple"},"yoast_head":"<!-- This site is optimized with the Yoast SEO plugin v27.3 - https:\/\/yoast.com\/product\/yoast-seo-wordpress\/ -->\n<title>Pack Cl\u00e1ssicos - Soalheiro<\/title>\n<meta name=\"description\" content=\"Celebre a P\u00e1scoa em fam\u00edlia e com Soalheiro \u00e0 mesa. Ofere\u00e7a o Pack Cl\u00e1ssicos Soalheiro! Dispon\u00edvel na loja online.\" \/>\n<meta name=\"robots\" content=\"index, follow, max-snippet:-1, max-image-preview:large, max-video-preview:-1\" \/>\n<link rel=\"canonical\" href=\"https:\/\/soalheiro.com\/pt-pt\/produto\/pack-classicos\/\" \/>\n<meta property=\"og:locale\" content=\"pt_PT\" \/>\n<meta property=\"og:type\" content=\"article\" \/>\n<meta property=\"og:title\" content=\"Pack Cl\u00e1ssicos - Soalheiro\" \/>\n<meta property=\"og:description\" content=\"Celebre a P\u00e1scoa em fam\u00edlia e com Soalheiro \u00e0 mesa. Ofere\u00e7a o Pack Cl\u00e1ssicos Soalheiro! Dispon\u00edvel na loja online.\" \/>\n<meta property=\"og:url\" content=\"https:\/\/soalheiro.com\/pt-pt\/produto\/pack-classicos\/\" \/>\n<meta property=\"og:site_name\" content=\"Soalheiro\" \/>\n<meta property=\"article:modified_time\" content=\"2024-04-11T11:31:36+00:00\" \/>\n<meta property=\"og:image\" content=\"https:\/\/soalheiro.com\/wp-content\/uploads\/2023\/11\/2_Pack-Classicos_f_1.1.jpg\" \/>\n\t<meta property=\"og:image:width\" content=\"859\" \/>\n\t<meta property=\"og:image:height\" content=\"859\" \/>\n\t<meta property=\"og:image:type\" content=\"image\/jpeg\" \/>\n<meta name=\"twitter:card\" content=\"summary_large_image\" \/>\n<meta name=\"twitter:label1\" content=\"Tempo estimado de leitura\" \/>\n\t<meta name=\"twitter:data1\" content=\"1 minuto\" \/>\n<script type=\"application\/ld+json\" class=\"yoast-schema-graph\">{\"@context\":\"https:\\\/\\\/schema.org\",\"@graph\":[{\"@type\":\"WebPage\",\"@id\":\"https:\\\/\\\/soalheiro.com\\\/pt-pt\\\/produto\\\/pack-classicos\\\/\",\"url\":\"https:\\\/\\\/soalheiro.com\\\/pt-pt\\\/produto\\\/pack-classicos\\\/\",\"name\":\"Pack Cl\u00e1ssicos - Soalheiro\",\"isPartOf\":{\"@id\":\"https:\\\/\\\/soalheiro.com\\\/#website\"},\"primaryImageOfPage\":{\"@id\":\"https:\\\/\\\/soalheiro.com\\\/pt-pt\\\/produto\\\/pack-classicos\\\/#primaryimage\"},\"image\":{\"@id\":\"https:\\\/\\\/soalheiro.com\\\/pt-pt\\\/produto\\\/pack-classicos\\\/#primaryimage\"},\"thumbnailUrl\":\"https:\\\/\\\/soalheiro.com\\\/wp-content\\\/uploads\\\/2023\\\/11\\\/2_Pack-Classicos_f_1.1.jpg\",\"datePublished\":\"2023-11-03T09:59:30+00:00\",\"dateModified\":\"2024-04-11T11:31:36+00:00\",\"description\":\"Celebre a P\u00e1scoa em fam\u00edlia e com Soalheiro \u00e0 mesa. Ofere\u00e7a o Pack Cl\u00e1ssicos Soalheiro! Dispon\u00edvel na loja online.\",\"breadcrumb\":{\"@id\":\"https:\\\/\\\/soalheiro.com\\\/pt-pt\\\/produto\\\/pack-classicos\\\/#breadcrumb\"},\"inLanguage\":\"pt-PT\",\"potentialAction\":[{\"@type\":\"ReadAction\",\"target\":[\"https:\\\/\\\/soalheiro.com\\\/pt-pt\\\/produto\\\/pack-classicos\\\/\"]}]},{\"@type\":\"ImageObject\",\"inLanguage\":\"pt-PT\",\"@id\":\"https:\\\/\\\/soalheiro.com\\\/pt-pt\\\/produto\\\/pack-classicos\\\/#primaryimage\",\"url\":\"https:\\\/\\\/soalheiro.com\\\/wp-content\\\/uploads\\\/2023\\\/11\\\/2_Pack-Classicos_f_1.1.jpg\",\"contentUrl\":\"https:\\\/\\\/soalheiro.com\\\/wp-content\\\/uploads\\\/2023\\\/11\\\/2_Pack-Classicos_f_1.1.jpg\",\"width\":859,\"height\":859,\"caption\":\"2_Pack Cl\u00e1ssicos_f_1.1\"},{\"@type\":\"BreadcrumbList\",\"@id\":\"https:\\\/\\\/soalheiro.com\\\/pt-pt\\\/produto\\\/pack-classicos\\\/#breadcrumb\",\"itemListElement\":[{\"@type\":\"ListItem\",\"position\":1,\"name\":\"Home\",\"item\":\"https:\\\/\\\/soalheiro.com\\\/pt-pt\\\/\"},{\"@type\":\"ListItem\",\"position\":2,\"name\":\"Loja\",\"item\":\"https:\\\/\\\/soalheiro.com\\\/pt-pt\\\/loja\\\/\"},{\"@type\":\"ListItem\",\"position\":3,\"name\":\"Pack Cl\u00e1ssicos\"}]},{\"@type\":\"WebSite\",\"@id\":\"https:\\\/\\\/soalheiro.com\\\/#website\",\"url\":\"https:\\\/\\\/soalheiro.com\\\/\",\"name\":\"Soalheiro\",\"description\":\"Quinta de Soalheiro, located in Melga\u00e7o (the most northern point of Portugal), is protected by a range of mountains that create conditions of rainfall, temperature and sunshine hours necessary for the best ripening of the Alvarinho grapes.\",\"potentialAction\":[{\"@type\":\"SearchAction\",\"target\":{\"@type\":\"EntryPoint\",\"urlTemplate\":\"https:\\\/\\\/soalheiro.com\\\/?s={search_term_string}\"},\"query-input\":{\"@type\":\"PropertyValueSpecification\",\"valueRequired\":true,\"valueName\":\"search_term_string\"}}],\"inLanguage\":\"pt-PT\"}]}<\/script>\n<!-- \/ Yoast SEO plugin. -->","yoast_head_json":{"title":"Pack Cl\u00e1ssicos - Soalheiro","description":"Celebre a P\u00e1scoa em fam\u00edlia e com Soalheiro \u00e0 mesa. Ofere\u00e7a o Pack Cl\u00e1ssicos Soalheiro! Dispon\u00edvel na loja online.","robots":{"index":"index","follow":"follow","max-snippet":"max-snippet:-1","max-image-preview":"max-image-preview:large","max-video-preview":"max-video-preview:-1"},"canonical":"https:\/\/soalheiro.com\/pt-pt\/produto\/pack-classicos\/","og_locale":"pt_PT","og_type":"article","og_title":"Pack Cl\u00e1ssicos - Soalheiro","og_description":"Celebre a P\u00e1scoa em fam\u00edlia e com Soalheiro \u00e0 mesa. Ofere\u00e7a o Pack Cl\u00e1ssicos Soalheiro! Dispon\u00edvel na loja online.","og_url":"https:\/\/soalheiro.com\/pt-pt\/produto\/pack-classicos\/","og_site_name":"Soalheiro","article_modified_time":"2024-04-11T11:31:36+00:00","og_image":[{"width":859,"height":859,"url":"https:\/\/soalheiro.com\/wp-content\/uploads\/2023\/11\/2_Pack-Classicos_f_1.1.jpg","type":"image\/jpeg"}],"twitter_card":"summary_large_image","twitter_misc":{"Tempo estimado de leitura":"1 minuto"},"schema":{"@context":"https:\/\/schema.org","@graph":[{"@type":"WebPage","@id":"https:\/\/soalheiro.com\/pt-pt\/produto\/pack-classicos\/","url":"https:\/\/soalheiro.com\/pt-pt\/produto\/pack-classicos\/","name":"Pack Cl\u00e1ssicos - Soalheiro","isPartOf":{"@id":"https:\/\/soalheiro.com\/#website"},"primaryImageOfPage":{"@id":"https:\/\/soalheiro.com\/pt-pt\/produto\/pack-classicos\/#primaryimage"},"image":{"@id":"https:\/\/soalheiro.com\/pt-pt\/produto\/pack-classicos\/#primaryimage"},"thumbnailUrl":"https:\/\/soalheiro.com\/wp-content\/uploads\/2023\/11\/2_Pack-Classicos_f_1.1.jpg","datePublished":"2023-11-03T09:59:30+00:00","dateModified":"2024-04-11T11:31:36+00:00","description":"Celebre a P\u00e1scoa em fam\u00edlia e com Soalheiro \u00e0 mesa. Ofere\u00e7a o Pack Cl\u00e1ssicos Soalheiro! Dispon\u00edvel na loja online.","breadcrumb":{"@id":"https:\/\/soalheiro.com\/pt-pt\/produto\/pack-classicos\/#breadcrumb"},"inLanguage":"pt-PT","potentialAction":[{"@type":"ReadAction","target":["https:\/\/soalheiro.com\/pt-pt\/produto\/pack-classicos\/"]}]},{"@type":"ImageObject","inLanguage":"pt-PT","@id":"https:\/\/soalheiro.com\/pt-pt\/produto\/pack-classicos\/#primaryimage","url":"https:\/\/soalheiro.com\/wp-content\/uploads\/2023\/11\/2_Pack-Classicos_f_1.1.jpg","contentUrl":"https:\/\/soalheiro.com\/wp-content\/uploads\/2023\/11\/2_Pack-Classicos_f_1.1.jpg","width":859,"height":859,"caption":"2_Pack Cl\u00e1ssicos_f_1.1"},{"@type":"BreadcrumbList","@id":"https:\/\/soalheiro.com\/pt-pt\/produto\/pack-classicos\/#breadcrumb","itemListElement":[{"@type":"ListItem","position":1,"name":"Home","item":"https:\/\/soalheiro.com\/pt-pt\/"},{"@type":"ListItem","position":2,"name":"Loja","item":"https:\/\/soalheiro.com\/pt-pt\/loja\/"},{"@type":"ListItem","position":3,"name":"Pack Cl\u00e1ssicos"}]},{"@type":"WebSite","@id":"https:\/\/soalheiro.com\/#website","url":"https:\/\/soalheiro.com\/","name":"Soalheiro","description":"Quinta de Soalheiro, located in Melga\u00e7o (the most northern point of Portugal), is protected by a range of mountains that create conditions of rainfall, temperature and sunshine hours necessary for the best ripening of the Alvarinho grapes.","potentialAction":[{"@type":"SearchAction","target":{"@type":"EntryPoint","urlTemplate":"https:\/\/soalheiro.com\/?s={search_term_string}"},"query-input":{"@type":"PropertyValueSpecification","valueRequired":true,"valueName":"search_term_string"}}],"inLanguage":"pt-PT"}]}},"_links":{"self":[{"href":"https:\/\/soalheiro.com\/pt-pt\/wp-json\/wp\/v2\/product\/19602","targetHints":{"allow":["GET"]}}],"collection":[{"href":"https:\/\/soalheiro.com\/pt-pt\/wp-json\/wp\/v2\/product"}],"about":[{"href":"https:\/\/soalheiro.com\/pt-pt\/wp-json\/wp\/v2\/types\/product"}],"replies":[{"embeddable":true,"href":"https:\/\/soalheiro.com\/pt-pt\/wp-json\/wp\/v2\/comments?post=19602"}],"version-history":[{"count":5,"href":"https:\/\/soalheiro.com\/pt-pt\/wp-json\/wp\/v2\/product\/19602\/revisions"}],"predecessor-version":[{"id":23429,"href":"https:\/\/soalheiro.com\/pt-pt\/wp-json\/wp\/v2\/product\/19602\/revisions\/23429"}],"wp:featuredmedia":[{"embeddable":true,"href":"https:\/\/soalheiro.com\/pt-pt\/wp-json\/wp\/v2\/media\/19524"}],"wp:attachment":[{"href":"https:\/\/soalheiro.com\/pt-pt\/wp-json\/wp\/v2\/media?parent=19602"}],"wp:term":[{"taxonomy":"product_brand","embeddable":true,"href":"https:\/\/soalheiro.com\/pt-pt\/wp-json\/wp\/v2\/product_brand?post=19602"},{"taxonomy":"product_cat","embeddable":true,"href":"https:\/\/soalheiro.com\/pt-pt\/wp-json\/wp\/v2\/product_cat?post=19602"},{"taxonomy":"product_tag","embeddable":true,"href":"https:\/\/soalheiro.com\/pt-pt\/wp-json\/wp\/v2\/product_tag?post=19602"}],"curies":[{"name":"wp","href":"https:\/\/api.w.org\/{rel}","templated":true}]}}