{"id":19617,"date":"2023-11-03T10:44:49","date_gmt":"2023-11-03T10:44:49","guid":{"rendered":"https:\/\/soalheiro.com\/?post_type=product&#038;p=19617"},"modified":"2023-11-06T12:41:48","modified_gmt":"2023-11-06T12:41:48","slug":"pack-fortificado","status":"publish","type":"product","link":"https:\/\/soalheiro.com\/pt-pt\/produto\/pack-fortificado\/","title":{"rendered":"Pack Fortificado"},"content":{"rendered":"<h6>O equil\u00edbrio entre a frescura e a complexidade<\/h6>\n<p>&nbsp;<\/p>\n","protected":false},"excerpt":{"rendered":"<div class=\"ewa-rteLine\"><strong><span style=\"color: #c9b071;\">INCLUI:<\/span><\/strong><\/div>\n<div class=\"ewa-rteLine\">1 x <strong>Soalheiro Aguardente Bagaceira Velha<\/strong> 500 ml<\/div>\n<div class=\"ewa-rteLine\">1 x <strong>Soalheiro Espumante Bruto Alvarinho<\/strong> 750 ml<\/div>\n<div class=\"ewa-rteLine\">\n<div>\n<p>&nbsp;<\/p>\n<\/div>\n<div class=\"ewa-rteLine\"><strong><span style=\"color: #c9b071;\">OFERTA:<\/span><\/strong><\/div>\n<\/div>\n<div class=\"ewa-rteLine\">\n<div class=\"ewa-rteLine\">1 x <strong>Copo de Vinho Soalheiro<\/strong><\/div>\n<\/div>\n","protected":false},"featured_media":19530,"comment_status":"closed","ping_status":"closed","template":"","meta":[],"product_brand":[],"product_cat":[185],"product_tag":[408],"class_list":{"0":"post-19617","1":"product","2":"type-product","3":"status-publish","4":"has-post-thumbnail","6":"product_cat-packs","7":"product_tag-soalheiro-espumante-bruto-alvarinho-pt-pt","9":"first","10":"instock","11":"taxable","12":"shipping-taxable","13":"purchasable","14":"product-type-simple"},"yoast_head":"<!-- This site is optimized with the Yoast SEO plugin v27.3 - https:\/\/yoast.com\/product\/yoast-seo-wordpress\/ -->\n<title>Pack Fortificado - Soalheiro<\/title>\n<meta name=\"description\" content=\"Ofere\u00e7a um presente especial este Natal. Descubra os nossos Packs de Vinhos, Infus\u00f5es e outros produtos do territ\u00f3rio. Dispon\u00edvel na loja online!\" \/>\n<meta name=\"robots\" content=\"index, follow, max-snippet:-1, max-image-preview:large, max-video-preview:-1\" \/>\n<link rel=\"canonical\" href=\"https:\/\/soalheiro.com\/pt-pt\/produto\/pack-fortificado\/\" \/>\n<meta property=\"og:locale\" content=\"pt_PT\" \/>\n<meta property=\"og:type\" content=\"article\" \/>\n<meta property=\"og:title\" content=\"Pack Fortificado - Soalheiro\" \/>\n<meta property=\"og:description\" content=\"Ofere\u00e7a um presente especial este Natal. Descubra os nossos Packs de Vinhos, Infus\u00f5es e outros produtos do territ\u00f3rio. Dispon\u00edvel na loja online!\" \/>\n<meta property=\"og:url\" content=\"https:\/\/soalheiro.com\/pt-pt\/produto\/pack-fortificado\/\" \/>\n<meta property=\"og:site_name\" content=\"Soalheiro\" \/>\n<meta property=\"article:modified_time\" content=\"2023-11-06T12:41:48+00:00\" \/>\n<meta property=\"og:image\" content=\"https:\/\/soalheiro.com\/wp-content\/uploads\/2023\/11\/5_Pack-Fortificado_f_1.1.jpg\" \/>\n\t<meta property=\"og:image:width\" content=\"1189\" \/>\n\t<meta property=\"og:image:height\" content=\"1189\" \/>\n\t<meta property=\"og:image:type\" content=\"image\/jpeg\" \/>\n<meta name=\"twitter:card\" content=\"summary_large_image\" \/>\n<meta name=\"twitter:label1\" content=\"Tempo estimado de leitura\" \/>\n\t<meta name=\"twitter:data1\" content=\"1 minuto\" \/>\n<script type=\"application\/ld+json\" class=\"yoast-schema-graph\">{\"@context\":\"https:\\\/\\\/schema.org\",\"@graph\":[{\"@type\":\"WebPage\",\"@id\":\"https:\\\/\\\/soalheiro.com\\\/pt-pt\\\/produto\\\/pack-fortificado\\\/\",\"url\":\"https:\\\/\\\/soalheiro.com\\\/pt-pt\\\/produto\\\/pack-fortificado\\\/\",\"name\":\"Pack Fortificado - Soalheiro\",\"isPartOf\":{\"@id\":\"https:\\\/\\\/soalheiro.com\\\/#website\"},\"primaryImageOfPage\":{\"@id\":\"https:\\\/\\\/soalheiro.com\\\/pt-pt\\\/produto\\\/pack-fortificado\\\/#primaryimage\"},\"image\":{\"@id\":\"https:\\\/\\\/soalheiro.com\\\/pt-pt\\\/produto\\\/pack-fortificado\\\/#primaryimage\"},\"thumbnailUrl\":\"https:\\\/\\\/soalheiro.com\\\/wp-content\\\/uploads\\\/2023\\\/11\\\/5_Pack-Fortificado_f_1.1.jpg\",\"datePublished\":\"2023-11-03T10:44:49+00:00\",\"dateModified\":\"2023-11-06T12:41:48+00:00\",\"description\":\"Ofere\u00e7a um presente especial este Natal. Descubra os nossos Packs de Vinhos, Infus\u00f5es e outros produtos do territ\u00f3rio. Dispon\u00edvel na loja online!\",\"breadcrumb\":{\"@id\":\"https:\\\/\\\/soalheiro.com\\\/pt-pt\\\/produto\\\/pack-fortificado\\\/#breadcrumb\"},\"inLanguage\":\"pt-PT\",\"potentialAction\":[{\"@type\":\"ReadAction\",\"target\":[\"https:\\\/\\\/soalheiro.com\\\/pt-pt\\\/produto\\\/pack-fortificado\\\/\"]}]},{\"@type\":\"ImageObject\",\"inLanguage\":\"pt-PT\",\"@id\":\"https:\\\/\\\/soalheiro.com\\\/pt-pt\\\/produto\\\/pack-fortificado\\\/#primaryimage\",\"url\":\"https:\\\/\\\/soalheiro.com\\\/wp-content\\\/uploads\\\/2023\\\/11\\\/5_Pack-Fortificado_f_1.1.jpg\",\"contentUrl\":\"https:\\\/\\\/soalheiro.com\\\/wp-content\\\/uploads\\\/2023\\\/11\\\/5_Pack-Fortificado_f_1.1.jpg\",\"width\":1189,\"height\":1189,\"caption\":\"5_Pack Fortificado_f_1.1\"},{\"@type\":\"BreadcrumbList\",\"@id\":\"https:\\\/\\\/soalheiro.com\\\/pt-pt\\\/produto\\\/pack-fortificado\\\/#breadcrumb\",\"itemListElement\":[{\"@type\":\"ListItem\",\"position\":1,\"name\":\"Home\",\"item\":\"https:\\\/\\\/soalheiro.com\\\/pt-pt\\\/\"},{\"@type\":\"ListItem\",\"position\":2,\"name\":\"Loja\",\"item\":\"https:\\\/\\\/soalheiro.com\\\/pt-pt\\\/loja\\\/\"},{\"@type\":\"ListItem\",\"position\":3,\"name\":\"Pack Fortificado\"}]},{\"@type\":\"WebSite\",\"@id\":\"https:\\\/\\\/soalheiro.com\\\/#website\",\"url\":\"https:\\\/\\\/soalheiro.com\\\/\",\"name\":\"Soalheiro\",\"description\":\"Quinta de Soalheiro, located in Melga\u00e7o (the most northern point of Portugal), is protected by a range of mountains that create conditions of rainfall, temperature and sunshine hours necessary for the best ripening of the Alvarinho grapes.\",\"potentialAction\":[{\"@type\":\"SearchAction\",\"target\":{\"@type\":\"EntryPoint\",\"urlTemplate\":\"https:\\\/\\\/soalheiro.com\\\/?s={search_term_string}\"},\"query-input\":{\"@type\":\"PropertyValueSpecification\",\"valueRequired\":true,\"valueName\":\"search_term_string\"}}],\"inLanguage\":\"pt-PT\"}]}<\/script>\n<!-- \/ Yoast SEO plugin. -->","yoast_head_json":{"title":"Pack Fortificado - Soalheiro","description":"Ofere\u00e7a um presente especial este Natal. Descubra os nossos Packs de Vinhos, Infus\u00f5es e outros produtos do territ\u00f3rio. Dispon\u00edvel na loja online!","robots":{"index":"index","follow":"follow","max-snippet":"max-snippet:-1","max-image-preview":"max-image-preview:large","max-video-preview":"max-video-preview:-1"},"canonical":"https:\/\/soalheiro.com\/pt-pt\/produto\/pack-fortificado\/","og_locale":"pt_PT","og_type":"article","og_title":"Pack Fortificado - Soalheiro","og_description":"Ofere\u00e7a um presente especial este Natal. Descubra os nossos Packs de Vinhos, Infus\u00f5es e outros produtos do territ\u00f3rio. Dispon\u00edvel na loja online!","og_url":"https:\/\/soalheiro.com\/pt-pt\/produto\/pack-fortificado\/","og_site_name":"Soalheiro","article_modified_time":"2023-11-06T12:41:48+00:00","og_image":[{"width":1189,"height":1189,"url":"https:\/\/soalheiro.com\/wp-content\/uploads\/2023\/11\/5_Pack-Fortificado_f_1.1.jpg","type":"image\/jpeg"}],"twitter_card":"summary_large_image","twitter_misc":{"Tempo estimado de leitura":"1 minuto"},"schema":{"@context":"https:\/\/schema.org","@graph":[{"@type":"WebPage","@id":"https:\/\/soalheiro.com\/pt-pt\/produto\/pack-fortificado\/","url":"https:\/\/soalheiro.com\/pt-pt\/produto\/pack-fortificado\/","name":"Pack Fortificado - Soalheiro","isPartOf":{"@id":"https:\/\/soalheiro.com\/#website"},"primaryImageOfPage":{"@id":"https:\/\/soalheiro.com\/pt-pt\/produto\/pack-fortificado\/#primaryimage"},"image":{"@id":"https:\/\/soalheiro.com\/pt-pt\/produto\/pack-fortificado\/#primaryimage"},"thumbnailUrl":"https:\/\/soalheiro.com\/wp-content\/uploads\/2023\/11\/5_Pack-Fortificado_f_1.1.jpg","datePublished":"2023-11-03T10:44:49+00:00","dateModified":"2023-11-06T12:41:48+00:00","description":"Ofere\u00e7a um presente especial este Natal. Descubra os nossos Packs de Vinhos, Infus\u00f5es e outros produtos do territ\u00f3rio. Dispon\u00edvel na loja online!","breadcrumb":{"@id":"https:\/\/soalheiro.com\/pt-pt\/produto\/pack-fortificado\/#breadcrumb"},"inLanguage":"pt-PT","potentialAction":[{"@type":"ReadAction","target":["https:\/\/soalheiro.com\/pt-pt\/produto\/pack-fortificado\/"]}]},{"@type":"ImageObject","inLanguage":"pt-PT","@id":"https:\/\/soalheiro.com\/pt-pt\/produto\/pack-fortificado\/#primaryimage","url":"https:\/\/soalheiro.com\/wp-content\/uploads\/2023\/11\/5_Pack-Fortificado_f_1.1.jpg","contentUrl":"https:\/\/soalheiro.com\/wp-content\/uploads\/2023\/11\/5_Pack-Fortificado_f_1.1.jpg","width":1189,"height":1189,"caption":"5_Pack Fortificado_f_1.1"},{"@type":"BreadcrumbList","@id":"https:\/\/soalheiro.com\/pt-pt\/produto\/pack-fortificado\/#breadcrumb","itemListElement":[{"@type":"ListItem","position":1,"name":"Home","item":"https:\/\/soalheiro.com\/pt-pt\/"},{"@type":"ListItem","position":2,"name":"Loja","item":"https:\/\/soalheiro.com\/pt-pt\/loja\/"},{"@type":"ListItem","position":3,"name":"Pack Fortificado"}]},{"@type":"WebSite","@id":"https:\/\/soalheiro.com\/#website","url":"https:\/\/soalheiro.com\/","name":"Soalheiro","description":"Quinta de Soalheiro, located in Melga\u00e7o (the most northern point of Portugal), is protected by a range of mountains that create conditions of rainfall, temperature and sunshine hours necessary for the best ripening of the Alvarinho grapes.","potentialAction":[{"@type":"SearchAction","target":{"@type":"EntryPoint","urlTemplate":"https:\/\/soalheiro.com\/?s={search_term_string}"},"query-input":{"@type":"PropertyValueSpecification","valueRequired":true,"valueName":"search_term_string"}}],"inLanguage":"pt-PT"}]}},"_links":{"self":[{"href":"https:\/\/soalheiro.com\/pt-pt\/wp-json\/wp\/v2\/product\/19617","targetHints":{"allow":["GET"]}}],"collection":[{"href":"https:\/\/soalheiro.com\/pt-pt\/wp-json\/wp\/v2\/product"}],"about":[{"href":"https:\/\/soalheiro.com\/pt-pt\/wp-json\/wp\/v2\/types\/product"}],"replies":[{"embeddable":true,"href":"https:\/\/soalheiro.com\/pt-pt\/wp-json\/wp\/v2\/comments?post=19617"}],"version-history":[{"count":3,"href":"https:\/\/soalheiro.com\/pt-pt\/wp-json\/wp\/v2\/product\/19617\/revisions"}],"predecessor-version":[{"id":21954,"href":"https:\/\/soalheiro.com\/pt-pt\/wp-json\/wp\/v2\/product\/19617\/revisions\/21954"}],"wp:featuredmedia":[{"embeddable":true,"href":"https:\/\/soalheiro.com\/pt-pt\/wp-json\/wp\/v2\/media\/19530"}],"wp:attachment":[{"href":"https:\/\/soalheiro.com\/pt-pt\/wp-json\/wp\/v2\/media?parent=19617"}],"wp:term":[{"taxonomy":"product_brand","embeddable":true,"href":"https:\/\/soalheiro.com\/pt-pt\/wp-json\/wp\/v2\/product_brand?post=19617"},{"taxonomy":"product_cat","embeddable":true,"href":"https:\/\/soalheiro.com\/pt-pt\/wp-json\/wp\/v2\/product_cat?post=19617"},{"taxonomy":"product_tag","embeddable":true,"href":"https:\/\/soalheiro.com\/pt-pt\/wp-json\/wp\/v2\/product_tag?post=19617"}],"curies":[{"name":"wp","href":"https:\/\/api.w.org\/{rel}","templated":true}]}}