{"id":19643,"date":"2023-11-03T11:50:29","date_gmt":"2023-11-03T11:50:29","guid":{"rendered":"https:\/\/soalheiro.com\/product\/innovation-digital-wine-tasting-experience-pack\/"},"modified":"2024-11-29T10:45:57","modified_gmt":"2024-11-29T10:45:57","slug":"pack-inovacao","status":"publish","type":"product","link":"https:\/\/soalheiro.com\/pt-pt\/produto\/pack-inovacao\/","title":{"rendered":"Pack Inova\u00e7\u00e3o"},"content":{"rendered":"<h6>Uma viagem \u00e0 Cave da Inova\u00e7\u00e3o, pela hist\u00f3ria do Soalheiro<\/h6>\n<p><span data-contrast=\"auto\">O Soalheiro nasceu porque houve vontade de arriscar.\u202fJ\u00e1 era o nome de uma parcela agr\u00edcola, devido \u00e0 generosa exposi\u00e7\u00e3o solar, onde em 1974 se plantou a primeira vinha cont\u00ednua de Alvarinho em Melga\u00e7o. Em 1982,\u202fnasceu a primeira marca de Alvarinho de Melga\u00e7o, o Soalheiro. O\u00a0Cl\u00e1ssico\u00a0agu\u00e7ou o engenho e com os anos, novos vinhos nasceram. Fomos a primeira adega em Portugal certificada em Investiga\u00e7\u00e3o e Desenvolvimento e Inova\u00e7\u00e3o e, atualmente, na Cave da Inova\u00e7\u00e3o, continuamos a explorar a versatilidade e os limites do Alvarinho no nosso territ\u00f3rio.\u00a0<\/span><span data-ccp-props=\"{&quot;134233117&quot;:false,&quot;134233118&quot;:false,&quot;201341983&quot;:0,&quot;335559738&quot;:0,&quot;335559739&quot;:0,&quot;335559740&quot;:259}\">\u00a0<\/span><\/p>\n<p><span data-contrast=\"auto\">O <\/span><a href=\"https:\/\/soalheiro.com\/pt-pt\/vinhos\/soalheiro-espumante-bruto-alvarinho\/\"><i><span data-contrast=\"none\">Soalheiro Espumante Bruto Alvarinho<\/span><\/i><\/a><i><span data-contrast=\"auto\">, <\/span><\/i><span data-contrast=\"auto\">o primeiro espumante de Alvarinho,\u00a0lan\u00e7ado em 1995, uma inova\u00e7\u00e3o que se tornou\u00a0tradi\u00e7\u00e3o em Mon\u00e7\u00e3o e Melga\u00e7o e na vizinha Galiza. <\/span><span data-ccp-props=\"{&quot;134233117&quot;:false,&quot;134233118&quot;:false,&quot;201341983&quot;:0,&quot;335559738&quot;:0,&quot;335559739&quot;:0,&quot;335559740&quot;:259}\">\u00a0<\/span><\/p>\n<p><span data-contrast=\"auto\">Segue-se o <\/span><a href=\"https:\/\/soalheiro.com\/pt-pt\/vinhos\/soalheiro-granit-alvarinho\/\"><i><span data-contrast=\"none\">Soalheiro Granit<\/span><\/i><\/a><span data-contrast=\"auto\">, lan\u00e7ado em 2015. Com este vinho fomos pioneiros na valoriza\u00e7\u00e3o das vinhas de altitude no territ\u00f3rio, em busca de um perfil diferenciado e mineral.<\/span><span data-ccp-props=\"{&quot;134233117&quot;:false,&quot;134233118&quot;:false,&quot;201341983&quot;:0,&quot;335559738&quot;:0,&quot;335559739&quot;:0,&quot;335559740&quot;:259}\">\u00a0<\/span><\/p>\n<p><span data-contrast=\"auto\">Por fim, o <\/span><a href=\"https:\/\/soalheiro.com\/pt-pt\/vinhos\/soalheiro-mosto-flor\/\"><i><span data-contrast=\"none\">Soalheiro Mosto Flor<\/span><\/i><\/a><span data-contrast=\"auto\">, um vinho feito a partir das gotas que escorrem das uvas de Alvarinho antes da primeira prensagem, uma ideia que surgiu da nossa equipa\u00a0e foi lan\u00e7ada em 2021, homenagem ao conhecimento e ao contributo de cada um.<\/span><span data-ccp-props=\"{&quot;134233117&quot;:false,&quot;134233118&quot;:false,&quot;201341983&quot;:0,&quot;335559738&quot;:0,&quot;335559739&quot;:0,&quot;335559740&quot;:259}\">\u00a0<\/span><\/p>\n","protected":false},"excerpt":{"rendered":"<div class=\"ewa-rteLine\"><span style=\"color: #c9b071;\"><strong>INCLUI:<\/strong><\/span><\/div>\n<div class=\"ewa-rteLine\">1 x <strong>Soalheiro Granit<\/strong> 750 ml<\/div>\n<div class=\"ewa-rteLine\">1 x <strong>Soalheiro Mosto Flor<\/strong> 750 ml<\/div>\n<div class=\"ewa-rteLine\">1 x <strong>Soalheiro Espumante Bruto Alvarinho<\/strong> 750 ml<\/div>\n<div><\/div>\n<div class=\"ewa-rteLine\">\n<div>\n<p>&nbsp;<\/p>\n<\/div>\n<div class=\"ewa-rteLine\"><strong><span style=\"color: #c9b071;\">OFERTA:<\/span><\/strong><\/div>\n<\/div>\n<div class=\"ewa-rteLine\">\n<div class=\"ewa-rteLine\">1 x <strong>Saca-rolhas Premium<\/strong><\/div>\n<div class=\"ewa-rteLine\">3 x <strong>Doseadores<\/strong><\/div>\n<div>1 x <strong>Voucher Prova Exclusiva<\/strong><\/div>\n<div>\n<div>\n<p>&nbsp;<\/p>\n<\/div>\n<\/div>\n<\/div>\n","protected":false},"featured_media":19534,"comment_status":"closed","ping_status":"closed","template":"","meta":[],"product_brand":[],"product_cat":[185],"product_tag":[408,405,412],"class_list":{"0":"post-19643","1":"product","2":"type-product","3":"status-publish","4":"has-post-thumbnail","6":"product_cat-packs","7":"product_tag-soalheiro-espumante-bruto-alvarinho-pt-pt","8":"product_tag-soalheiro-granit-alvarinho-pt-pt-2","9":"product_tag-soalheiro-mosto-flor-pt-pt","11":"first","12":"instock","13":"downloadable","14":"taxable","15":"shipping-taxable","16":"purchasable","17":"product-type-simple"},"yoast_head":"<!-- This site is optimized with the Yoast SEO plugin v27.3 - https:\/\/yoast.com\/product\/yoast-seo-wordpress\/ -->\n<title>Pack Inova\u00e7\u00e3o - Soalheiro<\/title>\n<meta name=\"description\" content=\"Ofere\u00e7a um presente especial este Natal. Descubra os nossos Packs de Vinhos, Infus\u00f5es e outros produtos do territ\u00f3rio. Dispon\u00edvel na loja online!\" \/>\n<meta name=\"robots\" content=\"index, follow, max-snippet:-1, max-image-preview:large, max-video-preview:-1\" \/>\n<link rel=\"canonical\" href=\"https:\/\/soalheiro.com\/pt-pt\/produto\/pack-inovacao\/\" \/>\n<meta property=\"og:locale\" content=\"pt_PT\" \/>\n<meta property=\"og:type\" content=\"article\" \/>\n<meta property=\"og:title\" content=\"Pack Inova\u00e7\u00e3o - Soalheiro\" \/>\n<meta property=\"og:description\" content=\"Ofere\u00e7a um presente especial este Natal. Descubra os nossos Packs de Vinhos, Infus\u00f5es e outros produtos do territ\u00f3rio. Dispon\u00edvel na loja online!\" \/>\n<meta property=\"og:url\" content=\"https:\/\/soalheiro.com\/pt-pt\/produto\/pack-inovacao\/\" \/>\n<meta property=\"og:site_name\" content=\"Soalheiro\" \/>\n<meta property=\"article:modified_time\" content=\"2024-11-29T10:45:57+00:00\" \/>\n<meta property=\"og:image\" content=\"https:\/\/soalheiro.com\/wp-content\/uploads\/2023\/11\/7_Pack-Prova-Digital-Inovacao_f_1.1.jpg\" \/>\n\t<meta property=\"og:image:width\" content=\"878\" \/>\n\t<meta property=\"og:image:height\" content=\"878\" \/>\n\t<meta property=\"og:image:type\" content=\"image\/jpeg\" \/>\n<meta name=\"twitter:card\" content=\"summary_large_image\" \/>\n<meta name=\"twitter:label1\" content=\"Tempo estimado de leitura\" \/>\n\t<meta name=\"twitter:data1\" content=\"1 minuto\" \/>\n<script type=\"application\/ld+json\" class=\"yoast-schema-graph\">{\"@context\":\"https:\\\/\\\/schema.org\",\"@graph\":[{\"@type\":\"WebPage\",\"@id\":\"https:\\\/\\\/soalheiro.com\\\/pt-pt\\\/produto\\\/pack-inovacao\\\/\",\"url\":\"https:\\\/\\\/soalheiro.com\\\/pt-pt\\\/produto\\\/pack-inovacao\\\/\",\"name\":\"Pack Inova\u00e7\u00e3o - Soalheiro\",\"isPartOf\":{\"@id\":\"https:\\\/\\\/soalheiro.com\\\/#website\"},\"primaryImageOfPage\":{\"@id\":\"https:\\\/\\\/soalheiro.com\\\/pt-pt\\\/produto\\\/pack-inovacao\\\/#primaryimage\"},\"image\":{\"@id\":\"https:\\\/\\\/soalheiro.com\\\/pt-pt\\\/produto\\\/pack-inovacao\\\/#primaryimage\"},\"thumbnailUrl\":\"https:\\\/\\\/soalheiro.com\\\/wp-content\\\/uploads\\\/2023\\\/11\\\/7_Pack-Prova-Digital-Inovacao_f_1.1.jpg\",\"datePublished\":\"2023-11-03T11:50:29+00:00\",\"dateModified\":\"2024-11-29T10:45:57+00:00\",\"description\":\"Ofere\u00e7a um presente especial este Natal. Descubra os nossos Packs de Vinhos, Infus\u00f5es e outros produtos do territ\u00f3rio. Dispon\u00edvel na loja online!\",\"breadcrumb\":{\"@id\":\"https:\\\/\\\/soalheiro.com\\\/pt-pt\\\/produto\\\/pack-inovacao\\\/#breadcrumb\"},\"inLanguage\":\"pt-PT\",\"potentialAction\":[{\"@type\":\"ReadAction\",\"target\":[\"https:\\\/\\\/soalheiro.com\\\/pt-pt\\\/produto\\\/pack-inovacao\\\/\"]}]},{\"@type\":\"ImageObject\",\"inLanguage\":\"pt-PT\",\"@id\":\"https:\\\/\\\/soalheiro.com\\\/pt-pt\\\/produto\\\/pack-inovacao\\\/#primaryimage\",\"url\":\"https:\\\/\\\/soalheiro.com\\\/wp-content\\\/uploads\\\/2023\\\/11\\\/7_Pack-Prova-Digital-Inovacao_f_1.1.jpg\",\"contentUrl\":\"https:\\\/\\\/soalheiro.com\\\/wp-content\\\/uploads\\\/2023\\\/11\\\/7_Pack-Prova-Digital-Inovacao_f_1.1.jpg\",\"width\":878,\"height\":878,\"caption\":\"7_Pack Prova Digital Inova\u00e7\u00e3o_f_1.1\"},{\"@type\":\"BreadcrumbList\",\"@id\":\"https:\\\/\\\/soalheiro.com\\\/pt-pt\\\/produto\\\/pack-inovacao\\\/#breadcrumb\",\"itemListElement\":[{\"@type\":\"ListItem\",\"position\":1,\"name\":\"Home\",\"item\":\"https:\\\/\\\/soalheiro.com\\\/pt-pt\\\/\"},{\"@type\":\"ListItem\",\"position\":2,\"name\":\"Loja\",\"item\":\"https:\\\/\\\/soalheiro.com\\\/pt-pt\\\/loja\\\/\"},{\"@type\":\"ListItem\",\"position\":3,\"name\":\"Pack Inova\u00e7\u00e3o\"}]},{\"@type\":\"WebSite\",\"@id\":\"https:\\\/\\\/soalheiro.com\\\/#website\",\"url\":\"https:\\\/\\\/soalheiro.com\\\/\",\"name\":\"Soalheiro\",\"description\":\"Quinta de Soalheiro, located in Melga\u00e7o (the most northern point of Portugal), is protected by a range of mountains that create conditions of rainfall, temperature and sunshine hours necessary for the best ripening of the Alvarinho grapes.\",\"potentialAction\":[{\"@type\":\"SearchAction\",\"target\":{\"@type\":\"EntryPoint\",\"urlTemplate\":\"https:\\\/\\\/soalheiro.com\\\/?s={search_term_string}\"},\"query-input\":{\"@type\":\"PropertyValueSpecification\",\"valueRequired\":true,\"valueName\":\"search_term_string\"}}],\"inLanguage\":\"pt-PT\"}]}<\/script>\n<!-- \/ Yoast SEO plugin. -->","yoast_head_json":{"title":"Pack Inova\u00e7\u00e3o - Soalheiro","description":"Ofere\u00e7a um presente especial este Natal. Descubra os nossos Packs de Vinhos, Infus\u00f5es e outros produtos do territ\u00f3rio. Dispon\u00edvel na loja online!","robots":{"index":"index","follow":"follow","max-snippet":"max-snippet:-1","max-image-preview":"max-image-preview:large","max-video-preview":"max-video-preview:-1"},"canonical":"https:\/\/soalheiro.com\/pt-pt\/produto\/pack-inovacao\/","og_locale":"pt_PT","og_type":"article","og_title":"Pack Inova\u00e7\u00e3o - Soalheiro","og_description":"Ofere\u00e7a um presente especial este Natal. Descubra os nossos Packs de Vinhos, Infus\u00f5es e outros produtos do territ\u00f3rio. Dispon\u00edvel na loja online!","og_url":"https:\/\/soalheiro.com\/pt-pt\/produto\/pack-inovacao\/","og_site_name":"Soalheiro","article_modified_time":"2024-11-29T10:45:57+00:00","og_image":[{"width":878,"height":878,"url":"https:\/\/soalheiro.com\/wp-content\/uploads\/2023\/11\/7_Pack-Prova-Digital-Inovacao_f_1.1.jpg","type":"image\/jpeg"}],"twitter_card":"summary_large_image","twitter_misc":{"Tempo estimado de leitura":"1 minuto"},"schema":{"@context":"https:\/\/schema.org","@graph":[{"@type":"WebPage","@id":"https:\/\/soalheiro.com\/pt-pt\/produto\/pack-inovacao\/","url":"https:\/\/soalheiro.com\/pt-pt\/produto\/pack-inovacao\/","name":"Pack Inova\u00e7\u00e3o - Soalheiro","isPartOf":{"@id":"https:\/\/soalheiro.com\/#website"},"primaryImageOfPage":{"@id":"https:\/\/soalheiro.com\/pt-pt\/produto\/pack-inovacao\/#primaryimage"},"image":{"@id":"https:\/\/soalheiro.com\/pt-pt\/produto\/pack-inovacao\/#primaryimage"},"thumbnailUrl":"https:\/\/soalheiro.com\/wp-content\/uploads\/2023\/11\/7_Pack-Prova-Digital-Inovacao_f_1.1.jpg","datePublished":"2023-11-03T11:50:29+00:00","dateModified":"2024-11-29T10:45:57+00:00","description":"Ofere\u00e7a um presente especial este Natal. Descubra os nossos Packs de Vinhos, Infus\u00f5es e outros produtos do territ\u00f3rio. Dispon\u00edvel na loja online!","breadcrumb":{"@id":"https:\/\/soalheiro.com\/pt-pt\/produto\/pack-inovacao\/#breadcrumb"},"inLanguage":"pt-PT","potentialAction":[{"@type":"ReadAction","target":["https:\/\/soalheiro.com\/pt-pt\/produto\/pack-inovacao\/"]}]},{"@type":"ImageObject","inLanguage":"pt-PT","@id":"https:\/\/soalheiro.com\/pt-pt\/produto\/pack-inovacao\/#primaryimage","url":"https:\/\/soalheiro.com\/wp-content\/uploads\/2023\/11\/7_Pack-Prova-Digital-Inovacao_f_1.1.jpg","contentUrl":"https:\/\/soalheiro.com\/wp-content\/uploads\/2023\/11\/7_Pack-Prova-Digital-Inovacao_f_1.1.jpg","width":878,"height":878,"caption":"7_Pack Prova Digital Inova\u00e7\u00e3o_f_1.1"},{"@type":"BreadcrumbList","@id":"https:\/\/soalheiro.com\/pt-pt\/produto\/pack-inovacao\/#breadcrumb","itemListElement":[{"@type":"ListItem","position":1,"name":"Home","item":"https:\/\/soalheiro.com\/pt-pt\/"},{"@type":"ListItem","position":2,"name":"Loja","item":"https:\/\/soalheiro.com\/pt-pt\/loja\/"},{"@type":"ListItem","position":3,"name":"Pack Inova\u00e7\u00e3o"}]},{"@type":"WebSite","@id":"https:\/\/soalheiro.com\/#website","url":"https:\/\/soalheiro.com\/","name":"Soalheiro","description":"Quinta de Soalheiro, located in Melga\u00e7o (the most northern point of Portugal), is protected by a range of mountains that create conditions of rainfall, temperature and sunshine hours necessary for the best ripening of the Alvarinho grapes.","potentialAction":[{"@type":"SearchAction","target":{"@type":"EntryPoint","urlTemplate":"https:\/\/soalheiro.com\/?s={search_term_string}"},"query-input":{"@type":"PropertyValueSpecification","valueRequired":true,"valueName":"search_term_string"}}],"inLanguage":"pt-PT"}]}},"_links":{"self":[{"href":"https:\/\/soalheiro.com\/pt-pt\/wp-json\/wp\/v2\/product\/19643","targetHints":{"allow":["GET"]}}],"collection":[{"href":"https:\/\/soalheiro.com\/pt-pt\/wp-json\/wp\/v2\/product"}],"about":[{"href":"https:\/\/soalheiro.com\/pt-pt\/wp-json\/wp\/v2\/types\/product"}],"replies":[{"embeddable":true,"href":"https:\/\/soalheiro.com\/pt-pt\/wp-json\/wp\/v2\/comments?post=19643"}],"version-history":[{"count":16,"href":"https:\/\/soalheiro.com\/pt-pt\/wp-json\/wp\/v2\/product\/19643\/revisions"}],"predecessor-version":[{"id":27615,"href":"https:\/\/soalheiro.com\/pt-pt\/wp-json\/wp\/v2\/product\/19643\/revisions\/27615"}],"wp:featuredmedia":[{"embeddable":true,"href":"https:\/\/soalheiro.com\/pt-pt\/wp-json\/wp\/v2\/media\/19534"}],"wp:attachment":[{"href":"https:\/\/soalheiro.com\/pt-pt\/wp-json\/wp\/v2\/media?parent=19643"}],"wp:term":[{"taxonomy":"product_brand","embeddable":true,"href":"https:\/\/soalheiro.com\/pt-pt\/wp-json\/wp\/v2\/product_brand?post=19643"},{"taxonomy":"product_cat","embeddable":true,"href":"https:\/\/soalheiro.com\/pt-pt\/wp-json\/wp\/v2\/product_cat?post=19643"},{"taxonomy":"product_tag","embeddable":true,"href":"https:\/\/soalheiro.com\/pt-pt\/wp-json\/wp\/v2\/product_tag?post=19643"}],"curies":[{"name":"wp","href":"https:\/\/api.w.org\/{rel}","templated":true}]}}