{"id":21958,"date":"2024-03-08T09:00:08","date_gmt":"2023-11-06T13:07:08","guid":{"rendered":"https:\/\/soalheiro.com\/?post_type=product&#038;p=21958"},"modified":"2024-04-11T13:00:42","modified_gmt":"2024-04-11T13:00:42","slug":"coffret-infusoes-the-pur-terroir","status":"publish","type":"product","link":"https:\/\/soalheiro.com\/pt-pt\/produto\/coffret-infusoes-the-pur-terroir\/","title":{"rendered":"Coffret Infus\u00f5es The Pur Terroir"},"content":{"rendered":"<h6 class=\"ewa-rteLine\">Do territ\u00f3rio para a ch\u00e1vena<\/h6>\n<h6 class=\"ewa-rteLine\">Sele\u00e7\u00e3o de infus\u00f5es The Pur Terroir<\/h6>\n","protected":false},"excerpt":{"rendered":"<div class=\"ewa-rteLine\"><span style=\"color: #c9b071;\"><strong>INCLUI:<\/strong><\/span><\/div>\n<div class=\"ewa-rteLine\">4 x <strong>Infus\u00e3o The Pur Terroir*<\/strong> 20 g<\/div>\n<div class=\"ewa-rteLine\">\n<div class=\"ewa-rteLine\">\n<div>\n<p>&nbsp;<\/p>\n<\/div>\n<div class=\"ewa-rteLine\"><strong><span style=\"color: #c9b071;\">OFERTA:<\/span><\/strong><\/div>\n<\/div>\n<\/div>\n<div class=\"ewa-rteLine\">1 x <strong>Bule com Infusor<\/strong> 800 ml<\/div>\n<p>&nbsp;<\/p>\n<p>*Ao processar a compra, indique no campo &#8220;notas da encomenda&#8221; as variedades de infus\u00f5es pretendidas: L\u00facia-Lima, Cidreira, Hortel\u00e3-Verde, Tomilho, Alecrim, Tomilho-Lim\u00e3o, Hortel\u00e3 Pimenta Chocolate, Perp\u00e9tua Vermelha, Erva Pr\u00edncipe, Perp\u00e9tua Roxa.<br \/>\nCaso n\u00e3o indique, enviaremos de forma aleat\u00f3ria.<\/p>\n","protected":false},"featured_media":19548,"comment_status":"closed","ping_status":"closed","template":"","meta":[],"product_brand":[],"product_cat":[187,185],"product_tag":[402,414],"class_list":{"0":"post-21958","1":"product","2":"type-product","3":"status-publish","4":"has-post-thumbnail","6":"product_cat-infusoes","7":"product_cat-packs","8":"product_tag-alvarinho-soalheiro-classico-pt-pt","9":"product_tag-soalheiro-germinar-pt-pt","11":"first","12":"instock","13":"taxable","14":"shipping-taxable","15":"purchasable","16":"product-type-simple"},"yoast_head":"<!-- This site is optimized with the Yoast SEO plugin v27.3 - https:\/\/yoast.com\/product\/yoast-seo-wordpress\/ -->\n<title>Coffret Infus\u00f5es The Pur Terroir - Soalheiro<\/title>\n<meta name=\"description\" content=\"Celebre a P\u00e1scoa em fam\u00edlia e descubra as infus\u00f5es do territ\u00f3rio. Ofere\u00e7a o Coffret The Pur Terroir! Dispon\u00edvel na loja online.\" \/>\n<meta name=\"robots\" content=\"index, follow, max-snippet:-1, max-image-preview:large, max-video-preview:-1\" \/>\n<link rel=\"canonical\" href=\"https:\/\/soalheiro.com\/pt-pt\/produto\/coffret-infusoes-the-pur-terroir\/\" \/>\n<meta property=\"og:locale\" content=\"pt_PT\" \/>\n<meta property=\"og:type\" content=\"article\" \/>\n<meta property=\"og:title\" content=\"Coffret Infus\u00f5es The Pur Terroir - Soalheiro\" \/>\n<meta property=\"og:description\" content=\"Celebre a P\u00e1scoa em fam\u00edlia e descubra as infus\u00f5es do territ\u00f3rio. Ofere\u00e7a o Coffret The Pur Terroir! Dispon\u00edvel na loja online.\" \/>\n<meta property=\"og:url\" content=\"https:\/\/soalheiro.com\/pt-pt\/produto\/coffret-infusoes-the-pur-terroir\/\" \/>\n<meta property=\"og:site_name\" content=\"Soalheiro\" \/>\n<meta property=\"article:modified_time\" content=\"2024-04-11T13:00:42+00:00\" \/>\n<meta property=\"og:image\" content=\"https:\/\/soalheiro.com\/wp-content\/uploads\/2023\/11\/coffret_f_1.1.jpg\" \/>\n\t<meta property=\"og:image:width\" content=\"1000\" \/>\n\t<meta property=\"og:image:height\" content=\"1000\" \/>\n\t<meta property=\"og:image:type\" content=\"image\/jpeg\" \/>\n<meta name=\"twitter:card\" content=\"summary_large_image\" \/>\n<meta name=\"twitter:label1\" content=\"Tempo estimado de leitura\" \/>\n\t<meta name=\"twitter:data1\" content=\"1 minuto\" \/>\n<script type=\"application\/ld+json\" class=\"yoast-schema-graph\">{\"@context\":\"https:\\\/\\\/schema.org\",\"@graph\":[{\"@type\":\"WebPage\",\"@id\":\"https:\\\/\\\/soalheiro.com\\\/pt-pt\\\/produto\\\/coffret-infusoes-the-pur-terroir\\\/\",\"url\":\"https:\\\/\\\/soalheiro.com\\\/pt-pt\\\/produto\\\/coffret-infusoes-the-pur-terroir\\\/\",\"name\":\"Coffret Infus\u00f5es The Pur Terroir - Soalheiro\",\"isPartOf\":{\"@id\":\"https:\\\/\\\/soalheiro.com\\\/#website\"},\"primaryImageOfPage\":{\"@id\":\"https:\\\/\\\/soalheiro.com\\\/pt-pt\\\/produto\\\/coffret-infusoes-the-pur-terroir\\\/#primaryimage\"},\"image\":{\"@id\":\"https:\\\/\\\/soalheiro.com\\\/pt-pt\\\/produto\\\/coffret-infusoes-the-pur-terroir\\\/#primaryimage\"},\"thumbnailUrl\":\"https:\\\/\\\/soalheiro.com\\\/wp-content\\\/uploads\\\/2023\\\/11\\\/coffret_f_1.1.jpg\",\"datePublished\":\"2023-11-06T13:07:08+00:00\",\"dateModified\":\"2024-04-11T13:00:42+00:00\",\"description\":\"Celebre a P\u00e1scoa em fam\u00edlia e descubra as infus\u00f5es do territ\u00f3rio. Ofere\u00e7a o Coffret The Pur Terroir! Dispon\u00edvel na loja online.\",\"breadcrumb\":{\"@id\":\"https:\\\/\\\/soalheiro.com\\\/pt-pt\\\/produto\\\/coffret-infusoes-the-pur-terroir\\\/#breadcrumb\"},\"inLanguage\":\"pt-PT\",\"potentialAction\":[{\"@type\":\"ReadAction\",\"target\":[\"https:\\\/\\\/soalheiro.com\\\/pt-pt\\\/produto\\\/coffret-infusoes-the-pur-terroir\\\/\"]}]},{\"@type\":\"ImageObject\",\"inLanguage\":\"pt-PT\",\"@id\":\"https:\\\/\\\/soalheiro.com\\\/pt-pt\\\/produto\\\/coffret-infusoes-the-pur-terroir\\\/#primaryimage\",\"url\":\"https:\\\/\\\/soalheiro.com\\\/wp-content\\\/uploads\\\/2023\\\/11\\\/coffret_f_1.1.jpg\",\"contentUrl\":\"https:\\\/\\\/soalheiro.com\\\/wp-content\\\/uploads\\\/2023\\\/11\\\/coffret_f_1.1.jpg\",\"width\":1000,\"height\":1000},{\"@type\":\"BreadcrumbList\",\"@id\":\"https:\\\/\\\/soalheiro.com\\\/pt-pt\\\/produto\\\/coffret-infusoes-the-pur-terroir\\\/#breadcrumb\",\"itemListElement\":[{\"@type\":\"ListItem\",\"position\":1,\"name\":\"Home\",\"item\":\"https:\\\/\\\/soalheiro.com\\\/pt-pt\\\/\"},{\"@type\":\"ListItem\",\"position\":2,\"name\":\"Loja\",\"item\":\"https:\\\/\\\/soalheiro.com\\\/pt-pt\\\/loja\\\/\"},{\"@type\":\"ListItem\",\"position\":3,\"name\":\"Coffret Infus\u00f5es The Pur Terroir\"}]},{\"@type\":\"WebSite\",\"@id\":\"https:\\\/\\\/soalheiro.com\\\/#website\",\"url\":\"https:\\\/\\\/soalheiro.com\\\/\",\"name\":\"Soalheiro\",\"description\":\"Quinta de Soalheiro, located in Melga\u00e7o (the most northern point of Portugal), is protected by a range of mountains that create conditions of rainfall, temperature and sunshine hours necessary for the best ripening of the Alvarinho grapes.\",\"potentialAction\":[{\"@type\":\"SearchAction\",\"target\":{\"@type\":\"EntryPoint\",\"urlTemplate\":\"https:\\\/\\\/soalheiro.com\\\/?s={search_term_string}\"},\"query-input\":{\"@type\":\"PropertyValueSpecification\",\"valueRequired\":true,\"valueName\":\"search_term_string\"}}],\"inLanguage\":\"pt-PT\"}]}<\/script>\n<!-- \/ Yoast SEO plugin. -->","yoast_head_json":{"title":"Coffret Infus\u00f5es The Pur Terroir - Soalheiro","description":"Celebre a P\u00e1scoa em fam\u00edlia e descubra as infus\u00f5es do territ\u00f3rio. Ofere\u00e7a o Coffret The Pur Terroir! Dispon\u00edvel na loja online.","robots":{"index":"index","follow":"follow","max-snippet":"max-snippet:-1","max-image-preview":"max-image-preview:large","max-video-preview":"max-video-preview:-1"},"canonical":"https:\/\/soalheiro.com\/pt-pt\/produto\/coffret-infusoes-the-pur-terroir\/","og_locale":"pt_PT","og_type":"article","og_title":"Coffret Infus\u00f5es The Pur Terroir - Soalheiro","og_description":"Celebre a P\u00e1scoa em fam\u00edlia e descubra as infus\u00f5es do territ\u00f3rio. Ofere\u00e7a o Coffret The Pur Terroir! Dispon\u00edvel na loja online.","og_url":"https:\/\/soalheiro.com\/pt-pt\/produto\/coffret-infusoes-the-pur-terroir\/","og_site_name":"Soalheiro","article_modified_time":"2024-04-11T13:00:42+00:00","og_image":[{"width":1000,"height":1000,"url":"https:\/\/soalheiro.com\/wp-content\/uploads\/2023\/11\/coffret_f_1.1.jpg","type":"image\/jpeg"}],"twitter_card":"summary_large_image","twitter_misc":{"Tempo estimado de leitura":"1 minuto"},"schema":{"@context":"https:\/\/schema.org","@graph":[{"@type":"WebPage","@id":"https:\/\/soalheiro.com\/pt-pt\/produto\/coffret-infusoes-the-pur-terroir\/","url":"https:\/\/soalheiro.com\/pt-pt\/produto\/coffret-infusoes-the-pur-terroir\/","name":"Coffret Infus\u00f5es The Pur Terroir - Soalheiro","isPartOf":{"@id":"https:\/\/soalheiro.com\/#website"},"primaryImageOfPage":{"@id":"https:\/\/soalheiro.com\/pt-pt\/produto\/coffret-infusoes-the-pur-terroir\/#primaryimage"},"image":{"@id":"https:\/\/soalheiro.com\/pt-pt\/produto\/coffret-infusoes-the-pur-terroir\/#primaryimage"},"thumbnailUrl":"https:\/\/soalheiro.com\/wp-content\/uploads\/2023\/11\/coffret_f_1.1.jpg","datePublished":"2023-11-06T13:07:08+00:00","dateModified":"2024-04-11T13:00:42+00:00","description":"Celebre a P\u00e1scoa em fam\u00edlia e descubra as infus\u00f5es do territ\u00f3rio. Ofere\u00e7a o Coffret The Pur Terroir! Dispon\u00edvel na loja online.","breadcrumb":{"@id":"https:\/\/soalheiro.com\/pt-pt\/produto\/coffret-infusoes-the-pur-terroir\/#breadcrumb"},"inLanguage":"pt-PT","potentialAction":[{"@type":"ReadAction","target":["https:\/\/soalheiro.com\/pt-pt\/produto\/coffret-infusoes-the-pur-terroir\/"]}]},{"@type":"ImageObject","inLanguage":"pt-PT","@id":"https:\/\/soalheiro.com\/pt-pt\/produto\/coffret-infusoes-the-pur-terroir\/#primaryimage","url":"https:\/\/soalheiro.com\/wp-content\/uploads\/2023\/11\/coffret_f_1.1.jpg","contentUrl":"https:\/\/soalheiro.com\/wp-content\/uploads\/2023\/11\/coffret_f_1.1.jpg","width":1000,"height":1000},{"@type":"BreadcrumbList","@id":"https:\/\/soalheiro.com\/pt-pt\/produto\/coffret-infusoes-the-pur-terroir\/#breadcrumb","itemListElement":[{"@type":"ListItem","position":1,"name":"Home","item":"https:\/\/soalheiro.com\/pt-pt\/"},{"@type":"ListItem","position":2,"name":"Loja","item":"https:\/\/soalheiro.com\/pt-pt\/loja\/"},{"@type":"ListItem","position":3,"name":"Coffret Infus\u00f5es The Pur Terroir"}]},{"@type":"WebSite","@id":"https:\/\/soalheiro.com\/#website","url":"https:\/\/soalheiro.com\/","name":"Soalheiro","description":"Quinta de Soalheiro, located in Melga\u00e7o (the most northern point of Portugal), is protected by a range of mountains that create conditions of rainfall, temperature and sunshine hours necessary for the best ripening of the Alvarinho grapes.","potentialAction":[{"@type":"SearchAction","target":{"@type":"EntryPoint","urlTemplate":"https:\/\/soalheiro.com\/?s={search_term_string}"},"query-input":{"@type":"PropertyValueSpecification","valueRequired":true,"valueName":"search_term_string"}}],"inLanguage":"pt-PT"}]}},"_links":{"self":[{"href":"https:\/\/soalheiro.com\/pt-pt\/wp-json\/wp\/v2\/product\/21958","targetHints":{"allow":["GET"]}}],"collection":[{"href":"https:\/\/soalheiro.com\/pt-pt\/wp-json\/wp\/v2\/product"}],"about":[{"href":"https:\/\/soalheiro.com\/pt-pt\/wp-json\/wp\/v2\/types\/product"}],"replies":[{"embeddable":true,"href":"https:\/\/soalheiro.com\/pt-pt\/wp-json\/wp\/v2\/comments?post=21958"}],"version-history":[{"count":8,"href":"https:\/\/soalheiro.com\/pt-pt\/wp-json\/wp\/v2\/product\/21958\/revisions"}],"predecessor-version":[{"id":27616,"href":"https:\/\/soalheiro.com\/pt-pt\/wp-json\/wp\/v2\/product\/21958\/revisions\/27616"}],"wp:featuredmedia":[{"embeddable":true,"href":"https:\/\/soalheiro.com\/pt-pt\/wp-json\/wp\/v2\/media\/19548"}],"wp:attachment":[{"href":"https:\/\/soalheiro.com\/pt-pt\/wp-json\/wp\/v2\/media?parent=21958"}],"wp:term":[{"taxonomy":"product_brand","embeddable":true,"href":"https:\/\/soalheiro.com\/pt-pt\/wp-json\/wp\/v2\/product_brand?post=21958"},{"taxonomy":"product_cat","embeddable":true,"href":"https:\/\/soalheiro.com\/pt-pt\/wp-json\/wp\/v2\/product_cat?post=21958"},{"taxonomy":"product_tag","embeddable":true,"href":"https:\/\/soalheiro.com\/pt-pt\/wp-json\/wp\/v2\/product_tag?post=21958"}],"curies":[{"name":"wp","href":"https:\/\/api.w.org\/{rel}","templated":true}]}}