{"id":25190,"date":"2025-01-31T09:52:57","date_gmt":"2025-01-31T09:52:57","guid":{"rendered":"https:\/\/soalheiro.com\/?post_type=product&#038;p=25190"},"modified":"2025-05-06T15:02:14","modified_gmt":"2025-05-06T15:02:14","slug":"pack-presente-personalizado","status":"publish","type":"product","link":"https:\/\/soalheiro.com\/pt-pt\/produto\/pack-presente-personalizado\/","title":{"rendered":"Pack Presente Personalizado"},"content":{"rendered":"<div class=\"elementToProof\">Este \u00e9 um pack surpreendente, delicado e leve, onde encontra a diversidade do nosso territ\u00f3rios nos vinhos e nas infus\u00f5es, a inova\u00e7\u00e3o e tradi\u00e7\u00e3o, um r\u00f3tulo que pode personalizar com uma mensagem.<\/div>\n<div><\/div>\n<p><!--more--><\/p>\n<div class=\"elementToProof\">No nosso Pack Presente Personalizado vai encontrar:<\/div>\n<ul data-editing-info=\"{&quot;applyListStyleFromLevel&quot;:false,&quot;unorderedStyleType&quot;:2}\">\n<li>\n<div class=\"elementToProof\">o <a href=\"https:\/\/soalheiro.com\/pt-pt\/vinhos\/soalheiro-o-cubo-2022\/\">Soalheiro O Cubo<\/a>, um Alvarinho que fermentou e estagiou num recipiente de vidro na nossa Cave da Inova\u00e7\u00e3o, que pode personalizar com uma mensagem no r\u00f3tulo para o tornar ainda mais \u00fanico;<\/div>\n<\/li>\n<li>\n<div class=\"elementToProof\">o <a href=\"https:\/\/soalheiro.com\/pt-pt\/vinhos\/soalheiro-mineral-rose-pinot-noir-alvarinho\/\">Soalheiro Mineral Ros\u00e9<\/a>, um ros\u00e9 delicado que alia a eleg\u00e2ncia do Alvarinho e a persist\u00eancia do Pinot Noir;<\/div>\n<\/li>\n<li>\n<div class=\"elementToProof\">duas das infus\u00f5es The Pur Terroir, <a href=\"https:\/\/soalheiro.com\/pt-pt\/infusoes\/perpetua-roxa\/\">Perp\u00e9tua Roxa<\/a> e <a href=\"https:\/\/soalheiro.com\/pt-pt\/infusoes\/tomilho-limao\/\">Tomilho-Lim\u00e3o<\/a>, leves e intensas.<\/div>\n<\/li>\n<\/ul>\n","protected":false},"excerpt":{"rendered":"<div class=\"ewa-rteLine\">\n<div class=\"elementToProof\"><strong class=\"selection-contrast\" style=\"color: #c9b071;\">INCLUI:<\/strong><\/div>\n<\/div>\n<div>\n<div class=\"ewa-rteLine\">\n<div class=\"elementToProof\">1 x <strong>Soalheiro O Cubo<\/strong>\u00a0750 ml (r\u00f3tulo personaliz\u00e1vel)<\/div>\n<div class=\"elementToProof\">1 x <strong>Soalheiro Mineral Ros\u00e9<\/strong>\u00a0750 ml<\/div>\n<div class=\"elementToProof\">1 x <strong>Infus\u00e3o The Pur Terroir<\/strong> Perp\u00e9tua Roxa 20 g<\/div>\n<div class=\"elementToProof\">1 x <strong>Infus\u00e3o The Pur Terroir<\/strong> Tomilho-Lim\u00e3o 20 g<\/div>\n<\/div>\n<div class=\"ewa-rteLine\">\n<div>\n<p><!--more--><\/p>\n<\/div>\n<\/div>\n<div class=\"ewa-rteLine\">Este \u00e9 um pack surpreendente, delicado e leve, onde encontra a diversidade do nosso territ\u00f3rios nos vinhos e nas infus\u00f5es, a inova\u00e7\u00e3o e tradi\u00e7\u00e3o, um r\u00f3tulo que pode personalizar com uma mensagem.<\/div>\n<div>\n<div>\n<p>&nbsp;<\/p>\n<\/div>\n<div class=\"ewa-rteLine\"><\/div>\n<\/div>\n<\/div>\n","protected":false},"featured_media":25196,"comment_status":"closed","ping_status":"closed","template":"","meta":[],"product_brand":[],"product_cat":[185],"product_tag":[506,507,508,509],"class_list":{"0":"post-25190","1":"product","2":"type-product","3":"status-publish","4":"has-post-thumbnail","6":"product_cat-packs","7":"product_tag-infusao-the-pur-terroir-perpetua-roxa-pt-pt","8":"product_tag-infusao-the-pur-terroir-tomilho-limao-pt-pt","9":"product_tag-soalheiro-mineral-rose-pt-pt","10":"product_tag-soalheiro-o-cubo-pt-pt","12":"first","13":"instock","14":"taxable","15":"shipping-taxable","16":"purchasable","17":"product-type-simple"},"yoast_head":"<!-- This site is optimized with the Yoast SEO plugin v27.3 - https:\/\/yoast.com\/product\/yoast-seo-wordpress\/ -->\n<title>Pack Presente Personalizado - Soalheiro<\/title>\n<meta name=\"description\" content=\"Este \u00e9 um pack surpreendente, delicado e leve, onde encontra a diversidade do nosso territ\u00f3rios nos vinhos e nas infus\u00f5es, a inova\u00e7\u00e3o e tradi\u00e7\u00e3o, um r\u00f3tulo que pode personalizar com uma mensagem.\" \/>\n<meta name=\"robots\" content=\"index, follow, max-snippet:-1, max-image-preview:large, max-video-preview:-1\" \/>\n<link rel=\"canonical\" href=\"https:\/\/soalheiro.com\/pt-pt\/produto\/pack-presente-personalizado\/\" \/>\n<meta property=\"og:locale\" content=\"pt_PT\" \/>\n<meta property=\"og:type\" content=\"article\" \/>\n<meta property=\"og:title\" content=\"Pack Presente Personalizado - Soalheiro\" \/>\n<meta property=\"og:description\" content=\"Este \u00e9 um pack surpreendente, delicado e leve, onde encontra a diversidade do nosso territ\u00f3rios nos vinhos e nas infus\u00f5es, a inova\u00e7\u00e3o e tradi\u00e7\u00e3o, um r\u00f3tulo que pode personalizar com uma mensagem.\" \/>\n<meta property=\"og:url\" content=\"https:\/\/soalheiro.com\/pt-pt\/produto\/pack-presente-personalizado\/\" \/>\n<meta property=\"og:site_name\" content=\"Soalheiro\" \/>\n<meta property=\"article:modified_time\" content=\"2025-05-06T15:02:14+00:00\" \/>\n<meta property=\"og:image\" content=\"https:\/\/soalheiro.com\/wp-content\/uploads\/2025\/01\/Pack-dia-dos-Namorados-1-scaled.jpg\" \/>\n\t<meta property=\"og:image:width\" content=\"2560\" \/>\n\t<meta property=\"og:image:height\" content=\"2560\" \/>\n\t<meta property=\"og:image:type\" content=\"image\/jpeg\" \/>\n<meta name=\"twitter:card\" content=\"summary_large_image\" \/>\n<meta name=\"twitter:label1\" content=\"Tempo estimado de leitura\" \/>\n\t<meta name=\"twitter:data1\" content=\"1 minuto\" \/>\n<script type=\"application\/ld+json\" class=\"yoast-schema-graph\">{\"@context\":\"https:\\\/\\\/schema.org\",\"@graph\":[{\"@type\":\"WebPage\",\"@id\":\"https:\\\/\\\/soalheiro.com\\\/pt-pt\\\/produto\\\/pack-presente-personalizado\\\/\",\"url\":\"https:\\\/\\\/soalheiro.com\\\/pt-pt\\\/produto\\\/pack-presente-personalizado\\\/\",\"name\":\"Pack Presente Personalizado - Soalheiro\",\"isPartOf\":{\"@id\":\"https:\\\/\\\/soalheiro.com\\\/#website\"},\"primaryImageOfPage\":{\"@id\":\"https:\\\/\\\/soalheiro.com\\\/pt-pt\\\/produto\\\/pack-presente-personalizado\\\/#primaryimage\"},\"image\":{\"@id\":\"https:\\\/\\\/soalheiro.com\\\/pt-pt\\\/produto\\\/pack-presente-personalizado\\\/#primaryimage\"},\"thumbnailUrl\":\"https:\\\/\\\/soalheiro.com\\\/wp-content\\\/uploads\\\/2025\\\/01\\\/Pack-dia-dos-Namorados-1-scaled.jpg\",\"datePublished\":\"2025-01-31T09:52:57+00:00\",\"dateModified\":\"2025-05-06T15:02:14+00:00\",\"description\":\"Este \u00e9 um pack surpreendente, delicado e leve, onde encontra a diversidade do nosso territ\u00f3rios nos vinhos e nas infus\u00f5es, a inova\u00e7\u00e3o e tradi\u00e7\u00e3o, um r\u00f3tulo que pode personalizar com uma mensagem.\",\"breadcrumb\":{\"@id\":\"https:\\\/\\\/soalheiro.com\\\/pt-pt\\\/produto\\\/pack-presente-personalizado\\\/#breadcrumb\"},\"inLanguage\":\"pt-PT\",\"potentialAction\":[{\"@type\":\"ReadAction\",\"target\":[\"https:\\\/\\\/soalheiro.com\\\/pt-pt\\\/produto\\\/pack-presente-personalizado\\\/\"]}]},{\"@type\":\"ImageObject\",\"inLanguage\":\"pt-PT\",\"@id\":\"https:\\\/\\\/soalheiro.com\\\/pt-pt\\\/produto\\\/pack-presente-personalizado\\\/#primaryimage\",\"url\":\"https:\\\/\\\/soalheiro.com\\\/wp-content\\\/uploads\\\/2025\\\/01\\\/Pack-dia-dos-Namorados-1-scaled.jpg\",\"contentUrl\":\"https:\\\/\\\/soalheiro.com\\\/wp-content\\\/uploads\\\/2025\\\/01\\\/Pack-dia-dos-Namorados-1-scaled.jpg\",\"width\":2560,\"height\":2560},{\"@type\":\"BreadcrumbList\",\"@id\":\"https:\\\/\\\/soalheiro.com\\\/pt-pt\\\/produto\\\/pack-presente-personalizado\\\/#breadcrumb\",\"itemListElement\":[{\"@type\":\"ListItem\",\"position\":1,\"name\":\"Home\",\"item\":\"https:\\\/\\\/soalheiro.com\\\/pt-pt\\\/\"},{\"@type\":\"ListItem\",\"position\":2,\"name\":\"Loja\",\"item\":\"https:\\\/\\\/soalheiro.com\\\/pt-pt\\\/loja\\\/\"},{\"@type\":\"ListItem\",\"position\":3,\"name\":\"Pack Presente Personalizado\"}]},{\"@type\":\"WebSite\",\"@id\":\"https:\\\/\\\/soalheiro.com\\\/#website\",\"url\":\"https:\\\/\\\/soalheiro.com\\\/\",\"name\":\"Soalheiro\",\"description\":\"Quinta de Soalheiro, located in Melga\u00e7o (the most northern point of Portugal), is protected by a range of mountains that create conditions of rainfall, temperature and sunshine hours necessary for the best ripening of the Alvarinho grapes.\",\"potentialAction\":[{\"@type\":\"SearchAction\",\"target\":{\"@type\":\"EntryPoint\",\"urlTemplate\":\"https:\\\/\\\/soalheiro.com\\\/?s={search_term_string}\"},\"query-input\":{\"@type\":\"PropertyValueSpecification\",\"valueRequired\":true,\"valueName\":\"search_term_string\"}}],\"inLanguage\":\"pt-PT\"}]}<\/script>\n<!-- \/ Yoast SEO plugin. -->","yoast_head_json":{"title":"Pack Presente Personalizado - Soalheiro","description":"Este \u00e9 um pack surpreendente, delicado e leve, onde encontra a diversidade do nosso territ\u00f3rios nos vinhos e nas infus\u00f5es, a inova\u00e7\u00e3o e tradi\u00e7\u00e3o, um r\u00f3tulo que pode personalizar com uma mensagem.","robots":{"index":"index","follow":"follow","max-snippet":"max-snippet:-1","max-image-preview":"max-image-preview:large","max-video-preview":"max-video-preview:-1"},"canonical":"https:\/\/soalheiro.com\/pt-pt\/produto\/pack-presente-personalizado\/","og_locale":"pt_PT","og_type":"article","og_title":"Pack Presente Personalizado - Soalheiro","og_description":"Este \u00e9 um pack surpreendente, delicado e leve, onde encontra a diversidade do nosso territ\u00f3rios nos vinhos e nas infus\u00f5es, a inova\u00e7\u00e3o e tradi\u00e7\u00e3o, um r\u00f3tulo que pode personalizar com uma mensagem.","og_url":"https:\/\/soalheiro.com\/pt-pt\/produto\/pack-presente-personalizado\/","og_site_name":"Soalheiro","article_modified_time":"2025-05-06T15:02:14+00:00","og_image":[{"width":2560,"height":2560,"url":"https:\/\/soalheiro.com\/wp-content\/uploads\/2025\/01\/Pack-dia-dos-Namorados-1-scaled.jpg","type":"image\/jpeg"}],"twitter_card":"summary_large_image","twitter_misc":{"Tempo estimado de leitura":"1 minuto"},"schema":{"@context":"https:\/\/schema.org","@graph":[{"@type":"WebPage","@id":"https:\/\/soalheiro.com\/pt-pt\/produto\/pack-presente-personalizado\/","url":"https:\/\/soalheiro.com\/pt-pt\/produto\/pack-presente-personalizado\/","name":"Pack Presente Personalizado - Soalheiro","isPartOf":{"@id":"https:\/\/soalheiro.com\/#website"},"primaryImageOfPage":{"@id":"https:\/\/soalheiro.com\/pt-pt\/produto\/pack-presente-personalizado\/#primaryimage"},"image":{"@id":"https:\/\/soalheiro.com\/pt-pt\/produto\/pack-presente-personalizado\/#primaryimage"},"thumbnailUrl":"https:\/\/soalheiro.com\/wp-content\/uploads\/2025\/01\/Pack-dia-dos-Namorados-1-scaled.jpg","datePublished":"2025-01-31T09:52:57+00:00","dateModified":"2025-05-06T15:02:14+00:00","description":"Este \u00e9 um pack surpreendente, delicado e leve, onde encontra a diversidade do nosso territ\u00f3rios nos vinhos e nas infus\u00f5es, a inova\u00e7\u00e3o e tradi\u00e7\u00e3o, um r\u00f3tulo que pode personalizar com uma mensagem.","breadcrumb":{"@id":"https:\/\/soalheiro.com\/pt-pt\/produto\/pack-presente-personalizado\/#breadcrumb"},"inLanguage":"pt-PT","potentialAction":[{"@type":"ReadAction","target":["https:\/\/soalheiro.com\/pt-pt\/produto\/pack-presente-personalizado\/"]}]},{"@type":"ImageObject","inLanguage":"pt-PT","@id":"https:\/\/soalheiro.com\/pt-pt\/produto\/pack-presente-personalizado\/#primaryimage","url":"https:\/\/soalheiro.com\/wp-content\/uploads\/2025\/01\/Pack-dia-dos-Namorados-1-scaled.jpg","contentUrl":"https:\/\/soalheiro.com\/wp-content\/uploads\/2025\/01\/Pack-dia-dos-Namorados-1-scaled.jpg","width":2560,"height":2560},{"@type":"BreadcrumbList","@id":"https:\/\/soalheiro.com\/pt-pt\/produto\/pack-presente-personalizado\/#breadcrumb","itemListElement":[{"@type":"ListItem","position":1,"name":"Home","item":"https:\/\/soalheiro.com\/pt-pt\/"},{"@type":"ListItem","position":2,"name":"Loja","item":"https:\/\/soalheiro.com\/pt-pt\/loja\/"},{"@type":"ListItem","position":3,"name":"Pack Presente Personalizado"}]},{"@type":"WebSite","@id":"https:\/\/soalheiro.com\/#website","url":"https:\/\/soalheiro.com\/","name":"Soalheiro","description":"Quinta de Soalheiro, located in Melga\u00e7o (the most northern point of Portugal), is protected by a range of mountains that create conditions of rainfall, temperature and sunshine hours necessary for the best ripening of the Alvarinho grapes.","potentialAction":[{"@type":"SearchAction","target":{"@type":"EntryPoint","urlTemplate":"https:\/\/soalheiro.com\/?s={search_term_string}"},"query-input":{"@type":"PropertyValueSpecification","valueRequired":true,"valueName":"search_term_string"}}],"inLanguage":"pt-PT"}]}},"_links":{"self":[{"href":"https:\/\/soalheiro.com\/pt-pt\/wp-json\/wp\/v2\/product\/25190","targetHints":{"allow":["GET"]}}],"collection":[{"href":"https:\/\/soalheiro.com\/pt-pt\/wp-json\/wp\/v2\/product"}],"about":[{"href":"https:\/\/soalheiro.com\/pt-pt\/wp-json\/wp\/v2\/types\/product"}],"replies":[{"embeddable":true,"href":"https:\/\/soalheiro.com\/pt-pt\/wp-json\/wp\/v2\/comments?post=25190"}],"version-history":[{"count":13,"href":"https:\/\/soalheiro.com\/pt-pt\/wp-json\/wp\/v2\/product\/25190\/revisions"}],"predecessor-version":[{"id":25812,"href":"https:\/\/soalheiro.com\/pt-pt\/wp-json\/wp\/v2\/product\/25190\/revisions\/25812"}],"wp:featuredmedia":[{"embeddable":true,"href":"https:\/\/soalheiro.com\/pt-pt\/wp-json\/wp\/v2\/media\/25196"}],"wp:attachment":[{"href":"https:\/\/soalheiro.com\/pt-pt\/wp-json\/wp\/v2\/media?parent=25190"}],"wp:term":[{"taxonomy":"product_brand","embeddable":true,"href":"https:\/\/soalheiro.com\/pt-pt\/wp-json\/wp\/v2\/product_brand?post=25190"},{"taxonomy":"product_cat","embeddable":true,"href":"https:\/\/soalheiro.com\/pt-pt\/wp-json\/wp\/v2\/product_cat?post=25190"},{"taxonomy":"product_tag","embeddable":true,"href":"https:\/\/soalheiro.com\/pt-pt\/wp-json\/wp\/v2\/product_tag?post=25190"}],"curies":[{"name":"wp","href":"https:\/\/api.w.org\/{rel}","templated":true}]}}