{"id":27514,"date":"2025-10-22T14:56:43","date_gmt":"2025-10-22T14:56:43","guid":{"rendered":"https:\/\/soalheiro.com\/?post_type=product&#038;p=27514"},"modified":"2025-12-10T09:10:01","modified_gmt":"2025-12-10T09:10:01","slug":"pack-premium-espumantes","status":"publish","type":"product","link":"https:\/\/soalheiro.com\/pt-pt\/produto\/pack-premium-espumantes\/","title":{"rendered":"Pack Premium Espumantes"},"content":{"rendered":"<p data-start=\"427\" data-end=\"576\">O Pack Premium Soalheiro \u00e9 a escolha perfeita para quem aprecia experi\u00eancias \u00fanicas e memor\u00e1veis.<\/p>\n<p data-start=\"876\" data-end=\"1008\">\n","protected":false},"excerpt":{"rendered":"<p data-start=\"427\" data-end=\"576\">Inclui:<\/p>\n<ul data-start=\"577\" data-end=\"874\">\n<li data-start=\"577\" data-end=\"662\">\n<p data-start=\"579\" data-end=\"662\">2 x <strong>Soalheiro Espumante Bruto Alvarinho<\/strong><strong> 0,75<\/strong><strong>L<\/strong>;<\/p>\n<\/li>\n<li data-start=\"663\" data-end=\"760\">\n<p data-start=\"665\" data-end=\"760\">2 x <strong>Soalheiro Espumante Bruto Ros\u00e9 0,75<\/strong>L;<\/p>\n<\/li>\n<li data-start=\"761\" data-end=\"874\">\n<p data-start=\"763\" data-end=\"874\">1 x\u00a0 <strong>Soalheiro Aguardente Bagaceira Velha Alvarinho 0,50L;<\/strong><\/p>\n<\/li>\n<\/ul>\n<p data-start=\"876\" data-end=\"1008\">Um pack pensado para momentos de celebra\u00e7\u00e3o, presente ou para completar a sua cole\u00e7\u00e3o de vinhos premium Soalheiro<\/p>\n","protected":false},"featured_media":27531,"comment_status":"closed","ping_status":"closed","template":"","meta":[],"product_brand":[],"product_cat":[185],"product_tag":[408,514],"class_list":{"0":"post-27514","1":"product","2":"type-product","3":"status-publish","4":"has-post-thumbnail","6":"product_cat-packs","7":"product_tag-soalheiro-espumante-bruto-alvarinho-pt-pt","8":"product_tag-soalheiro-espumante-bruto-rose","10":"first","11":"instock","12":"taxable","13":"shipping-taxable","14":"purchasable","15":"product-type-simple"},"yoast_head":"<!-- This site is optimized with the Yoast SEO plugin v27.3 - https:\/\/yoast.com\/product\/yoast-seo-wordpress\/ -->\n<title>Pack Premium Espumantes - Soalheiro<\/title>\n<meta name=\"description\" content=\"O Pack Premium Espumantes \u00e9 a escolha perfeita para quem aprecia experi\u00eancias \u00fanicas e memor\u00e1veis.\" \/>\n<meta name=\"robots\" content=\"index, follow, max-snippet:-1, max-image-preview:large, max-video-preview:-1\" \/>\n<link rel=\"canonical\" href=\"https:\/\/soalheiro.com\/pt-pt\/produto\/pack-premium-espumantes\/\" \/>\n<meta property=\"og:locale\" content=\"pt_PT\" \/>\n<meta property=\"og:type\" content=\"article\" \/>\n<meta property=\"og:title\" content=\"Pack Premium Espumantes - Soalheiro\" \/>\n<meta property=\"og:description\" content=\"O Pack Premium Espumantes \u00e9 a escolha perfeita para quem aprecia experi\u00eancias \u00fanicas e memor\u00e1veis.\" \/>\n<meta property=\"og:url\" content=\"https:\/\/soalheiro.com\/pt-pt\/produto\/pack-premium-espumantes\/\" \/>\n<meta property=\"og:site_name\" content=\"Soalheiro\" \/>\n<meta property=\"article:modified_time\" content=\"2025-12-10T09:10:01+00:00\" \/>\n<meta property=\"og:image\" content=\"https:\/\/soalheiro.com\/wp-content\/uploads\/2025\/10\/Pack-Premium-Espumantesl.png\" \/>\n\t<meta property=\"og:image:width\" content=\"1\" \/>\n\t<meta property=\"og:image:height\" content=\"1\" \/>\n\t<meta property=\"og:image:type\" content=\"image\/png\" \/>\n<meta name=\"twitter:card\" content=\"summary_large_image\" \/>\n<meta name=\"twitter:label1\" content=\"Tempo estimado de leitura\" \/>\n\t<meta name=\"twitter:data1\" content=\"1 minuto\" \/>\n<script type=\"application\/ld+json\" class=\"yoast-schema-graph\">{\"@context\":\"https:\\\/\\\/schema.org\",\"@graph\":[{\"@type\":\"WebPage\",\"@id\":\"https:\\\/\\\/soalheiro.com\\\/pt-pt\\\/produto\\\/pack-premium-espumantes\\\/\",\"url\":\"https:\\\/\\\/soalheiro.com\\\/pt-pt\\\/produto\\\/pack-premium-espumantes\\\/\",\"name\":\"Pack Premium Espumantes - Soalheiro\",\"isPartOf\":{\"@id\":\"https:\\\/\\\/soalheiro.com\\\/#website\"},\"primaryImageOfPage\":{\"@id\":\"https:\\\/\\\/soalheiro.com\\\/pt-pt\\\/produto\\\/pack-premium-espumantes\\\/#primaryimage\"},\"image\":{\"@id\":\"https:\\\/\\\/soalheiro.com\\\/pt-pt\\\/produto\\\/pack-premium-espumantes\\\/#primaryimage\"},\"thumbnailUrl\":\"https:\\\/\\\/soalheiro.com\\\/wp-content\\\/uploads\\\/2025\\\/10\\\/Pack-Premium-Espumantesl.png\",\"datePublished\":\"2025-10-22T14:56:43+00:00\",\"dateModified\":\"2025-12-10T09:10:01+00:00\",\"description\":\"O Pack Premium Espumantes \u00e9 a escolha perfeita para quem aprecia experi\u00eancias \u00fanicas e memor\u00e1veis.\",\"breadcrumb\":{\"@id\":\"https:\\\/\\\/soalheiro.com\\\/pt-pt\\\/produto\\\/pack-premium-espumantes\\\/#breadcrumb\"},\"inLanguage\":\"pt-PT\",\"potentialAction\":[{\"@type\":\"ReadAction\",\"target\":[\"https:\\\/\\\/soalheiro.com\\\/pt-pt\\\/produto\\\/pack-premium-espumantes\\\/\"]}]},{\"@type\":\"ImageObject\",\"inLanguage\":\"pt-PT\",\"@id\":\"https:\\\/\\\/soalheiro.com\\\/pt-pt\\\/produto\\\/pack-premium-espumantes\\\/#primaryimage\",\"url\":\"https:\\\/\\\/soalheiro.com\\\/wp-content\\\/uploads\\\/2025\\\/10\\\/Pack-Premium-Espumantesl.png\",\"contentUrl\":\"https:\\\/\\\/soalheiro.com\\\/wp-content\\\/uploads\\\/2025\\\/10\\\/Pack-Premium-Espumantesl.png\"},{\"@type\":\"BreadcrumbList\",\"@id\":\"https:\\\/\\\/soalheiro.com\\\/pt-pt\\\/produto\\\/pack-premium-espumantes\\\/#breadcrumb\",\"itemListElement\":[{\"@type\":\"ListItem\",\"position\":1,\"name\":\"Home\",\"item\":\"https:\\\/\\\/soalheiro.com\\\/pt-pt\\\/\"},{\"@type\":\"ListItem\",\"position\":2,\"name\":\"Loja\",\"item\":\"https:\\\/\\\/soalheiro.com\\\/pt-pt\\\/loja\\\/\"},{\"@type\":\"ListItem\",\"position\":3,\"name\":\"Pack Premium Espumantes\"}]},{\"@type\":\"WebSite\",\"@id\":\"https:\\\/\\\/soalheiro.com\\\/#website\",\"url\":\"https:\\\/\\\/soalheiro.com\\\/\",\"name\":\"Soalheiro\",\"description\":\"Quinta de Soalheiro, located in Melga\u00e7o (the most northern point of Portugal), is protected by a range of mountains that create conditions of rainfall, temperature and sunshine hours necessary for the best ripening of the Alvarinho grapes.\",\"potentialAction\":[{\"@type\":\"SearchAction\",\"target\":{\"@type\":\"EntryPoint\",\"urlTemplate\":\"https:\\\/\\\/soalheiro.com\\\/?s={search_term_string}\"},\"query-input\":{\"@type\":\"PropertyValueSpecification\",\"valueRequired\":true,\"valueName\":\"search_term_string\"}}],\"inLanguage\":\"pt-PT\"}]}<\/script>\n<!-- \/ Yoast SEO plugin. -->","yoast_head_json":{"title":"Pack Premium Espumantes - Soalheiro","description":"O Pack Premium Espumantes \u00e9 a escolha perfeita para quem aprecia experi\u00eancias \u00fanicas e memor\u00e1veis.","robots":{"index":"index","follow":"follow","max-snippet":"max-snippet:-1","max-image-preview":"max-image-preview:large","max-video-preview":"max-video-preview:-1"},"canonical":"https:\/\/soalheiro.com\/pt-pt\/produto\/pack-premium-espumantes\/","og_locale":"pt_PT","og_type":"article","og_title":"Pack Premium Espumantes - Soalheiro","og_description":"O Pack Premium Espumantes \u00e9 a escolha perfeita para quem aprecia experi\u00eancias \u00fanicas e memor\u00e1veis.","og_url":"https:\/\/soalheiro.com\/pt-pt\/produto\/pack-premium-espumantes\/","og_site_name":"Soalheiro","article_modified_time":"2025-12-10T09:10:01+00:00","og_image":[{"url":"https:\/\/soalheiro.com\/wp-content\/uploads\/2025\/10\/Pack-Premium-Espumantesl.png","width":1,"height":1,"type":"image\/png"}],"twitter_card":"summary_large_image","twitter_misc":{"Tempo estimado de leitura":"1 minuto"},"schema":{"@context":"https:\/\/schema.org","@graph":[{"@type":"WebPage","@id":"https:\/\/soalheiro.com\/pt-pt\/produto\/pack-premium-espumantes\/","url":"https:\/\/soalheiro.com\/pt-pt\/produto\/pack-premium-espumantes\/","name":"Pack Premium Espumantes - Soalheiro","isPartOf":{"@id":"https:\/\/soalheiro.com\/#website"},"primaryImageOfPage":{"@id":"https:\/\/soalheiro.com\/pt-pt\/produto\/pack-premium-espumantes\/#primaryimage"},"image":{"@id":"https:\/\/soalheiro.com\/pt-pt\/produto\/pack-premium-espumantes\/#primaryimage"},"thumbnailUrl":"https:\/\/soalheiro.com\/wp-content\/uploads\/2025\/10\/Pack-Premium-Espumantesl.png","datePublished":"2025-10-22T14:56:43+00:00","dateModified":"2025-12-10T09:10:01+00:00","description":"O Pack Premium Espumantes \u00e9 a escolha perfeita para quem aprecia experi\u00eancias \u00fanicas e memor\u00e1veis.","breadcrumb":{"@id":"https:\/\/soalheiro.com\/pt-pt\/produto\/pack-premium-espumantes\/#breadcrumb"},"inLanguage":"pt-PT","potentialAction":[{"@type":"ReadAction","target":["https:\/\/soalheiro.com\/pt-pt\/produto\/pack-premium-espumantes\/"]}]},{"@type":"ImageObject","inLanguage":"pt-PT","@id":"https:\/\/soalheiro.com\/pt-pt\/produto\/pack-premium-espumantes\/#primaryimage","url":"https:\/\/soalheiro.com\/wp-content\/uploads\/2025\/10\/Pack-Premium-Espumantesl.png","contentUrl":"https:\/\/soalheiro.com\/wp-content\/uploads\/2025\/10\/Pack-Premium-Espumantesl.png"},{"@type":"BreadcrumbList","@id":"https:\/\/soalheiro.com\/pt-pt\/produto\/pack-premium-espumantes\/#breadcrumb","itemListElement":[{"@type":"ListItem","position":1,"name":"Home","item":"https:\/\/soalheiro.com\/pt-pt\/"},{"@type":"ListItem","position":2,"name":"Loja","item":"https:\/\/soalheiro.com\/pt-pt\/loja\/"},{"@type":"ListItem","position":3,"name":"Pack Premium Espumantes"}]},{"@type":"WebSite","@id":"https:\/\/soalheiro.com\/#website","url":"https:\/\/soalheiro.com\/","name":"Soalheiro","description":"Quinta de Soalheiro, located in Melga\u00e7o (the most northern point of Portugal), is protected by a range of mountains that create conditions of rainfall, temperature and sunshine hours necessary for the best ripening of the Alvarinho grapes.","potentialAction":[{"@type":"SearchAction","target":{"@type":"EntryPoint","urlTemplate":"https:\/\/soalheiro.com\/?s={search_term_string}"},"query-input":{"@type":"PropertyValueSpecification","valueRequired":true,"valueName":"search_term_string"}}],"inLanguage":"pt-PT"}]}},"_links":{"self":[{"href":"https:\/\/soalheiro.com\/pt-pt\/wp-json\/wp\/v2\/product\/27514","targetHints":{"allow":["GET"]}}],"collection":[{"href":"https:\/\/soalheiro.com\/pt-pt\/wp-json\/wp\/v2\/product"}],"about":[{"href":"https:\/\/soalheiro.com\/pt-pt\/wp-json\/wp\/v2\/types\/product"}],"replies":[{"embeddable":true,"href":"https:\/\/soalheiro.com\/pt-pt\/wp-json\/wp\/v2\/comments?post=27514"}],"version-history":[{"count":8,"href":"https:\/\/soalheiro.com\/pt-pt\/wp-json\/wp\/v2\/product\/27514\/revisions"}],"predecessor-version":[{"id":27519,"href":"https:\/\/soalheiro.com\/pt-pt\/wp-json\/wp\/v2\/product\/27514\/revisions\/27519"}],"wp:featuredmedia":[{"embeddable":true,"href":"https:\/\/soalheiro.com\/pt-pt\/wp-json\/wp\/v2\/media\/27531"}],"wp:attachment":[{"href":"https:\/\/soalheiro.com\/pt-pt\/wp-json\/wp\/v2\/media?parent=27514"}],"wp:term":[{"taxonomy":"product_brand","embeddable":true,"href":"https:\/\/soalheiro.com\/pt-pt\/wp-json\/wp\/v2\/product_brand?post=27514"},{"taxonomy":"product_cat","embeddable":true,"href":"https:\/\/soalheiro.com\/pt-pt\/wp-json\/wp\/v2\/product_cat?post=27514"},{"taxonomy":"product_tag","embeddable":true,"href":"https:\/\/soalheiro.com\/pt-pt\/wp-json\/wp\/v2\/product_tag?post=27514"}],"curies":[{"name":"wp","href":"https:\/\/api.w.org\/{rel}","templated":true}]}}