{"id":27665,"date":"2025-12-09T11:10:56","date_gmt":"2025-12-09T11:10:56","guid":{"rendered":"https:\/\/soalheiro.com\/?post_type=product&#038;p=27665"},"modified":"2025-12-09T17:43:39","modified_gmt":"2025-12-09T17:43:39","slug":"colecao-vinhos-soalheiro","status":"publish","type":"product","link":"https:\/\/soalheiro.com\/pt-pt\/produto\/colecao-vinhos-soalheiro\/","title":{"rendered":"Cole\u00e7\u00e3o de Vinhos Soalheiro"},"content":{"rendered":"<p data-start=\"427\" data-end=\"576\">Celebre os momentos mais especiais com a <strong data-start=\"303\" data-end=\"334\">Cole\u00e7\u00e3o de Vinhos Soalheiro<\/strong>, uma sele\u00e7\u00e3o exclusiva pensada para acompanhar a sua mesa de Natal \u2013 ou qualquer ocasi\u00e3o que mere\u00e7a um toque de eleg\u00e2ncia. Este pack re\u00fane tr\u00eas vinhos de car\u00e1ter \u00fanico, incluindo o nosso tinto &#8211; Soalheiro Oppaco, um Alvarinho Reserva &#8211; soalheiro Reserva e o primeiro espumante bruto de Alvarinho da Pen\u00ednsula Ib\u00e9rica &#8211; Soalheiro Espumante Bruto Alvarinho.<\/p>\n<p data-start=\"876\" data-end=\"1008\">\n","protected":false},"excerpt":{"rendered":"<p data-start=\"607\" data-end=\"618\"><strong data-start=\"607\" data-end=\"618\">Inclui:<\/strong><\/p>\n<ul data-start=\"619\" data-end=\"931\">\n<li data-start=\"619\" data-end=\"729\">\n<p data-start=\"621\" data-end=\"729\"><strong data-start=\"621\" data-end=\"672\">1x Soalheiro Espumante Bruto Alvarinho (750 ml)<\/strong> \u2013 Frescura vibrante e bolha fina, perfeito para brindar.<\/p>\n<\/li>\n<li data-start=\"730\" data-end=\"839\">\n<p data-start=\"732\" data-end=\"839\"><strong data-start=\"732\" data-end=\"765\">1x Soalheiro Reserva (750 ml)<\/strong> \u2013 Um Alvarinho estruturado, complexo e com grande potencial gastron\u00f3mico.<\/p>\n<\/li>\n<li data-start=\"840\" data-end=\"931\">\n<p data-start=\"842\" data-end=\"931\"><strong data-start=\"842\" data-end=\"874\">1x Soalheiro Oppaco (750 ml)<\/strong> \u2013 O nosso tinto surpreendente, equilibrado e envolvente.<\/p>\n<\/li>\n<\/ul>\n<p data-start=\"933\" data-end=\"1042\">Apresentado numa caixa premium, este pack \u00e9 uma excelente escolha para oferecer ou para desfrutar em fam\u00edlia.<\/p>\n<p data-start=\"1044\" data-end=\"1076\">\n","protected":false},"featured_media":27667,"comment_status":"closed","ping_status":"closed","template":"","meta":[],"product_brand":[],"product_cat":[185],"product_tag":[408,519,520],"class_list":{"0":"post-27665","1":"product","2":"type-product","3":"status-publish","4":"has-post-thumbnail","6":"product_cat-packs","7":"product_tag-soalheiro-espumante-bruto-alvarinho-pt-pt","8":"product_tag-soalheiro-oppaco","9":"product_tag-soalheiro-reserva","11":"first","12":"instock","13":"taxable","14":"shipping-taxable","15":"purchasable","16":"product-type-simple"},"yoast_head":"<!-- This site is optimized with the Yoast SEO plugin v27.3 - https:\/\/yoast.com\/product\/yoast-seo-wordpress\/ -->\n<title>Cole\u00e7\u00e3o de Vinhos Soalheiro - Soalheiro<\/title>\n<meta name=\"description\" content=\"Cole\u00e7\u00e3o de Vinhos Soalheiro: tr\u00eas refer\u00eancias especiais \u2014 Espumante Alvarinho, Reserva e Oppaco \u2014 numa caixa premium. O presente perfeito.\" \/>\n<meta name=\"robots\" content=\"index, follow, max-snippet:-1, max-image-preview:large, max-video-preview:-1\" \/>\n<link rel=\"canonical\" href=\"https:\/\/soalheiro.com\/pt-pt\/produto\/colecao-vinhos-soalheiro\/\" \/>\n<meta property=\"og:locale\" content=\"pt_PT\" \/>\n<meta property=\"og:type\" content=\"article\" \/>\n<meta property=\"og:title\" content=\"Cole\u00e7\u00e3o de Vinhos Soalheiro - Soalheiro\" \/>\n<meta property=\"og:description\" content=\"Cole\u00e7\u00e3o de Vinhos Soalheiro: tr\u00eas refer\u00eancias especiais \u2014 Espumante Alvarinho, Reserva e Oppaco \u2014 numa caixa premium. O presente perfeito.\" \/>\n<meta property=\"og:url\" content=\"https:\/\/soalheiro.com\/pt-pt\/produto\/colecao-vinhos-soalheiro\/\" \/>\n<meta property=\"og:site_name\" content=\"Soalheiro\" \/>\n<meta property=\"article:modified_time\" content=\"2025-12-09T17:43:39+00:00\" \/>\n<meta property=\"og:image\" content=\"https:\/\/soalheiro.com\/wp-content\/uploads\/2025\/12\/Colecao-Vinhos-Soalheiro-.png\" \/>\n\t<meta property=\"og:image:width\" content=\"1\" \/>\n\t<meta property=\"og:image:height\" content=\"1\" \/>\n\t<meta property=\"og:image:type\" content=\"image\/png\" \/>\n<meta name=\"twitter:card\" content=\"summary_large_image\" \/>\n<meta name=\"twitter:label1\" content=\"Tempo estimado de leitura\" \/>\n\t<meta name=\"twitter:data1\" content=\"1 minuto\" \/>\n<script type=\"application\/ld+json\" class=\"yoast-schema-graph\">{\"@context\":\"https:\\\/\\\/schema.org\",\"@graph\":[{\"@type\":\"WebPage\",\"@id\":\"https:\\\/\\\/soalheiro.com\\\/pt-pt\\\/produto\\\/colecao-vinhos-soalheiro\\\/\",\"url\":\"https:\\\/\\\/soalheiro.com\\\/pt-pt\\\/produto\\\/colecao-vinhos-soalheiro\\\/\",\"name\":\"Cole\u00e7\u00e3o de Vinhos Soalheiro - Soalheiro\",\"isPartOf\":{\"@id\":\"https:\\\/\\\/soalheiro.com\\\/#website\"},\"primaryImageOfPage\":{\"@id\":\"https:\\\/\\\/soalheiro.com\\\/pt-pt\\\/produto\\\/colecao-vinhos-soalheiro\\\/#primaryimage\"},\"image\":{\"@id\":\"https:\\\/\\\/soalheiro.com\\\/pt-pt\\\/produto\\\/colecao-vinhos-soalheiro\\\/#primaryimage\"},\"thumbnailUrl\":\"https:\\\/\\\/soalheiro.com\\\/wp-content\\\/uploads\\\/2025\\\/12\\\/Colecao-Vinhos-Soalheiro-.png\",\"datePublished\":\"2025-12-09T11:10:56+00:00\",\"dateModified\":\"2025-12-09T17:43:39+00:00\",\"description\":\"Cole\u00e7\u00e3o de Vinhos Soalheiro: tr\u00eas refer\u00eancias especiais \u2014 Espumante Alvarinho, Reserva e Oppaco \u2014 numa caixa premium. O presente perfeito.\",\"breadcrumb\":{\"@id\":\"https:\\\/\\\/soalheiro.com\\\/pt-pt\\\/produto\\\/colecao-vinhos-soalheiro\\\/#breadcrumb\"},\"inLanguage\":\"pt-PT\",\"potentialAction\":[{\"@type\":\"ReadAction\",\"target\":[\"https:\\\/\\\/soalheiro.com\\\/pt-pt\\\/produto\\\/colecao-vinhos-soalheiro\\\/\"]}]},{\"@type\":\"ImageObject\",\"inLanguage\":\"pt-PT\",\"@id\":\"https:\\\/\\\/soalheiro.com\\\/pt-pt\\\/produto\\\/colecao-vinhos-soalheiro\\\/#primaryimage\",\"url\":\"https:\\\/\\\/soalheiro.com\\\/wp-content\\\/uploads\\\/2025\\\/12\\\/Colecao-Vinhos-Soalheiro-.png\",\"contentUrl\":\"https:\\\/\\\/soalheiro.com\\\/wp-content\\\/uploads\\\/2025\\\/12\\\/Colecao-Vinhos-Soalheiro-.png\"},{\"@type\":\"BreadcrumbList\",\"@id\":\"https:\\\/\\\/soalheiro.com\\\/pt-pt\\\/produto\\\/colecao-vinhos-soalheiro\\\/#breadcrumb\",\"itemListElement\":[{\"@type\":\"ListItem\",\"position\":1,\"name\":\"Home\",\"item\":\"https:\\\/\\\/soalheiro.com\\\/pt-pt\\\/\"},{\"@type\":\"ListItem\",\"position\":2,\"name\":\"Loja\",\"item\":\"https:\\\/\\\/soalheiro.com\\\/pt-pt\\\/loja\\\/\"},{\"@type\":\"ListItem\",\"position\":3,\"name\":\"Cole\u00e7\u00e3o de Vinhos Soalheiro\"}]},{\"@type\":\"WebSite\",\"@id\":\"https:\\\/\\\/soalheiro.com\\\/#website\",\"url\":\"https:\\\/\\\/soalheiro.com\\\/\",\"name\":\"Soalheiro\",\"description\":\"Quinta de Soalheiro, located in Melga\u00e7o (the most northern point of Portugal), is protected by a range of mountains that create conditions of rainfall, temperature and sunshine hours necessary for the best ripening of the Alvarinho grapes.\",\"potentialAction\":[{\"@type\":\"SearchAction\",\"target\":{\"@type\":\"EntryPoint\",\"urlTemplate\":\"https:\\\/\\\/soalheiro.com\\\/?s={search_term_string}\"},\"query-input\":{\"@type\":\"PropertyValueSpecification\",\"valueRequired\":true,\"valueName\":\"search_term_string\"}}],\"inLanguage\":\"pt-PT\"}]}<\/script>\n<!-- \/ Yoast SEO plugin. -->","yoast_head_json":{"title":"Cole\u00e7\u00e3o de Vinhos Soalheiro - Soalheiro","description":"Cole\u00e7\u00e3o de Vinhos Soalheiro: tr\u00eas refer\u00eancias especiais \u2014 Espumante Alvarinho, Reserva e Oppaco \u2014 numa caixa premium. O presente perfeito.","robots":{"index":"index","follow":"follow","max-snippet":"max-snippet:-1","max-image-preview":"max-image-preview:large","max-video-preview":"max-video-preview:-1"},"canonical":"https:\/\/soalheiro.com\/pt-pt\/produto\/colecao-vinhos-soalheiro\/","og_locale":"pt_PT","og_type":"article","og_title":"Cole\u00e7\u00e3o de Vinhos Soalheiro - Soalheiro","og_description":"Cole\u00e7\u00e3o de Vinhos Soalheiro: tr\u00eas refer\u00eancias especiais \u2014 Espumante Alvarinho, Reserva e Oppaco \u2014 numa caixa premium. O presente perfeito.","og_url":"https:\/\/soalheiro.com\/pt-pt\/produto\/colecao-vinhos-soalheiro\/","og_site_name":"Soalheiro","article_modified_time":"2025-12-09T17:43:39+00:00","og_image":[{"url":"https:\/\/soalheiro.com\/wp-content\/uploads\/2025\/12\/Colecao-Vinhos-Soalheiro-.png","width":1,"height":1,"type":"image\/png"}],"twitter_card":"summary_large_image","twitter_misc":{"Tempo estimado de leitura":"1 minuto"},"schema":{"@context":"https:\/\/schema.org","@graph":[{"@type":"WebPage","@id":"https:\/\/soalheiro.com\/pt-pt\/produto\/colecao-vinhos-soalheiro\/","url":"https:\/\/soalheiro.com\/pt-pt\/produto\/colecao-vinhos-soalheiro\/","name":"Cole\u00e7\u00e3o de Vinhos Soalheiro - Soalheiro","isPartOf":{"@id":"https:\/\/soalheiro.com\/#website"},"primaryImageOfPage":{"@id":"https:\/\/soalheiro.com\/pt-pt\/produto\/colecao-vinhos-soalheiro\/#primaryimage"},"image":{"@id":"https:\/\/soalheiro.com\/pt-pt\/produto\/colecao-vinhos-soalheiro\/#primaryimage"},"thumbnailUrl":"https:\/\/soalheiro.com\/wp-content\/uploads\/2025\/12\/Colecao-Vinhos-Soalheiro-.png","datePublished":"2025-12-09T11:10:56+00:00","dateModified":"2025-12-09T17:43:39+00:00","description":"Cole\u00e7\u00e3o de Vinhos Soalheiro: tr\u00eas refer\u00eancias especiais \u2014 Espumante Alvarinho, Reserva e Oppaco \u2014 numa caixa premium. O presente perfeito.","breadcrumb":{"@id":"https:\/\/soalheiro.com\/pt-pt\/produto\/colecao-vinhos-soalheiro\/#breadcrumb"},"inLanguage":"pt-PT","potentialAction":[{"@type":"ReadAction","target":["https:\/\/soalheiro.com\/pt-pt\/produto\/colecao-vinhos-soalheiro\/"]}]},{"@type":"ImageObject","inLanguage":"pt-PT","@id":"https:\/\/soalheiro.com\/pt-pt\/produto\/colecao-vinhos-soalheiro\/#primaryimage","url":"https:\/\/soalheiro.com\/wp-content\/uploads\/2025\/12\/Colecao-Vinhos-Soalheiro-.png","contentUrl":"https:\/\/soalheiro.com\/wp-content\/uploads\/2025\/12\/Colecao-Vinhos-Soalheiro-.png"},{"@type":"BreadcrumbList","@id":"https:\/\/soalheiro.com\/pt-pt\/produto\/colecao-vinhos-soalheiro\/#breadcrumb","itemListElement":[{"@type":"ListItem","position":1,"name":"Home","item":"https:\/\/soalheiro.com\/pt-pt\/"},{"@type":"ListItem","position":2,"name":"Loja","item":"https:\/\/soalheiro.com\/pt-pt\/loja\/"},{"@type":"ListItem","position":3,"name":"Cole\u00e7\u00e3o de Vinhos Soalheiro"}]},{"@type":"WebSite","@id":"https:\/\/soalheiro.com\/#website","url":"https:\/\/soalheiro.com\/","name":"Soalheiro","description":"Quinta de Soalheiro, located in Melga\u00e7o (the most northern point of Portugal), is protected by a range of mountains that create conditions of rainfall, temperature and sunshine hours necessary for the best ripening of the Alvarinho grapes.","potentialAction":[{"@type":"SearchAction","target":{"@type":"EntryPoint","urlTemplate":"https:\/\/soalheiro.com\/?s={search_term_string}"},"query-input":{"@type":"PropertyValueSpecification","valueRequired":true,"valueName":"search_term_string"}}],"inLanguage":"pt-PT"}]}},"_links":{"self":[{"href":"https:\/\/soalheiro.com\/pt-pt\/wp-json\/wp\/v2\/product\/27665","targetHints":{"allow":["GET"]}}],"collection":[{"href":"https:\/\/soalheiro.com\/pt-pt\/wp-json\/wp\/v2\/product"}],"about":[{"href":"https:\/\/soalheiro.com\/pt-pt\/wp-json\/wp\/v2\/types\/product"}],"replies":[{"embeddable":true,"href":"https:\/\/soalheiro.com\/pt-pt\/wp-json\/wp\/v2\/comments?post=27665"}],"version-history":[{"count":1,"href":"https:\/\/soalheiro.com\/pt-pt\/wp-json\/wp\/v2\/product\/27665\/revisions"}],"predecessor-version":[{"id":27678,"href":"https:\/\/soalheiro.com\/pt-pt\/wp-json\/wp\/v2\/product\/27665\/revisions\/27678"}],"wp:featuredmedia":[{"embeddable":true,"href":"https:\/\/soalheiro.com\/pt-pt\/wp-json\/wp\/v2\/media\/27667"}],"wp:attachment":[{"href":"https:\/\/soalheiro.com\/pt-pt\/wp-json\/wp\/v2\/media?parent=27665"}],"wp:term":[{"taxonomy":"product_brand","embeddable":true,"href":"https:\/\/soalheiro.com\/pt-pt\/wp-json\/wp\/v2\/product_brand?post=27665"},{"taxonomy":"product_cat","embeddable":true,"href":"https:\/\/soalheiro.com\/pt-pt\/wp-json\/wp\/v2\/product_cat?post=27665"},{"taxonomy":"product_tag","embeddable":true,"href":"https:\/\/soalheiro.com\/pt-pt\/wp-json\/wp\/v2\/product_tag?post=27665"}],"curies":[{"name":"wp","href":"https:\/\/api.w.org\/{rel}","templated":true}]}}