{"id":27684,"date":"2025-12-09T17:48:37","date_gmt":"2025-12-09T17:48:37","guid":{"rendered":"https:\/\/soalheiro.com\/?post_type=product&#038;p=27684"},"modified":"2025-12-09T18:08:14","modified_gmt":"2025-12-09T18:08:14","slug":"colecao-espumantes-soalheiro-2","status":"publish","type":"product","link":"https:\/\/soalheiro.com\/pt-pt\/produto\/colecao-espumantes-soalheiro-2\/","title":{"rendered":"Cole\u00e7\u00e3o Espumantes Soalheiro"},"content":{"rendered":"<p data-start=\"427\" data-end=\"576\">Descubra o melhor da arte dos espumantes Soalheiro com este pack exclusivo, que re\u00fane tr\u00eas express\u00f5es distintas da nossa abordagem ao m\u00e9todo tradicional. Perfeito para brindar momentos especiais, oferecer a algu\u00e9m ou explorar diferentes perfis dentro do universo dos espumantes de Melga\u00e7o.<\/p>\n<p data-start=\"876\" data-end=\"1008\">\n","protected":false},"excerpt":{"rendered":"<p data-start=\"43\" data-end=\"61\"><strong data-start=\"43\" data-end=\"61\">O pack inclui:<\/strong><\/p>\n<ul>\n<li data-start=\"63\" data-end=\"316\"><strong data-start=\"63\" data-end=\"114\">1x Soalheiro Espumante Bruto Alvarinho (750 ml)<\/strong> \u2013 Um verdadeiro cl\u00e1ssico. Produzido 100% a partir de Alvarinho, oferece frescura vibrante, bolha fina e elegantes notas c\u00edtricas. Ideal para quem aprecia espumantes de perfil mineral e grande precis\u00e3o.<\/li>\n<li data-start=\"318\" data-end=\"577\"><strong data-start=\"318\" data-end=\"366\">1x Soalheiro Espumante Bruto Nature (750 ml)<\/strong> \u2013 A express\u00e3o mais pura do nosso terroir. Sem adi\u00e7\u00e3o de sulfites e elaborado com interven\u00e7\u00e3o m\u00ednima, este espumante revela autenticidade, vivacidade e um perfil seco que real\u00e7a todas as nuances naturais da uva.<\/li>\n<li data-start=\"579\" data-end=\"814\"><strong data-start=\"579\" data-end=\"625\">1x Soalheiro Espumante Bruto Ros\u00e9 (750 ml)<\/strong> \u2013 Refrescante, delicado e envolvente. Combina fruta vermelha subtil com uma estrutura equilibrada e bolha cremosa, sendo perfeito tanto para momentos leves como para pratos mais refinados.<\/li>\n<\/ul>\n","protected":false},"featured_media":27673,"comment_status":"closed","ping_status":"closed","template":"","meta":[],"product_brand":[],"product_cat":[185],"product_tag":[408,517,514],"class_list":{"0":"post-27684","1":"product","2":"type-product","3":"status-publish","4":"has-post-thumbnail","6":"product_cat-packs","7":"product_tag-soalheiro-espumante-bruto-alvarinho-pt-pt","8":"product_tag-soalheiro-espumante-bruto-nature","9":"product_tag-soalheiro-espumante-bruto-rose","11":"first","12":"instock","13":"taxable","14":"shipping-taxable","15":"purchasable","16":"product-type-simple"},"yoast_head":"<!-- This site is optimized with the Yoast SEO plugin v27.3 - https:\/\/yoast.com\/product\/yoast-seo-wordpress\/ -->\n<title>Cole\u00e7\u00e3o Espumantes Soalheiro - Soalheiro<\/title>\n<meta name=\"description\" content=\"Pack Espumantes Soalheiro: tr\u00eas espumantes de excel\u00eancia \u2014 Bruto Alvarinho, Bruto Ros\u00e9 e Nature Pur Terroir. Frescura, eleg\u00e2ncia e o melhor do terroir de Mon\u00e7\u00e3o e Melga\u00e7o numa sele\u00e7\u00e3o exclusiva.\" \/>\n<meta name=\"robots\" content=\"index, follow, max-snippet:-1, max-image-preview:large, max-video-preview:-1\" \/>\n<link rel=\"canonical\" href=\"https:\/\/soalheiro.com\/pt-pt\/produto\/colecao-espumantes-soalheiro-2\/\" \/>\n<meta property=\"og:locale\" content=\"pt_PT\" \/>\n<meta property=\"og:type\" content=\"article\" \/>\n<meta property=\"og:title\" content=\"Cole\u00e7\u00e3o Espumantes Soalheiro - Soalheiro\" \/>\n<meta property=\"og:description\" content=\"Pack Espumantes Soalheiro: tr\u00eas espumantes de excel\u00eancia \u2014 Bruto Alvarinho, Bruto Ros\u00e9 e Nature Pur Terroir. Frescura, eleg\u00e2ncia e o melhor do terroir de Mon\u00e7\u00e3o e Melga\u00e7o numa sele\u00e7\u00e3o exclusiva.\" \/>\n<meta property=\"og:url\" content=\"https:\/\/soalheiro.com\/pt-pt\/produto\/colecao-espumantes-soalheiro-2\/\" \/>\n<meta property=\"og:site_name\" content=\"Soalheiro\" \/>\n<meta property=\"article:modified_time\" content=\"2025-12-09T18:08:14+00:00\" \/>\n<meta property=\"og:image\" content=\"https:\/\/soalheiro.com\/wp-content\/uploads\/2025\/12\/Pack-Espumantes-.png\" \/>\n\t<meta property=\"og:image:width\" content=\"1\" \/>\n\t<meta property=\"og:image:height\" content=\"1\" \/>\n\t<meta property=\"og:image:type\" content=\"image\/png\" \/>\n<meta name=\"twitter:card\" content=\"summary_large_image\" \/>\n<meta name=\"twitter:label1\" content=\"Tempo estimado de leitura\" \/>\n\t<meta name=\"twitter:data1\" content=\"1 minuto\" \/>\n<script type=\"application\/ld+json\" class=\"yoast-schema-graph\">{\"@context\":\"https:\\\/\\\/schema.org\",\"@graph\":[{\"@type\":\"WebPage\",\"@id\":\"https:\\\/\\\/soalheiro.com\\\/pt-pt\\\/produto\\\/colecao-espumantes-soalheiro-2\\\/\",\"url\":\"https:\\\/\\\/soalheiro.com\\\/pt-pt\\\/produto\\\/colecao-espumantes-soalheiro-2\\\/\",\"name\":\"Cole\u00e7\u00e3o Espumantes Soalheiro - Soalheiro\",\"isPartOf\":{\"@id\":\"https:\\\/\\\/soalheiro.com\\\/#website\"},\"primaryImageOfPage\":{\"@id\":\"https:\\\/\\\/soalheiro.com\\\/pt-pt\\\/produto\\\/colecao-espumantes-soalheiro-2\\\/#primaryimage\"},\"image\":{\"@id\":\"https:\\\/\\\/soalheiro.com\\\/pt-pt\\\/produto\\\/colecao-espumantes-soalheiro-2\\\/#primaryimage\"},\"thumbnailUrl\":\"https:\\\/\\\/soalheiro.com\\\/wp-content\\\/uploads\\\/2025\\\/12\\\/Pack-Espumantes-.png\",\"datePublished\":\"2025-12-09T17:48:37+00:00\",\"dateModified\":\"2025-12-09T18:08:14+00:00\",\"description\":\"Pack Espumantes Soalheiro: tr\u00eas espumantes de excel\u00eancia \u2014 Bruto Alvarinho, Bruto Ros\u00e9 e Nature Pur Terroir. Frescura, eleg\u00e2ncia e o melhor do terroir de Mon\u00e7\u00e3o e Melga\u00e7o numa sele\u00e7\u00e3o exclusiva.\",\"breadcrumb\":{\"@id\":\"https:\\\/\\\/soalheiro.com\\\/pt-pt\\\/produto\\\/colecao-espumantes-soalheiro-2\\\/#breadcrumb\"},\"inLanguage\":\"pt-PT\",\"potentialAction\":[{\"@type\":\"ReadAction\",\"target\":[\"https:\\\/\\\/soalheiro.com\\\/pt-pt\\\/produto\\\/colecao-espumantes-soalheiro-2\\\/\"]}]},{\"@type\":\"ImageObject\",\"inLanguage\":\"pt-PT\",\"@id\":\"https:\\\/\\\/soalheiro.com\\\/pt-pt\\\/produto\\\/colecao-espumantes-soalheiro-2\\\/#primaryimage\",\"url\":\"https:\\\/\\\/soalheiro.com\\\/wp-content\\\/uploads\\\/2025\\\/12\\\/Pack-Espumantes-.png\",\"contentUrl\":\"https:\\\/\\\/soalheiro.com\\\/wp-content\\\/uploads\\\/2025\\\/12\\\/Pack-Espumantes-.png\"},{\"@type\":\"BreadcrumbList\",\"@id\":\"https:\\\/\\\/soalheiro.com\\\/pt-pt\\\/produto\\\/colecao-espumantes-soalheiro-2\\\/#breadcrumb\",\"itemListElement\":[{\"@type\":\"ListItem\",\"position\":1,\"name\":\"Home\",\"item\":\"https:\\\/\\\/soalheiro.com\\\/pt-pt\\\/\"},{\"@type\":\"ListItem\",\"position\":2,\"name\":\"Loja\",\"item\":\"https:\\\/\\\/soalheiro.com\\\/pt-pt\\\/loja\\\/\"},{\"@type\":\"ListItem\",\"position\":3,\"name\":\"Cole\u00e7\u00e3o Espumantes Soalheiro\"}]},{\"@type\":\"WebSite\",\"@id\":\"https:\\\/\\\/soalheiro.com\\\/#website\",\"url\":\"https:\\\/\\\/soalheiro.com\\\/\",\"name\":\"Soalheiro\",\"description\":\"Quinta de Soalheiro, located in Melga\u00e7o (the most northern point of Portugal), is protected by a range of mountains that create conditions of rainfall, temperature and sunshine hours necessary for the best ripening of the Alvarinho grapes.\",\"potentialAction\":[{\"@type\":\"SearchAction\",\"target\":{\"@type\":\"EntryPoint\",\"urlTemplate\":\"https:\\\/\\\/soalheiro.com\\\/?s={search_term_string}\"},\"query-input\":{\"@type\":\"PropertyValueSpecification\",\"valueRequired\":true,\"valueName\":\"search_term_string\"}}],\"inLanguage\":\"pt-PT\"}]}<\/script>\n<!-- \/ Yoast SEO plugin. -->","yoast_head_json":{"title":"Cole\u00e7\u00e3o Espumantes Soalheiro - Soalheiro","description":"Pack Espumantes Soalheiro: tr\u00eas espumantes de excel\u00eancia \u2014 Bruto Alvarinho, Bruto Ros\u00e9 e Nature Pur Terroir. Frescura, eleg\u00e2ncia e o melhor do terroir de Mon\u00e7\u00e3o e Melga\u00e7o numa sele\u00e7\u00e3o exclusiva.","robots":{"index":"index","follow":"follow","max-snippet":"max-snippet:-1","max-image-preview":"max-image-preview:large","max-video-preview":"max-video-preview:-1"},"canonical":"https:\/\/soalheiro.com\/pt-pt\/produto\/colecao-espumantes-soalheiro-2\/","og_locale":"pt_PT","og_type":"article","og_title":"Cole\u00e7\u00e3o Espumantes Soalheiro - Soalheiro","og_description":"Pack Espumantes Soalheiro: tr\u00eas espumantes de excel\u00eancia \u2014 Bruto Alvarinho, Bruto Ros\u00e9 e Nature Pur Terroir. Frescura, eleg\u00e2ncia e o melhor do terroir de Mon\u00e7\u00e3o e Melga\u00e7o numa sele\u00e7\u00e3o exclusiva.","og_url":"https:\/\/soalheiro.com\/pt-pt\/produto\/colecao-espumantes-soalheiro-2\/","og_site_name":"Soalheiro","article_modified_time":"2025-12-09T18:08:14+00:00","og_image":[{"url":"https:\/\/soalheiro.com\/wp-content\/uploads\/2025\/12\/Pack-Espumantes-.png","width":1,"height":1,"type":"image\/png"}],"twitter_card":"summary_large_image","twitter_misc":{"Tempo estimado de leitura":"1 minuto"},"schema":{"@context":"https:\/\/schema.org","@graph":[{"@type":"WebPage","@id":"https:\/\/soalheiro.com\/pt-pt\/produto\/colecao-espumantes-soalheiro-2\/","url":"https:\/\/soalheiro.com\/pt-pt\/produto\/colecao-espumantes-soalheiro-2\/","name":"Cole\u00e7\u00e3o Espumantes Soalheiro - Soalheiro","isPartOf":{"@id":"https:\/\/soalheiro.com\/#website"},"primaryImageOfPage":{"@id":"https:\/\/soalheiro.com\/pt-pt\/produto\/colecao-espumantes-soalheiro-2\/#primaryimage"},"image":{"@id":"https:\/\/soalheiro.com\/pt-pt\/produto\/colecao-espumantes-soalheiro-2\/#primaryimage"},"thumbnailUrl":"https:\/\/soalheiro.com\/wp-content\/uploads\/2025\/12\/Pack-Espumantes-.png","datePublished":"2025-12-09T17:48:37+00:00","dateModified":"2025-12-09T18:08:14+00:00","description":"Pack Espumantes Soalheiro: tr\u00eas espumantes de excel\u00eancia \u2014 Bruto Alvarinho, Bruto Ros\u00e9 e Nature Pur Terroir. Frescura, eleg\u00e2ncia e o melhor do terroir de Mon\u00e7\u00e3o e Melga\u00e7o numa sele\u00e7\u00e3o exclusiva.","breadcrumb":{"@id":"https:\/\/soalheiro.com\/pt-pt\/produto\/colecao-espumantes-soalheiro-2\/#breadcrumb"},"inLanguage":"pt-PT","potentialAction":[{"@type":"ReadAction","target":["https:\/\/soalheiro.com\/pt-pt\/produto\/colecao-espumantes-soalheiro-2\/"]}]},{"@type":"ImageObject","inLanguage":"pt-PT","@id":"https:\/\/soalheiro.com\/pt-pt\/produto\/colecao-espumantes-soalheiro-2\/#primaryimage","url":"https:\/\/soalheiro.com\/wp-content\/uploads\/2025\/12\/Pack-Espumantes-.png","contentUrl":"https:\/\/soalheiro.com\/wp-content\/uploads\/2025\/12\/Pack-Espumantes-.png"},{"@type":"BreadcrumbList","@id":"https:\/\/soalheiro.com\/pt-pt\/produto\/colecao-espumantes-soalheiro-2\/#breadcrumb","itemListElement":[{"@type":"ListItem","position":1,"name":"Home","item":"https:\/\/soalheiro.com\/pt-pt\/"},{"@type":"ListItem","position":2,"name":"Loja","item":"https:\/\/soalheiro.com\/pt-pt\/loja\/"},{"@type":"ListItem","position":3,"name":"Cole\u00e7\u00e3o Espumantes Soalheiro"}]},{"@type":"WebSite","@id":"https:\/\/soalheiro.com\/#website","url":"https:\/\/soalheiro.com\/","name":"Soalheiro","description":"Quinta de Soalheiro, located in Melga\u00e7o (the most northern point of Portugal), is protected by a range of mountains that create conditions of rainfall, temperature and sunshine hours necessary for the best ripening of the Alvarinho grapes.","potentialAction":[{"@type":"SearchAction","target":{"@type":"EntryPoint","urlTemplate":"https:\/\/soalheiro.com\/?s={search_term_string}"},"query-input":{"@type":"PropertyValueSpecification","valueRequired":true,"valueName":"search_term_string"}}],"inLanguage":"pt-PT"}]}},"_links":{"self":[{"href":"https:\/\/soalheiro.com\/pt-pt\/wp-json\/wp\/v2\/product\/27684","targetHints":{"allow":["GET"]}}],"collection":[{"href":"https:\/\/soalheiro.com\/pt-pt\/wp-json\/wp\/v2\/product"}],"about":[{"href":"https:\/\/soalheiro.com\/pt-pt\/wp-json\/wp\/v2\/types\/product"}],"replies":[{"embeddable":true,"href":"https:\/\/soalheiro.com\/pt-pt\/wp-json\/wp\/v2\/comments?post=27684"}],"version-history":[{"count":2,"href":"https:\/\/soalheiro.com\/pt-pt\/wp-json\/wp\/v2\/product\/27684\/revisions"}],"predecessor-version":[{"id":27689,"href":"https:\/\/soalheiro.com\/pt-pt\/wp-json\/wp\/v2\/product\/27684\/revisions\/27689"}],"wp:featuredmedia":[{"embeddable":true,"href":"https:\/\/soalheiro.com\/pt-pt\/wp-json\/wp\/v2\/media\/27673"}],"wp:attachment":[{"href":"https:\/\/soalheiro.com\/pt-pt\/wp-json\/wp\/v2\/media?parent=27684"}],"wp:term":[{"taxonomy":"product_brand","embeddable":true,"href":"https:\/\/soalheiro.com\/pt-pt\/wp-json\/wp\/v2\/product_brand?post=27684"},{"taxonomy":"product_cat","embeddable":true,"href":"https:\/\/soalheiro.com\/pt-pt\/wp-json\/wp\/v2\/product_cat?post=27684"},{"taxonomy":"product_tag","embeddable":true,"href":"https:\/\/soalheiro.com\/pt-pt\/wp-json\/wp\/v2\/product_tag?post=27684"}],"curies":[{"name":"wp","href":"https:\/\/api.w.org\/{rel}","templated":true}]}}